{"id":101060,"date":"2020-06-06T05:23:26","date_gmt":"2020-06-06T03:23:26","guid":{"rendered":"https:\/\/motoqube.com\/ueber-uns\/"},"modified":"2025-06-20T18:16:52","modified_gmt":"2025-06-20T16:16:52","slug":"ueber-uns","status":"publish","type":"page","link":"https:\/\/motoqube.com\/de\/ueber-uns\/","title":{"rendered":"\u00dcber uns"},"content":{"rendered":"<p>[et_pb_section fb_built=&#8221;1&#8243; next_background_color=&#8221;#f7f9fe&#8221; admin_label=&#8221;Hero Section&#8221; _builder_version=&#8221;4.16&#8243; background_enable_color=&#8221;off&#8221; background_image=&#8221;https:\/\/motoqube.com\/wp-content\/uploads\/2025\/05\/Molti-Background.png&#8221; background_size=&#8221;initial&#8221; background_position=&#8221;bottom_left&#8221; custom_padding=&#8221;||80px||false|false&#8221; bottom_divider_style=&#8221;asymmetric2&#8243; bottom_divider_height_tablet=&#8221;40px&#8221; bottom_divider_height_phone=&#8221;25px&#8221; bottom_divider_height_last_edited=&#8221;on|tablet&#8221; locked=&#8221;off&#8221; global_colors_info=&#8221;{}&#8221;][et_pb_row column_structure=&#8221;1_2,1_2&#8243; make_equal=&#8221;on&#8221; module_class=&#8221;inline-buttons-row&#8221; _builder_version=&#8221;4.16&#8243; width=&#8221;90%&#8221; max_width=&#8221;90%&#8221; custom_css_main_element=&#8221;display:flex;||flex-wrap:wrap;&#8221; global_colors_info=&#8221;{}&#8221;][et_pb_column type=&#8221;1_2&#8243; _builder_version=&#8221;4.16&#8243; global_colors_info=&#8221;{}&#8221; custom_css_main_element_last_edited=&#8221;on|tablet&#8221; custom_css_main_element_tablet=&#8221;order:2;&#8221; custom_css_main_element_phone=&#8221;order:2;&#8221;][et_pb_text _builder_version=&#8221;4.27.4&#8243; header_font=&#8221;|800|||||||&#8221; header_font_size=&#8221;40px&#8221; header_line_height=&#8221;1.4em&#8221; header_5_font=&#8221;|700||on|||||&#8221; header_5_text_color=&#8221;#2558AB&#8221; header_5_font_size=&#8221;14px&#8221; width=&#8221;90%&#8221; custom_margin_tablet=&#8221;30px||||false|false&#8221; custom_margin_phone=&#8221;&#8221; custom_margin_last_edited=&#8221;on|tablet&#8221; header_font_size_tablet=&#8221;25px&#8221; header_font_size_phone=&#8221;&#8221; header_font_size_last_edited=&#8221;on|phone&#8221; global_colors_info=&#8221;{}&#8221;]<\/p>\n<h5 style=\"text-align: left;\">Wer wir sind?<\/h5>\n<h1 class=\"hero-1-title mb-4 font-weight-normal line-height-1_4\"><span style=\"color: #ff6600;\">\u00dcber Motoqube<\/span> \u2013 Regenerierte Fahrzeugl\u00f6sungen f\u00fcr Profis<\/h1>\n<div class=\"col-lg-6\">\n<div class=\"hero-title pr-lg-5\">\n<p class=\"text-muted mb-4 pb-2\">Jedes Teil hat seine Geschichte \u2013 und auch wir.<br data-start=\"238\" data-end=\"241\">Erfahren Sie, wie Motoqube zu einem zuverl\u00e4ssigen Anbieter von professionell regenerierten Autoteilen f\u00fcr Werkst\u00e4tten und Kfz-Experten in ganz Europa geworden ist. Scrollen Sie nach unten und entdecken Sie unsere Geschichte.<\/p>\n<\/div>\n<\/div>\n<p>[\/et_pb_text][et_pb_button button_url=&#8221;#\u00dcber uns&#8221; button_text=&#8221;Lesen Sie unsere Geschichte&#8221; _builder_version=&#8221;4.27.4&#8243; _module_preset=&#8221;1d9393ff-2d90-4c18-bac4-cc53f3441be0&#8243; global_colors_info=&#8221;{}&#8221; button_bg_color_gradient_start_position__hover=&#8221;0%&#8221; button_bg_color_gradient_stops__hover=&#8221;#2b87da 0%|#29c4a9 100%&#8221;][\/et_pb_button][\/et_pb_column][et_pb_column type=&#8221;1_2&#8243; _builder_version=&#8221;4.16&#8243; global_colors_info=&#8221;{}&#8221; custom_css_main_element_tablet=&#8221;order:1;&#8221; custom_css_main_element_last_edited=&#8221;on|tablet&#8221; custom_css_main_element_phone=&#8221;order:1;&#8221;][et_pb_image src=&#8221;https:\/\/motoqube.com\/wp-content\/uploads\/2025\/06\/about-us-Photoroom.jpg&#8221; title_text=&#8221;about us-Photoroom&#8221; _builder_version=&#8221;4.27.4&#8243; hover_enabled=&#8221;0&#8243; global_colors_info=&#8221;{}&#8221; disabled_on=&#8221;on|on|off&#8221; sticky_enabled=&#8221;0&#8243;][\/et_pb_image][\/et_pb_column][\/et_pb_row][\/et_pb_section][et_pb_section fb_built=&#8221;1&#8243; admin_label=&#8221;Abour Us Section&#8221; _builder_version=&#8221;4.27.4&#8243; background_color=&#8221;#f7f9fe&#8221; locked=&#8221;off&#8221; global_colors_info=&#8221;{}&#8221;][et_pb_row _builder_version=&#8221;4.16&#8243; locked=&#8221;off&#8221; global_colors_info=&#8221;{}&#8221;][et_pb_column type=&#8221;4_4&#8243; _builder_version=&#8221;4.16&#8243; global_colors_info=&#8221;{}&#8221;][et_pb_text _builder_version=&#8221;4.27.4&#8243; header_font=&#8221;|700|||||||&#8221; header_font_size=&#8221;45px&#8221; header_2_font=&#8221;|700|||||||&#8221; header_2_font_size=&#8221;40px&#8221; width=&#8221;50%&#8221; width_tablet=&#8221;100%&#8221; width_phone=&#8221;&#8221; width_last_edited=&#8221;on|tablet&#8221; module_alignment=&#8221;center&#8221; header_font_size_tablet=&#8221;&#8221; header_font_size_phone=&#8221;30px&#8221; header_font_size_last_edited=&#8221;on|phone&#8221; global_colors_info=&#8221;{}&#8221;]<\/p>\n<h2 style=\"text-align: center;\">\u00dcber <span style=\"color: #ff8057;\">uns<\/span><\/h2>\n<div class=\"row justify-content-center\">\n<div class=\"col-lg-6 col-md-8\">\n<div class=\"title text-center mb-5\">\n<p data-start=\"157\" data-end=\"287\" style=\"text-align: center;\">Zuverl\u00e4ssige, umweltfreundliche Fahrzeugl\u00f6sungen, die auf Ihre Bed\u00fcrfnisse zugeschnitten sind \u2013 Qualit\u00e4t und Vertrauen, auf die Sie z\u00e4hlen k\u00f6nnen.<\/p>\n<\/div>\n<\/div>\n<\/div>\n<div class=\"row\">\n<div class=\"col-lg-4 col-md-6\">\n<div class=\"service-box service-warning\">\n<div class=\"mb-5\"><\/div>\n<\/div>\n<\/div>\n<\/div>\n<p>[\/et_pb_text][\/et_pb_column][\/et_pb_row][et_pb_row column_structure=&#8221;1_3,1_3,1_3&#8243; _builder_version=&#8221;4.27.4&#8243; width=&#8221;90%&#8221; max_width=&#8221;90%&#8221; custom_padding=&#8221;|||3px||&#8221; custom_css_main_element=&#8221;display:flex;||flex-wrap:wrap;&#8221; global_colors_info=&#8221;{}&#8221;][et_pb_column type=&#8221;1_3&#8243; _builder_version=&#8221;4.16&#8243; border_width_right=&#8221;2px&#8221; border_color_right=&#8221;#eee&#8221; global_colors_info=&#8221;{}&#8221; custom_css_main_element_last_edited=&#8221;on|tablet&#8221; custom_css_main_element_tablet=&#8221;order:3;&#8221; custom_css_main_element_phone=&#8221;order:3;&#8221;][et_pb_text _builder_version=&#8221;4.27.4&#8243; header_font=&#8221;|700|||||||&#8221; header_font_size=&#8221;25px&#8221; header_line_height=&#8221;1.4em&#8221; header_2_font_size=&#8221;30px&#8221; custom_margin=&#8221;||21px|||&#8221; custom_margin_tablet=&#8221;30px||||false|false&#8221; custom_margin_phone=&#8221;&#8221; custom_margin_last_edited=&#8221;on|tablet&#8221; custom_padding=&#8221;|15px|||false|false&#8221; global_colors_info=&#8221;{}&#8221;]<\/p>\n<h2 class=\"font-weight-light line-height-1_6 text-dark mb-4\">Wir sind leidenschaftlich darin, umweltfreundlich und professionell \u00fcberholte Fahrzeugkomponenten bereitzustellen \u2013 genau dann, wenn Sie sie brauchen.<\/h2>\n<p>Unser Fokus liegt auf elektrischen Servolenkungspumpen, Stabilisatorstangen, ABC-Fahrwerkssystemen und weiteren Komponenten \u2013<a href=\"http:\/\/www.motoqube.com\/shop\"> Produkte<\/a> &#8211; sorgf\u00e4ltig \u00fcberholt, getestet und mit Vertrauen geliefert. \u2192 <a href=\"http:\/\/www.motoqube.com\/services\">Zur Service-Seite<\/a><\/p>\n<p><strong data-start=\"641\" data-end=\"659\">Warum Motoqube?<\/strong><\/p>\n<p data-start=\"630\" data-end=\"812\">Weil wir mehr als nur Teile liefern \u2013 wir bieten Sicherheit.<br \/>Jede Pumpe, Steuerungseinheit oder jedes Ventil wird von erfahrenen Technikern behandelt und vor dem Versand gr\u00fcndlich getestet.<br \/>Als verl\u00e4sslicher Anbieter wiederaufbereiteter Fahrzeugsysteme arbeiten wir transparent, flexibel und effizient \u2013 ob Sie eine Werkstatt betreiben, Teile weiterverkaufen oder Ihr eigenes Fahrzeug instand halten.<br \/>Mit einem gro\u00dfen Lagerbestand an versandfertigen Teilen halten wir Ihr Gesch\u00e4ft am Laufen \u2013 ohne Verz\u00f6gerungen, R\u00e4tselraten oder Kompromisse.   <\/p>\n<p>[\/et_pb_text][\/et_pb_column][et_pb_column type=&#8221;1_3&#8243; _builder_version=&#8221;4.16&#8243; global_colors_info=&#8221;{}&#8221; custom_css_main_element_last_edited=&#8221;on|tablet&#8221; custom_css_main_element_tablet=&#8221;order:1;&#8221; custom_css_main_element_phone=&#8221;order:1;&#8221;][et_pb_blurb title=&#8221;Unsere Mission&#8221; use_icon=&#8221;on&#8221; font_icon=&#8221;&#xf06c;||fa||900&#8243; icon_color=&#8221;#7CDA24&#8243; image_icon_width=&#8221;200%&#8221; icon_alignment=&#8221;left&#8221; content_max_width_tablet=&#8221;1100px&#8221; content_max_width_phone=&#8221;&#8221; content_max_width_last_edited=&#8221;on|tablet&#8221; module_id=&#8221;about&#8221; _builder_version=&#8221;4.27.4&#8243; header_font=&#8221;|700||on|||||&#8221; header_font_size=&#8221;19px&#8221; animation=&#8221;off&#8221; image_max_width=&#8221;20%&#8221; global_colors_info=&#8221;{}&#8221;]<\/p>\n<p>Unsere Mission ist es, hochwertig regenerierte Fahrzeugteile und fachkundige Services bereitzustellen, die Zuverl\u00e4ssigkeit, Nachhaltigkeit und Kosten\u00adeffizienz vereinen.<br data-start=\"1332\" data-end=\"1335\">Wir helfen Ihnen, langfristigen Mehrwert zu erzielen \u2013 ohne Kompromisse bei Sicherheit oder Leistung. <\/p>\n<p>[\/et_pb_blurb][\/et_pb_column][et_pb_column type=&#8221;1_3&#8243; _builder_version=&#8221;4.16&#8243; global_colors_info=&#8221;{}&#8221; custom_css_main_element_last_edited=&#8221;on|tablet&#8221; custom_css_main_element_tablet=&#8221;order:2;&#8221; custom_css_main_element_phone=&#8221;order:2;&#8221;][et_pb_blurb title=&#8221;Unsere Vision&#8221; use_icon=&#8221;on&#8221; font_icon=&#8221;&#xf1b9;||fa||900&#8243; icon_color=&#8221;#7CDA24&#8243; image_icon_width=&#8221;200%&#8221; icon_alignment=&#8221;left&#8221; content_max_width_tablet=&#8221;1100px&#8221; content_max_width_phone=&#8221;&#8221; content_max_width_last_edited=&#8221;on|tablet&#8221; _builder_version=&#8221;4.27.4&#8243; header_font=&#8221;|700||on|||||&#8221; header_font_size=&#8221;19px&#8221; animation=&#8221;off&#8221; image_max_width=&#8221;20%&#8221; locked=&#8221;off&#8221; global_colors_info=&#8221;{}&#8221;]<\/p>\n<p>Wir sehen eine Zukunft, in der nachhaltige Fahrzeugl\u00f6sungen die erste Wahl sind \u2013 und nicht nur eine Notl\u00f6sung.<br data-start=\"1541\" data-end=\"1544\">Durch Regeneration statt Austausch f\u00f6rdern wir eine intelligentere und umweltfreundlichere Fahrzeugwartung, der Werkst\u00e4tten und Fachleute in ganz Europa vertrauen.<\/p>\n<p>[\/et_pb_blurb][\/et_pb_column][\/et_pb_row][\/et_pb_section]<\/p>\n","protected":false},"excerpt":{"rendered":"<p>Wer wir sind? \u00dcber Motoqube \u2013 Regenerierte Fahrzeugl\u00f6sungen f\u00fcr Profis Jedes Teil hat seine Geschichte \u2013 und auch wir.Erfahren Sie, wie Motoqube zu einem zuverl\u00e4ssigen Anbieter von professionell regenerierten Autoteilen f\u00fcr Werkst\u00e4tten und Kfz-Experten in ganz Europa geworden ist. Scrollen Sie nach unten und entdecken Sie unsere Geschichte. \u00dcber uns Zuverl\u00e4ssige, umweltfreundliche Fahrzeugl\u00f6sungen, die auf [&hellip;]<\/p>\n","protected":false},"author":1,"featured_media":0,"parent":0,"menu_order":0,"comment_status":"closed","ping_status":"closed","template":"","meta":{"_et_pb_use_builder":"on","_et_pb_old_content":"","_et_gb_content_width":"","footnotes":""},"class_list":["post-101060","page","type-page","status-publish","hentry"],"yoast_head":"<!-- This site is optimized with the Yoast SEO plugin v25.3 - https:\/\/yoast.com\/wordpress\/plugins\/seo\/ -->\n<title>Regenerierte Autoteile f\u00fcr Werkst\u00e4tten und H\u00e4ndler | Motoqube<\/title>\n<meta name=\"description\" content=\"Regenerierte Fahrzeugteile f\u00fcr Werkst\u00e4tten und H\u00e4ndler in Europa \u2013 nachhaltige Qualit\u00e4t, Lagerware, schneller B2B\u2011Service.\" \/>\n<meta name=\"robots\" content=\"index, follow, max-snippet:-1, max-image-preview:large, max-video-preview:-1\" \/>\n<link rel=\"canonical\" href=\"https:\/\/motoqube.com\/de\/ueber-uns\/\" \/>\n<meta property=\"og:locale\" content=\"de_DE\" \/>\n<meta property=\"og:type\" content=\"article\" \/>\n<meta property=\"og:title\" content=\"Regenerierte Autoteile f\u00fcr Werkst\u00e4tten und H\u00e4ndler | Motoqube\" \/>\n<meta property=\"og:description\" content=\"Regenerierte Fahrzeugteile f\u00fcr Werkst\u00e4tten und H\u00e4ndler in Europa \u2013 nachhaltige Qualit\u00e4t, Lagerware, schneller B2B\u2011Service.\" \/>\n<meta property=\"og:url\" content=\"https:\/\/motoqube.com\/de\/ueber-uns\/\" \/>\n<meta property=\"og:site_name\" content=\"Reconditioned Auto parts Worldwide - Motoqube\" \/>\n<meta property=\"article:modified_time\" content=\"2025-06-20T16:16:52+00:00\" \/>\n<meta name=\"twitter:card\" content=\"summary_large_image\" \/>\n<meta name=\"twitter:label1\" content=\"Gesch\u00e4tzte Lesezeit\" \/>\n\t<meta name=\"twitter:data1\" content=\"5\u00a0Minuten\" \/>\n<script type=\"application\/ld+json\" class=\"yoast-schema-graph\">{\"@context\":\"https:\/\/schema.org\",\"@graph\":[{\"@type\":\"WebPage\",\"@id\":\"https:\/\/motoqube.com\/de\/ueber-uns\/\",\"url\":\"https:\/\/motoqube.com\/de\/ueber-uns\/\",\"name\":\"Regenerierte Autoteile f\u00fcr Werkst\u00e4tten und H\u00e4ndler | Motoqube\",\"isPartOf\":{\"@id\":\"https:\/\/motoqube.com\/de\/#website\"},\"datePublished\":\"2020-06-06T03:23:26+00:00\",\"dateModified\":\"2025-06-20T16:16:52+00:00\",\"description\":\"Regenerierte Fahrzeugteile f\u00fcr Werkst\u00e4tten und H\u00e4ndler in Europa \u2013 nachhaltige Qualit\u00e4t, Lagerware, schneller B2B\u2011Service.\",\"breadcrumb\":{\"@id\":\"https:\/\/motoqube.com\/de\/ueber-uns\/#breadcrumb\"},\"inLanguage\":\"de\",\"potentialAction\":[{\"@type\":\"ReadAction\",\"target\":[\"https:\/\/motoqube.com\/de\/ueber-uns\/\"]}]},{\"@type\":\"BreadcrumbList\",\"@id\":\"https:\/\/motoqube.com\/de\/ueber-uns\/#breadcrumb\",\"itemListElement\":[{\"@type\":\"ListItem\",\"position\":1,\"name\":\"Home\",\"item\":\"https:\/\/motoqube.com\/de\/home\/\"},{\"@type\":\"ListItem\",\"position\":2,\"name\":\"\u00dcber uns\"}]},{\"@type\":\"WebSite\",\"@id\":\"https:\/\/motoqube.com\/de\/#website\",\"url\":\"https:\/\/motoqube.com\/de\/\",\"name\":\"Reconditioned Auto parts Worldwide - Motoqube\",\"description\":\"Connecting Automotive Businesses Across the Globe.\",\"publisher\":{\"@id\":\"https:\/\/motoqube.com\/de\/#organization\"},\"potentialAction\":[{\"@type\":\"SearchAction\",\"target\":{\"@type\":\"EntryPoint\",\"urlTemplate\":\"https:\/\/motoqube.com\/de\/?s={search_term_string}\"},\"query-input\":{\"@type\":\"PropertyValueSpecification\",\"valueRequired\":true,\"valueName\":\"search_term_string\"}}],\"inLanguage\":\"de\"},{\"@type\":\"Organization\",\"@id\":\"https:\/\/motoqube.com\/de\/#organization\",\"name\":\"Reconditioned Auto parts Worldwide - Motoqube\",\"url\":\"https:\/\/motoqube.com\/de\/\",\"logo\":{\"@type\":\"ImageObject\",\"inLanguage\":\"de\",\"@id\":\"https:\/\/motoqube.com\/de\/#\/schema\/logo\/image\/\",\"url\":\"https:\/\/motoqube.com\/wp-content\/uploads\/2025\/06\/MOTOQUBE-5-1.png\",\"contentUrl\":\"https:\/\/motoqube.com\/wp-content\/uploads\/2025\/06\/MOTOQUBE-5-1.png\",\"width\":500,\"height\":500,\"caption\":\"Reconditioned Auto parts Worldwide - Motoqube\"},\"image\":{\"@id\":\"https:\/\/motoqube.com\/de\/#\/schema\/logo\/image\/\"}}]}<\/script>\n<!-- \/ Yoast SEO plugin. -->","yoast_head_json":{"title":"Regenerierte Autoteile f\u00fcr Werkst\u00e4tten und H\u00e4ndler | Motoqube","description":"Regenerierte Fahrzeugteile f\u00fcr Werkst\u00e4tten und H\u00e4ndler in Europa \u2013 nachhaltige Qualit\u00e4t, Lagerware, schneller B2B\u2011Service.","robots":{"index":"index","follow":"follow","max-snippet":"max-snippet:-1","max-image-preview":"max-image-preview:large","max-video-preview":"max-video-preview:-1"},"canonical":"https:\/\/motoqube.com\/de\/ueber-uns\/","og_locale":"de_DE","og_type":"article","og_title":"Regenerierte Autoteile f\u00fcr Werkst\u00e4tten und H\u00e4ndler | Motoqube","og_description":"Regenerierte Fahrzeugteile f\u00fcr Werkst\u00e4tten und H\u00e4ndler in Europa \u2013 nachhaltige Qualit\u00e4t, Lagerware, schneller B2B\u2011Service.","og_url":"https:\/\/motoqube.com\/de\/ueber-uns\/","og_site_name":"Reconditioned Auto parts Worldwide - Motoqube","article_modified_time":"2025-06-20T16:16:52+00:00","twitter_card":"summary_large_image","twitter_misc":{"Gesch\u00e4tzte Lesezeit":"5\u00a0Minuten"},"schema":{"@context":"https:\/\/schema.org","@graph":[{"@type":"WebPage","@id":"https:\/\/motoqube.com\/de\/ueber-uns\/","url":"https:\/\/motoqube.com\/de\/ueber-uns\/","name":"Regenerierte Autoteile f\u00fcr Werkst\u00e4tten und H\u00e4ndler | Motoqube","isPartOf":{"@id":"https:\/\/motoqube.com\/de\/#website"},"datePublished":"2020-06-06T03:23:26+00:00","dateModified":"2025-06-20T16:16:52+00:00","description":"Regenerierte Fahrzeugteile f\u00fcr Werkst\u00e4tten und H\u00e4ndler in Europa \u2013 nachhaltige Qualit\u00e4t, Lagerware, schneller B2B\u2011Service.","breadcrumb":{"@id":"https:\/\/motoqube.com\/de\/ueber-uns\/#breadcrumb"},"inLanguage":"de","potentialAction":[{"@type":"ReadAction","target":["https:\/\/motoqube.com\/de\/ueber-uns\/"]}]},{"@type":"BreadcrumbList","@id":"https:\/\/motoqube.com\/de\/ueber-uns\/#breadcrumb","itemListElement":[{"@type":"ListItem","position":1,"name":"Home","item":"https:\/\/motoqube.com\/de\/home\/"},{"@type":"ListItem","position":2,"name":"\u00dcber uns"}]},{"@type":"WebSite","@id":"https:\/\/motoqube.com\/de\/#website","url":"https:\/\/motoqube.com\/de\/","name":"Reconditioned Auto parts Worldwide - Motoqube","description":"Connecting Automotive Businesses Across the Globe.","publisher":{"@id":"https:\/\/motoqube.com\/de\/#organization"},"potentialAction":[{"@type":"SearchAction","target":{"@type":"EntryPoint","urlTemplate":"https:\/\/motoqube.com\/de\/?s={search_term_string}"},"query-input":{"@type":"PropertyValueSpecification","valueRequired":true,"valueName":"search_term_string"}}],"inLanguage":"de"},{"@type":"Organization","@id":"https:\/\/motoqube.com\/de\/#organization","name":"Reconditioned Auto parts Worldwide - Motoqube","url":"https:\/\/motoqube.com\/de\/","logo":{"@type":"ImageObject","inLanguage":"de","@id":"https:\/\/motoqube.com\/de\/#\/schema\/logo\/image\/","url":"https:\/\/motoqube.com\/wp-content\/uploads\/2025\/06\/MOTOQUBE-5-1.png","contentUrl":"https:\/\/motoqube.com\/wp-content\/uploads\/2025\/06\/MOTOQUBE-5-1.png","width":500,"height":500,"caption":"Reconditioned Auto parts Worldwide - Motoqube"},"image":{"@id":"https:\/\/motoqube.com\/de\/#\/schema\/logo\/image\/"}}]}},"_links":{"self":[{"href":"https:\/\/motoqube.com\/de\/wp-json\/wp\/v2\/pages\/101060","targetHints":{"allow":["GET"]}}],"collection":[{"href":"https:\/\/motoqube.com\/de\/wp-json\/wp\/v2\/pages"}],"about":[{"href":"https:\/\/motoqube.com\/de\/wp-json\/wp\/v2\/types\/page"}],"author":[{"embeddable":true,"href":"https:\/\/motoqube.com\/de\/wp-json\/wp\/v2\/users\/1"}],"replies":[{"embeddable":true,"href":"https:\/\/motoqube.com\/de\/wp-json\/wp\/v2\/comments?post=101060"}],"version-history":[{"count":0,"href":"https:\/\/motoqube.com\/de\/wp-json\/wp\/v2\/pages\/101060\/revisions"}],"wp:attachment":[{"href":"https:\/\/motoqube.com\/de\/wp-json\/wp\/v2\/media?parent=101060"}],"curies":[{"name":"wp","href":"https:\/\/api.w.org\/{rel}","templated":true}]}}