{"id":101247,"date":"2020-12-29T13:20:31","date_gmt":"2020-12-29T12:20:31","guid":{"rendered":"https:\/\/motoqube.com\/cookie-richtlinie\/"},"modified":"2025-06-23T12:56:21","modified_gmt":"2025-06-23T10:56:21","slug":"cookie-richtlinie","status":"publish","type":"page","link":"https:\/\/motoqube.com\/de\/cookie-richtlinie\/","title":{"rendered":"Cookie-Richtlinie"},"content":{"rendered":"<p>[et_pb_section fb_built=&#8221;1&#8243; theme_builder_area=&#8221;post_content&#8221; _builder_version=&#8221;4.27.4&#8243; _module_preset=&#8221;default&#8221;][et_pb_row _builder_version=&#8221;4.27.4&#8243; _module_preset=&#8221;default&#8221; theme_builder_area=&#8221;post_content&#8221;][et_pb_column _builder_version=&#8221;4.27.4&#8243; _module_preset=&#8221;default&#8221; type=&#8221;4_4&#8243; theme_builder_area=&#8221;post_content&#8221;][et_pb_text _builder_version=&#8221;4.27.4&#8243; _module_preset=&#8221;default&#8221; theme_builder_area=&#8221;post_content&#8221; hover_enabled=&#8221;0&#8243; sticky_enabled=&#8221;0&#8243; custom_padding=&#8221;6px|||||&#8221;]<\/p>\n<h1 data-pm-slice=\"1 1 []\"><span><strong>MOTOQUBE COOKIE-RICHTLINIE<\/strong><\/span><\/h1>\n<p><span><strong>1. Was sind Cookies?<\/strong><\/span><span> Cookies sind kleine Textdateien, die beim Besuch unserer Website auf Ihrem Ger\u00e4t gespeichert werden. Sie helfen dabei, Ihr Ger\u00e4t zu erkennen und die Website korrekt darzustellen. <\/span><\/p>\n<p><span><strong>2. Welche Cookies verwenden wir?<\/strong><\/span><\/p>\n<ul data-spread=\"false\">\n<li><span><strong>Technische Cookies<\/strong><\/span> \u2013 <span>erforderlich f\u00fcr die grundlegende Funktion der Website.<\/span><\/li>\n<li><span><strong>Analytische Cookies<\/strong><\/span> \u2013 <span>helfen uns zu verstehen, wie Nutzer mit der Website interagieren (z.\u202fB. Google Analytics).<\/span><\/li>\n<li><span><strong>Marketing-Cookies<\/strong><\/span> \u2013<span> werden f\u00fcr personalisierte Werbung verwendet (z.\u202fB. Facebook Pixel).<\/span><\/li>\n<\/ul>\n<p><span><strong>3. Rechtsgrundlage<\/strong><\/span><br \/><span>Gem\u00e4\u00df dem polnischen Telekommunikationsgesetz und der DSGVO ben\u00f6tigen wir Ihre Einwilligung zur Verwendung von Cookies \u2013 mit Ausnahme der unbedingt erforderlichen (technischen) Cookies.<\/span><\/p>\n<p><span><strong>4. Cookie-Verwaltung<\/strong><\/span><br \/><span>Sie k\u00f6nnen Cookies auf folgende Weise verwalten:<\/span><\/p>\n<ul data-spread=\"false\">\n<li><span>\u00fcber die Einstellungen Ihres Browsers (blockieren oder l\u00f6schen),<\/span><\/li>\n<li><span>\u00fcber das Cookie-Einwilligungsbanner auf unserer Website.<\/span><\/li>\n<\/ul>\n<p><span><strong>5. Weitergabe von Daten an Dritte<\/strong><\/span>, <span>Informationen aus Cookies k\u00f6nnen an folgende Drittanbieter weitergegeben werden:<\/span><\/p>\n<ul data-spread=\"false\">\n<li><span>Google LLC (Google Analytics),<\/span><\/li>\n<li><span>Meta Platforms Ireland Ltd. (Facebook Pixel) \u2013 gem\u00e4\u00df deren Datenschutzrichtlinien und Mechanismen zur Daten\u00fcbertragung.<\/span><\/li>\n<\/ul>\n<p><span><strong>6. \u00c4nderungen<\/strong><\/span><span> Wir behalten uns das Recht vor, diese Richtlinie zu aktualisieren. Die jeweils aktuelle Version ist stets auf unserer Website verf\u00fcgbar. <\/span><\/p>\n<p>[\/et_pb_text][\/et_pb_column][\/et_pb_row][\/et_pb_section]<\/p>\n","protected":false},"excerpt":{"rendered":"<p>MOTOQUBE COOKIE-RICHTLINIE 1. Was sind Cookies? Cookies sind kleine Textdateien, die beim Besuch unserer Website auf Ihrem Ger\u00e4t gespeichert werden. Sie helfen dabei, Ihr Ger\u00e4t zu erkennen und die Website korrekt darzustellen. 2. Welche Cookies verwenden wir? Technische Cookies \u2013 erforderlich f\u00fcr die grundlegende Funktion der Website. Analytische Cookies \u2013 helfen uns zu verstehen, wie [&hellip;]<\/p>\n","protected":false},"author":1,"featured_media":0,"parent":0,"menu_order":0,"comment_status":"closed","ping_status":"closed","template":"","meta":{"_et_pb_use_builder":"on","_et_pb_old_content":"","_et_gb_content_width":"","footnotes":""},"class_list":["post-101247","page","type-page","status-publish","hentry"],"yoast_head":"<!-- This site is optimized with the Yoast SEO plugin v25.3 - https:\/\/yoast.com\/wordpress\/plugins\/seo\/ -->\n<title>Cookie-Richtlinie - Reconditioned Auto parts Worldwide - Motoqube<\/title>\n<meta name=\"robots\" content=\"index, follow, max-snippet:-1, max-image-preview:large, max-video-preview:-1\" \/>\n<link rel=\"canonical\" href=\"https:\/\/motoqube.com\/de\/cookie-richtlinie\/\" \/>\n<meta property=\"og:locale\" content=\"de_DE\" \/>\n<meta property=\"og:type\" content=\"article\" \/>\n<meta property=\"og:title\" content=\"Cookie-Richtlinie - Reconditioned Auto parts Worldwide - Motoqube\" \/>\n<meta property=\"og:description\" content=\"MOTOQUBE COOKIE-RICHTLINIE 1. Was sind Cookies? Cookies sind kleine Textdateien, die beim Besuch unserer Website auf Ihrem Ger\u00e4t gespeichert werden. Sie helfen dabei, Ihr Ger\u00e4t zu erkennen und die Website korrekt darzustellen. 2. Welche Cookies verwenden wir? Technische Cookies \u2013 erforderlich f\u00fcr die grundlegende Funktion der Website. Analytische Cookies \u2013 helfen uns zu verstehen, wie [&hellip;]\" \/>\n<meta property=\"og:url\" content=\"https:\/\/motoqube.com\/de\/cookie-richtlinie\/\" \/>\n<meta property=\"og:site_name\" content=\"Reconditioned Auto parts Worldwide - Motoqube\" \/>\n<meta property=\"article:modified_time\" content=\"2025-06-23T10:56:21+00:00\" \/>\n<meta name=\"twitter:card\" content=\"summary_large_image\" \/>\n<meta name=\"twitter:label1\" content=\"Gesch\u00e4tzte Lesezeit\" \/>\n\t<meta name=\"twitter:data1\" content=\"1\u00a0Minute\" \/>\n<script type=\"application\/ld+json\" class=\"yoast-schema-graph\">{\"@context\":\"https:\/\/schema.org\",\"@graph\":[{\"@type\":\"WebPage\",\"@id\":\"https:\/\/motoqube.com\/de\/cookie-richtlinie\/\",\"url\":\"https:\/\/motoqube.com\/de\/cookie-richtlinie\/\",\"name\":\"Cookie-Richtlinie - Reconditioned Auto parts Worldwide - Motoqube\",\"isPartOf\":{\"@id\":\"https:\/\/motoqube.com\/de\/#website\"},\"datePublished\":\"2020-12-29T12:20:31+00:00\",\"dateModified\":\"2025-06-23T10:56:21+00:00\",\"breadcrumb\":{\"@id\":\"https:\/\/motoqube.com\/de\/cookie-richtlinie\/#breadcrumb\"},\"inLanguage\":\"de\",\"potentialAction\":[{\"@type\":\"ReadAction\",\"target\":[\"https:\/\/motoqube.com\/de\/cookie-richtlinie\/\"]}]},{\"@type\":\"BreadcrumbList\",\"@id\":\"https:\/\/motoqube.com\/de\/cookie-richtlinie\/#breadcrumb\",\"itemListElement\":[{\"@type\":\"ListItem\",\"position\":1,\"name\":\"Home\",\"item\":\"https:\/\/motoqube.com\/de\/home\/\"},{\"@type\":\"ListItem\",\"position\":2,\"name\":\"Cookie-Richtlinie\"}]},{\"@type\":\"WebSite\",\"@id\":\"https:\/\/motoqube.com\/de\/#website\",\"url\":\"https:\/\/motoqube.com\/de\/\",\"name\":\"Reconditioned Auto parts Worldwide - Motoqube\",\"description\":\"Connecting Automotive Businesses Across the Globe.\",\"publisher\":{\"@id\":\"https:\/\/motoqube.com\/de\/#organization\"},\"potentialAction\":[{\"@type\":\"SearchAction\",\"target\":{\"@type\":\"EntryPoint\",\"urlTemplate\":\"https:\/\/motoqube.com\/de\/?s={search_term_string}\"},\"query-input\":{\"@type\":\"PropertyValueSpecification\",\"valueRequired\":true,\"valueName\":\"search_term_string\"}}],\"inLanguage\":\"de\"},{\"@type\":\"Organization\",\"@id\":\"https:\/\/motoqube.com\/de\/#organization\",\"name\":\"Reconditioned Auto parts Worldwide - Motoqube\",\"url\":\"https:\/\/motoqube.com\/de\/\",\"logo\":{\"@type\":\"ImageObject\",\"inLanguage\":\"de\",\"@id\":\"https:\/\/motoqube.com\/de\/#\/schema\/logo\/image\/\",\"url\":\"https:\/\/motoqube.com\/wp-content\/uploads\/2025\/06\/MOTOQUBE-5-1.png\",\"contentUrl\":\"https:\/\/motoqube.com\/wp-content\/uploads\/2025\/06\/MOTOQUBE-5-1.png\",\"width\":500,\"height\":500,\"caption\":\"Reconditioned Auto parts Worldwide - Motoqube\"},\"image\":{\"@id\":\"https:\/\/motoqube.com\/de\/#\/schema\/logo\/image\/\"}}]}<\/script>\n<!-- \/ Yoast SEO plugin. -->","yoast_head_json":{"title":"Cookie-Richtlinie - Reconditioned Auto parts Worldwide - Motoqube","robots":{"index":"index","follow":"follow","max-snippet":"max-snippet:-1","max-image-preview":"max-image-preview:large","max-video-preview":"max-video-preview:-1"},"canonical":"https:\/\/motoqube.com\/de\/cookie-richtlinie\/","og_locale":"de_DE","og_type":"article","og_title":"Cookie-Richtlinie - Reconditioned Auto parts Worldwide - Motoqube","og_description":"MOTOQUBE COOKIE-RICHTLINIE 1. Was sind Cookies? Cookies sind kleine Textdateien, die beim Besuch unserer Website auf Ihrem Ger\u00e4t gespeichert werden. Sie helfen dabei, Ihr Ger\u00e4t zu erkennen und die Website korrekt darzustellen. 2. Welche Cookies verwenden wir? Technische Cookies \u2013 erforderlich f\u00fcr die grundlegende Funktion der Website. Analytische Cookies \u2013 helfen uns zu verstehen, wie [&hellip;]","og_url":"https:\/\/motoqube.com\/de\/cookie-richtlinie\/","og_site_name":"Reconditioned Auto parts Worldwide - Motoqube","article_modified_time":"2025-06-23T10:56:21+00:00","twitter_card":"summary_large_image","twitter_misc":{"Gesch\u00e4tzte Lesezeit":"1\u00a0Minute"},"schema":{"@context":"https:\/\/schema.org","@graph":[{"@type":"WebPage","@id":"https:\/\/motoqube.com\/de\/cookie-richtlinie\/","url":"https:\/\/motoqube.com\/de\/cookie-richtlinie\/","name":"Cookie-Richtlinie - Reconditioned Auto parts Worldwide - Motoqube","isPartOf":{"@id":"https:\/\/motoqube.com\/de\/#website"},"datePublished":"2020-12-29T12:20:31+00:00","dateModified":"2025-06-23T10:56:21+00:00","breadcrumb":{"@id":"https:\/\/motoqube.com\/de\/cookie-richtlinie\/#breadcrumb"},"inLanguage":"de","potentialAction":[{"@type":"ReadAction","target":["https:\/\/motoqube.com\/de\/cookie-richtlinie\/"]}]},{"@type":"BreadcrumbList","@id":"https:\/\/motoqube.com\/de\/cookie-richtlinie\/#breadcrumb","itemListElement":[{"@type":"ListItem","position":1,"name":"Home","item":"https:\/\/motoqube.com\/de\/home\/"},{"@type":"ListItem","position":2,"name":"Cookie-Richtlinie"}]},{"@type":"WebSite","@id":"https:\/\/motoqube.com\/de\/#website","url":"https:\/\/motoqube.com\/de\/","name":"Reconditioned Auto parts Worldwide - Motoqube","description":"Connecting Automotive Businesses Across the Globe.","publisher":{"@id":"https:\/\/motoqube.com\/de\/#organization"},"potentialAction":[{"@type":"SearchAction","target":{"@type":"EntryPoint","urlTemplate":"https:\/\/motoqube.com\/de\/?s={search_term_string}"},"query-input":{"@type":"PropertyValueSpecification","valueRequired":true,"valueName":"search_term_string"}}],"inLanguage":"de"},{"@type":"Organization","@id":"https:\/\/motoqube.com\/de\/#organization","name":"Reconditioned Auto parts Worldwide - Motoqube","url":"https:\/\/motoqube.com\/de\/","logo":{"@type":"ImageObject","inLanguage":"de","@id":"https:\/\/motoqube.com\/de\/#\/schema\/logo\/image\/","url":"https:\/\/motoqube.com\/wp-content\/uploads\/2025\/06\/MOTOQUBE-5-1.png","contentUrl":"https:\/\/motoqube.com\/wp-content\/uploads\/2025\/06\/MOTOQUBE-5-1.png","width":500,"height":500,"caption":"Reconditioned Auto parts Worldwide - Motoqube"},"image":{"@id":"https:\/\/motoqube.com\/de\/#\/schema\/logo\/image\/"}}]}},"_links":{"self":[{"href":"https:\/\/motoqube.com\/de\/wp-json\/wp\/v2\/pages\/101247","targetHints":{"allow":["GET"]}}],"collection":[{"href":"https:\/\/motoqube.com\/de\/wp-json\/wp\/v2\/pages"}],"about":[{"href":"https:\/\/motoqube.com\/de\/wp-json\/wp\/v2\/types\/page"}],"author":[{"embeddable":true,"href":"https:\/\/motoqube.com\/de\/wp-json\/wp\/v2\/users\/1"}],"replies":[{"embeddable":true,"href":"https:\/\/motoqube.com\/de\/wp-json\/wp\/v2\/comments?post=101247"}],"version-history":[{"count":0,"href":"https:\/\/motoqube.com\/de\/wp-json\/wp\/v2\/pages\/101247\/revisions"}],"wp:attachment":[{"href":"https:\/\/motoqube.com\/de\/wp-json\/wp\/v2\/media?parent=101247"}],"curies":[{"name":"wp","href":"https:\/\/api.w.org\/{rel}","templated":true}]}}