{"id":101276,"date":"2025-05-23T14:08:16","date_gmt":"2025-05-23T12:08:16","guid":{"rendered":"https:\/\/motoqube.com\/product\/generalueberholte-abc-hydrauliktandempumpe-fuer-mercedes-w220-c215-oem-a0024666001\/"},"modified":"2025-05-23T14:08:16","modified_gmt":"2025-05-23T12:08:16","slug":"generalueberholte-abc-hydrauliktandempumpe-fuer-mercedes-w220-c215-oem-a0024666001","status":"publish","type":"product","link":"https:\/\/motoqube.com\/de\/product\/generalueberholte-abc-hydrauliktandempumpe-fuer-mercedes-w220-c215-oem-a0024666001\/","title":{"rendered":"General\u00fcberholte ABC-Hydrauliktandempumpe f\u00fcr Mercedes W220 \/ C215 \u2013 OEM A0024666001"},"content":{"rendered":"<h1 data-start=\"142\" data-end=\"207\">\ud83d\udd27General\u00fcberholte ABC-Hydrauliktandempumpe f\u00fcr Mercedes W220 \/ C215 \u2013 OEM A0024666001<\/h1>\n<p data-start=\"1154\" data-end=\"1420\">Bringen Sie Ihre Mercedes-Benz S-Klasse (W220) oder das CL-Coup\u00e9 (C215) mit dieser <strong data-start=\"1243\" data-end=\"1292\">general\u00fcberholten OEM-ABC-Tandempumpe (A0024666001)<\/strong> wieder in Bestform.<br \/>Die Pumpe ist speziell f\u00fcr das Active Body Control (ABC) System entwickelt \u2013 eine kosteneffiziente, umweltfreundliche und leistungsstarke Alternative zum Neuteil. <\/p>\n<hr data-start=\"1422\" data-end=\"1425\">\n<h3 data-start=\"1427\" data-end=\"1469\">\ud83d\ude97 <strong data-start=\"1433\" data-end=\"1469\">F\u00fcr wen ist sie geeignet?<\/strong><\/h3>\n<ul data-start=\"1471\" data-end=\"1829\">\n<li data-start=\"1471\" data-end=\"1548\">\n<p data-start=\"1473\" data-end=\"1548\">\u267b\ufe0f <strong data-start=\"1476\" data-end=\"1492\">Eco-Upgrade<\/strong> \u2013 Ressourcen schonend durch Wiederverwendung originaler Teile<\/p>\n<\/li>\n<li data-start=\"1549\" data-end=\"1617\">\n<p data-start=\"1551\" data-end=\"1617\">\u2699\ufe0f <strong data-start=\"1554\" data-end=\"1572\">OEM-Performance<\/strong> \u2013 gepr\u00fcft auf Druck (bis 180\u202fbar) und Funktion<\/p>\n<\/li>\n<li data-start=\"1618\" data-end=\"1708\">\n<p data-start=\"1620\" data-end=\"1708\">\ud83e\uddf0 <strong data-start=\"1623\" data-end=\"1663\">Premium-\u00dcberholung<\/strong> \u2013 Verschlei\u00dfteile erneuert, strikte Qualit\u00e4tskontrolle<\/p>\n<\/li>\n<li data-start=\"1709\" data-end=\"1779\">\n<p data-start=\"1711\" data-end=\"1779\">\ud83d\ude98 <strong data-start=\"1714\" data-end=\"1739\">OEM-Leistung<\/strong> \u2013 f\u00fcr einwandfreie Funktion des ABC-Fahrwerks<\/p>\n<\/li>\n<li data-start=\"1780\" data-end=\"1829\">\n<p data-start=\"1782\" data-end=\"1829\">\ud83d\udee1\ufe0f <strong data-start=\"1786\" data-end=\"1807\">12-Monats-Garantie<\/strong> (bei fachgerechtem Einbau)<\/p>\n<\/li>\n<\/ul>\n<hr data-start=\"1831\" data-end=\"1834\">\n<h3 data-start=\"1836\" data-end=\"1868\">\ud83d\udccc <strong data-start=\"1843\" data-end=\"1868\">Fahrzeugkompatibilit\u00e4t<\/strong><\/h3>\n<p data-start=\"1870\" data-end=\"1934\"><strong data-start=\"1870\" data-end=\"1900\">Mercedes-Benz S-Klasse W220<\/strong> (1998\u20132005)<br data-start=\"1912\" data-end=\"1915\">Kompatible Motoren:<\/p>\n<ul data-start=\"1935\" data-end=\"2022\">\n<li data-start=\"1935\" data-end=\"2022\">\n<p data-start=\"1937\" data-end=\"2022\">S280, S280 Lang, S320, S350, S350 Lang, S430, S55 AMG, S55 AMG Kompressor, S500, S600<\/p>\n<\/li>\n<\/ul>\n<p data-start=\"2024\" data-end=\"2085\"><strong data-start=\"2024\" data-end=\"2063\">Mercedes-Benz CL-Klasse C215 (Coup\u00e9)<\/strong><br data-start=\"2063\" data-end=\"2066\">Kompatible Motoren:<\/p>\n<ul data-start=\"2086\" data-end=\"2172\">\n<li data-start=\"2086\" data-end=\"2172\">\n<p data-start=\"2088\" data-end=\"2172\">CL55 AMG, CL55 AMG Kompressor, CL500, CL600 <em data-start=\"2132\" data-end=\"2172\">(nur M137-Saugmotor)<\/em><\/p>\n<\/li>\n<\/ul>\n<hr data-start=\"2174\" data-end=\"2177\">\n<h3 data-start=\"2179\" data-end=\"2215\">\ud83d\udd0d <strong data-start=\"2186\" data-end=\"2215\">Ersetzt folgende OEM-Nummern<\/strong><\/h3>\n<ul data-start=\"2217\" data-end=\"2296\">\n<li data-start=\"2217\" data-end=\"2254\">\n<p data-start=\"2219\" data-end=\"2254\">A0024666001 (Prim\u00e4rteilnummer)<\/p>\n<\/li>\n<li data-start=\"2255\" data-end=\"2270\">\n<p data-start=\"2257\" data-end=\"2270\">A0034662401<\/p>\n<\/li>\n<li data-start=\"2271\" data-end=\"2284\">\n<p data-start=\"2273\" data-end=\"2284\">LH2110092<\/p>\n<\/li>\n<li data-start=\"2285\" data-end=\"2296\">\n<p data-start=\"2287\" data-end=\"2296\">LH2110049<\/p>\n<\/li>\n<\/ul>\n<hr data-start=\"2298\" data-end=\"2301\">\n<h3 data-start=\"2303\" data-end=\"2344\">\ud83d\udcb6 <strong data-start=\"2310\" data-end=\"2344\">Pfand \u2013 \u20ac250 R\u00fcckerstattung<\/strong><\/h3>\n<p data-start=\"2346\" data-end=\"2437\">Diese Pumpe erfordert ein <strong data-start=\"2367\" data-end=\"2399\">\u20ac250 erstattbares Pfand<\/strong> zur Unterst\u00fctzung nachhaltiger Wiederaufbereitung.<\/p>\n<p data-start=\"2439\" data-end=\"2463\"><strong data-start=\"2439\" data-end=\"2463\">Ablauf der R\u00fcckgabe:<\/strong><\/p>\n<ol data-start=\"2464\" data-end=\"2676\">\n<li data-start=\"2464\" data-end=\"2486\">\n<p data-start=\"2467\" data-end=\"2486\">Kaufen Sie die Pumpe<\/p>\n<\/li>\n<li data-start=\"2487\" data-end=\"2559\">\n<p data-start=\"2490\" data-end=\"2559\">Sie erhalten Zahlungsinformationen f\u00fcr das Pfand (PayPal oder \u00dcberweisung)<\/p>\n<\/li>\n<li data-start=\"2560\" data-end=\"2614\">\n<p data-start=\"2563\" data-end=\"2614\">R\u00fccksendung Ihrer alten Pumpe (keine Risse oder starke Sch\u00e4den)<\/p>\n<\/li>\n<li data-start=\"2615\" data-end=\"2676\">\n<p data-start=\"2618\" data-end=\"2676\">Nach Pr\u00fcfung erstatten wir das Pfand innerhalb von 3\u20135 Werktagen<\/p>\n<\/li>\n<\/ol>\n<p data-start=\"2678\" data-end=\"2758\">\ud83d\udeab R\u00fcckversand zahlt der Kunde<br data-start=\"2709\" data-end=\"2712\">\u2705 Volle R\u00fcckerstattung bei vollst\u00e4ndigem, wiederverwendbarem Altteil<\/p>\n<hr data-start=\"2760\" data-end=\"2763\">\n<h3 data-start=\"2765\" data-end=\"2806\">\ud83d\udee0\ufe0f <strong data-start=\"2773\" data-end=\"2806\">Einbauhinweise und Garantie<\/strong><\/h3>\n<ul data-start=\"2808\" data-end=\"2968\">\n<li data-start=\"2808\" data-end=\"2853\">\n<p data-start=\"2810\" data-end=\"2853\">\ud83d\udd27 <strong data-start=\"2813\" data-end=\"2851\">Einbau durch qualifizierte Fachwerkstatt erforderlich<\/strong><\/p>\n<\/li>\n<li data-start=\"2854\" data-end=\"2968\">\n<p data-start=\"2856\" data-end=\"2968\"><strong data-start=\"2859\" data-end=\"2888\">Pflicht: Systemsp\u00fclung vor Einbau<\/strong> \u2013 mindestens <strong data-start=\"2899\" data-end=\"2912\">12 Liter <\/strong>neue Hydraulikfl\u00fcssigkeit (Pentosin CHF 11S oder \u00e4quivalent)<\/p>\n<\/li>\n<\/ul>\n<p data-start=\"2970\" data-end=\"3039\">\u2757 <strong data-start=\"3021\" data-end=\"3039\">Keine Garantie<\/strong> bei fehlender Sp\u00fclung oder falscher Montage<\/p>\n<hr data-start=\"3041\" data-end=\"3044\">\n<h3 data-start=\"3046\" data-end=\"3078\">\u2705 <strong data-start=\"3052\" data-end=\"3078\">Umfang der \u00dcberholung<\/strong><\/h3>\n<ul data-start=\"3080\" data-end=\"3221\">\n<li data-start=\"3080\" data-end=\"3100\">\n<p data-start=\"3082\" data-end=\"3100\">Vollst\u00e4ndige Demontage<\/p>\n<\/li>\n<li data-start=\"3101\" data-end=\"3124\">\n<p data-start=\"3103\" data-end=\"3124\">Ultraschallreinigung<\/p>\n<\/li>\n<li data-start=\"3125\" data-end=\"3158\">\n<p data-start=\"3127\" data-end=\"3158\">Austausch aller Verschlei\u00dfteile<\/p>\n<\/li>\n<li data-start=\"3159\" data-end=\"3192\">\n<p data-start=\"3161\" data-end=\"3192\">Druck- und Funktionstest<\/p>\n<\/li>\n<li data-start=\"3193\" data-end=\"3221\">\n<p data-start=\"3195\" data-end=\"3221\">Qualit\u00e4tskontrolle<\/p>\n<\/li>\n<\/ul>\n<hr data-start=\"3223\" data-end=\"3226\">\n<h3 data-start=\"3228\" data-end=\"3254\">\ud83d\udee1\ufe0f<strong data-start=\"3236\" data-end=\"3254\">Garantiebedingungen<\/strong><\/h3>\n<p data-start=\"3256\" data-end=\"3333\">Ihre \u00fcberholte Pumpe ist durch eine <strong data-start=\"3296\" data-end=\"3317\">12-monatige Garantie<\/strong> abgesichert, sofern:<\/p>\n<ul data-start=\"3335\" data-end=\"3427\">\n<li data-start=\"3335\" data-end=\"3376\">\n<p data-start=\"3337\" data-end=\"3376\">Sie von einem Fachbetrieb eingebaut wurde<\/p>\n<\/li>\n<li data-start=\"3377\" data-end=\"3427\">\n<p data-start=\"3379\" data-end=\"3427\">Das System vor der Montage korrekt gesp\u00fclt wurde<\/p>\n<\/li>\n<\/ul>\n<hr data-start=\"3429\" data-end=\"3432\">\n<h3 data-start=\"3434\" data-end=\"3457\">\ud83d\udcde Fragen?<\/h3>\n<p data-start=\"3459\" data-end=\"3580\">Sie haben Fragen zur Kompatibilit\u00e4t, Montage oder zum Pfandprozess? <strong data-start=\"3537\" data-end=\"3560\">Kontaktieren Sie uns jederzeit<\/strong> wir helfen gerne weiter.<\/p>\n","protected":false},"excerpt":{"rendered":"<p><strong data-start=\"3443\" data-end=\"3552\">Professionell \u00fcberholte ABC-Hydraulikpumpe f\u00fcr Mercedes-Benz S-Klasse (W220) und CL-Klasse Coup\u00e9 (C215)<\/strong>. OEM: A0024666001. Vollst\u00e4ndig zerlegt, gereinigt und nach OEM-Standards \u00fcberholt. Umweltfreundlich, gepr\u00fcft und sofort einbaufertig.<\/p>\n","protected":false},"featured_media":100882,"comment_status":"open","ping_status":"closed","template":"","meta":{"_et_pb_use_builder":"","_et_pb_old_content":"","_et_gb_content_width":""},"product_brand":[],"product_cat":[71],"product_tag":[],"class_list":{"0":"post-101276","1":"product","2":"type-product","3":"status-publish","4":"has-post-thumbnail","6":"product_cat-abc-fahrwerk-komponenten","8":"first","9":"instock","10":"taxable","11":"shipping-taxable","12":"purchasable","13":"product-type-simple"},"yoast_head":"<!-- This site is optimized with the Yoast SEO plugin v25.3 - https:\/\/yoast.com\/wordpress\/plugins\/seo\/ -->\n<title>ABC-Pumpe Mercedes W220\/C215 A0024666001 \u00fcberholt OEM<\/title>\n<meta name=\"description\" content=\"\u00dcberholte OEM ABC-Pumpe A0024666001 f\u00fcr Mercedes W220\/C215 \u2013 gepr\u00fcft, sofort lieferbar, 12 Monate Garantie.\" \/>\n<meta name=\"robots\" content=\"index, follow, max-snippet:-1, max-image-preview:large, max-video-preview:-1\" \/>\n<link rel=\"canonical\" href=\"https:\/\/motoqube.com\/de\/product\/generalueberholte-abc-hydrauliktandempumpe-fuer-mercedes-w220-c215-oem-a0024666001\/\" \/>\n<meta property=\"og:locale\" content=\"de_DE\" \/>\n<meta property=\"og:type\" content=\"article\" \/>\n<meta property=\"og:title\" content=\"ABC-Pumpe Mercedes W220\/C215 A0024666001 \u00fcberholt OEM\" \/>\n<meta property=\"og:description\" content=\"\u00dcberholte OEM ABC-Pumpe A0024666001 f\u00fcr Mercedes W220\/C215 \u2013 gepr\u00fcft, sofort lieferbar, 12 Monate Garantie.\" \/>\n<meta property=\"og:url\" content=\"https:\/\/motoqube.com\/de\/product\/generalueberholte-abc-hydrauliktandempumpe-fuer-mercedes-w220-c215-oem-a0024666001\/\" \/>\n<meta property=\"og:site_name\" content=\"Reconditioned Auto parts Worldwide - Motoqube\" \/>\n<meta property=\"og:image\" content=\"https:\/\/motoqube.com\/wp-content\/uploads\/2025\/05\/abc1b-907x1024.png\" \/>\n\t<meta property=\"og:image:width\" content=\"907\" \/>\n\t<meta property=\"og:image:height\" content=\"1024\" \/>\n\t<meta property=\"og:image:type\" content=\"image\/png\" \/>\n<meta name=\"twitter:card\" content=\"summary_large_image\" \/>\n<meta name=\"twitter:label1\" content=\"Gesch\u00e4tzte Lesezeit\" \/>\n\t<meta name=\"twitter:data1\" content=\"1\u00a0Minute\" \/>\n<script type=\"application\/ld+json\" class=\"yoast-schema-graph\">{\"@context\":\"https:\/\/schema.org\",\"@graph\":[{\"@type\":\"WebPage\",\"@id\":\"https:\/\/motoqube.com\/de\/product\/generalueberholte-abc-hydrauliktandempumpe-fuer-mercedes-w220-c215-oem-a0024666001\/\",\"url\":\"https:\/\/motoqube.com\/de\/product\/generalueberholte-abc-hydrauliktandempumpe-fuer-mercedes-w220-c215-oem-a0024666001\/\",\"name\":\"ABC-Pumpe Mercedes W220\/C215 A0024666001 \u00fcberholt OEM\",\"isPartOf\":{\"@id\":\"https:\/\/motoqube.com\/de\/#website\"},\"primaryImageOfPage\":{\"@id\":\"https:\/\/motoqube.com\/de\/product\/generalueberholte-abc-hydrauliktandempumpe-fuer-mercedes-w220-c215-oem-a0024666001\/#primaryimage\"},\"image\":{\"@id\":\"https:\/\/motoqube.com\/de\/product\/generalueberholte-abc-hydrauliktandempumpe-fuer-mercedes-w220-c215-oem-a0024666001\/#primaryimage\"},\"thumbnailUrl\":\"https:\/\/motoqube.com\/wp-content\/uploads\/2025\/05\/abc1b.png\",\"datePublished\":\"2025-05-23T12:08:16+00:00\",\"description\":\"\u00dcberholte OEM ABC-Pumpe A0024666001 f\u00fcr Mercedes W220\/C215 \u2013 gepr\u00fcft, sofort lieferbar, 12 Monate Garantie.\",\"breadcrumb\":{\"@id\":\"https:\/\/motoqube.com\/de\/product\/generalueberholte-abc-hydrauliktandempumpe-fuer-mercedes-w220-c215-oem-a0024666001\/#breadcrumb\"},\"inLanguage\":\"de\",\"potentialAction\":[{\"@type\":\"ReadAction\",\"target\":[\"https:\/\/motoqube.com\/de\/product\/generalueberholte-abc-hydrauliktandempumpe-fuer-mercedes-w220-c215-oem-a0024666001\/\"]}]},{\"@type\":\"ImageObject\",\"inLanguage\":\"de\",\"@id\":\"https:\/\/motoqube.com\/de\/product\/generalueberholte-abc-hydrauliktandempumpe-fuer-mercedes-w220-c215-oem-a0024666001\/#primaryimage\",\"url\":\"https:\/\/motoqube.com\/wp-content\/uploads\/2025\/05\/abc1b.png\",\"contentUrl\":\"https:\/\/motoqube.com\/wp-content\/uploads\/2025\/05\/abc1b.png\",\"width\":1726,\"height\":1949,\"caption\":\"\u00dcberholte ABC-Tandempumpe A0024666001 \u2013 Vorderansicht f\u00fcr Mercedes W220\/C215\"},{\"@type\":\"BreadcrumbList\",\"@id\":\"https:\/\/motoqube.com\/de\/product\/generalueberholte-abc-hydrauliktandempumpe-fuer-mercedes-w220-c215-oem-a0024666001\/#breadcrumb\",\"itemListElement\":[{\"@type\":\"ListItem\",\"position\":1,\"name\":\"Home\",\"item\":\"https:\/\/motoqube.com\/de\/home\/\"},{\"@type\":\"ListItem\",\"position\":2,\"name\":\"Produkte\",\"item\":\"https:\/\/motoqube.com\/de\/shop\/\"},{\"@type\":\"ListItem\",\"position\":3,\"name\":\"General\u00fcberholte ABC-Hydrauliktandempumpe f\u00fcr Mercedes W220 \/ C215 \u2013 OEM A0024666001\"}]},{\"@type\":\"WebSite\",\"@id\":\"https:\/\/motoqube.com\/de\/#website\",\"url\":\"https:\/\/motoqube.com\/de\/\",\"name\":\"Reconditioned Auto parts Worldwide - Motoqube\",\"description\":\"Connecting Automotive Businesses Across the Globe.\",\"publisher\":{\"@id\":\"https:\/\/motoqube.com\/de\/#organization\"},\"potentialAction\":[{\"@type\":\"SearchAction\",\"target\":{\"@type\":\"EntryPoint\",\"urlTemplate\":\"https:\/\/motoqube.com\/de\/?s={search_term_string}\"},\"query-input\":{\"@type\":\"PropertyValueSpecification\",\"valueRequired\":true,\"valueName\":\"search_term_string\"}}],\"inLanguage\":\"de\"},{\"@type\":\"Organization\",\"@id\":\"https:\/\/motoqube.com\/de\/#organization\",\"name\":\"Reconditioned Auto parts Worldwide - Motoqube\",\"url\":\"https:\/\/motoqube.com\/de\/\",\"logo\":{\"@type\":\"ImageObject\",\"inLanguage\":\"de\",\"@id\":\"https:\/\/motoqube.com\/de\/#\/schema\/logo\/image\/\",\"url\":\"https:\/\/motoqube.com\/wp-content\/uploads\/2025\/06\/MOTOQUBE-5-1.png\",\"contentUrl\":\"https:\/\/motoqube.com\/wp-content\/uploads\/2025\/06\/MOTOQUBE-5-1.png\",\"width\":500,\"height\":500,\"caption\":\"Reconditioned Auto parts Worldwide - Motoqube\"},\"image\":{\"@id\":\"https:\/\/motoqube.com\/de\/#\/schema\/logo\/image\/\"}}]}<\/script>\n<!-- \/ Yoast SEO plugin. -->","yoast_head_json":{"title":"ABC-Pumpe Mercedes W220\/C215 A0024666001 \u00fcberholt OEM","description":"\u00dcberholte OEM ABC-Pumpe A0024666001 f\u00fcr Mercedes W220\/C215 \u2013 gepr\u00fcft, sofort lieferbar, 12 Monate Garantie.","robots":{"index":"index","follow":"follow","max-snippet":"max-snippet:-1","max-image-preview":"max-image-preview:large","max-video-preview":"max-video-preview:-1"},"canonical":"https:\/\/motoqube.com\/de\/product\/generalueberholte-abc-hydrauliktandempumpe-fuer-mercedes-w220-c215-oem-a0024666001\/","og_locale":"de_DE","og_type":"article","og_title":"ABC-Pumpe Mercedes W220\/C215 A0024666001 \u00fcberholt OEM","og_description":"\u00dcberholte OEM ABC-Pumpe A0024666001 f\u00fcr Mercedes W220\/C215 \u2013 gepr\u00fcft, sofort lieferbar, 12 Monate Garantie.","og_url":"https:\/\/motoqube.com\/de\/product\/generalueberholte-abc-hydrauliktandempumpe-fuer-mercedes-w220-c215-oem-a0024666001\/","og_site_name":"Reconditioned Auto parts Worldwide - Motoqube","og_image":[{"width":907,"height":1024,"url":"https:\/\/motoqube.com\/wp-content\/uploads\/2025\/05\/abc1b-907x1024.png","type":"image\/png"}],"twitter_card":"summary_large_image","twitter_misc":{"Gesch\u00e4tzte Lesezeit":"1\u00a0Minute"},"schema":{"@context":"https:\/\/schema.org","@graph":[{"@type":"WebPage","@id":"https:\/\/motoqube.com\/de\/product\/generalueberholte-abc-hydrauliktandempumpe-fuer-mercedes-w220-c215-oem-a0024666001\/","url":"https:\/\/motoqube.com\/de\/product\/generalueberholte-abc-hydrauliktandempumpe-fuer-mercedes-w220-c215-oem-a0024666001\/","name":"ABC-Pumpe Mercedes W220\/C215 A0024666001 \u00fcberholt OEM","isPartOf":{"@id":"https:\/\/motoqube.com\/de\/#website"},"primaryImageOfPage":{"@id":"https:\/\/motoqube.com\/de\/product\/generalueberholte-abc-hydrauliktandempumpe-fuer-mercedes-w220-c215-oem-a0024666001\/#primaryimage"},"image":{"@id":"https:\/\/motoqube.com\/de\/product\/generalueberholte-abc-hydrauliktandempumpe-fuer-mercedes-w220-c215-oem-a0024666001\/#primaryimage"},"thumbnailUrl":"https:\/\/motoqube.com\/wp-content\/uploads\/2025\/05\/abc1b.png","datePublished":"2025-05-23T12:08:16+00:00","description":"\u00dcberholte OEM ABC-Pumpe A0024666001 f\u00fcr Mercedes W220\/C215 \u2013 gepr\u00fcft, sofort lieferbar, 12 Monate Garantie.","breadcrumb":{"@id":"https:\/\/motoqube.com\/de\/product\/generalueberholte-abc-hydrauliktandempumpe-fuer-mercedes-w220-c215-oem-a0024666001\/#breadcrumb"},"inLanguage":"de","potentialAction":[{"@type":"ReadAction","target":["https:\/\/motoqube.com\/de\/product\/generalueberholte-abc-hydrauliktandempumpe-fuer-mercedes-w220-c215-oem-a0024666001\/"]}]},{"@type":"ImageObject","inLanguage":"de","@id":"https:\/\/motoqube.com\/de\/product\/generalueberholte-abc-hydrauliktandempumpe-fuer-mercedes-w220-c215-oem-a0024666001\/#primaryimage","url":"https:\/\/motoqube.com\/wp-content\/uploads\/2025\/05\/abc1b.png","contentUrl":"https:\/\/motoqube.com\/wp-content\/uploads\/2025\/05\/abc1b.png","width":1726,"height":1949,"caption":"\u00dcberholte ABC-Tandempumpe A0024666001 \u2013 Vorderansicht f\u00fcr Mercedes W220\/C215"},{"@type":"BreadcrumbList","@id":"https:\/\/motoqube.com\/de\/product\/generalueberholte-abc-hydrauliktandempumpe-fuer-mercedes-w220-c215-oem-a0024666001\/#breadcrumb","itemListElement":[{"@type":"ListItem","position":1,"name":"Home","item":"https:\/\/motoqube.com\/de\/home\/"},{"@type":"ListItem","position":2,"name":"Produkte","item":"https:\/\/motoqube.com\/de\/shop\/"},{"@type":"ListItem","position":3,"name":"General\u00fcberholte ABC-Hydrauliktandempumpe f\u00fcr Mercedes W220 \/ C215 \u2013 OEM A0024666001"}]},{"@type":"WebSite","@id":"https:\/\/motoqube.com\/de\/#website","url":"https:\/\/motoqube.com\/de\/","name":"Reconditioned Auto parts Worldwide - Motoqube","description":"Connecting Automotive Businesses Across the Globe.","publisher":{"@id":"https:\/\/motoqube.com\/de\/#organization"},"potentialAction":[{"@type":"SearchAction","target":{"@type":"EntryPoint","urlTemplate":"https:\/\/motoqube.com\/de\/?s={search_term_string}"},"query-input":{"@type":"PropertyValueSpecification","valueRequired":true,"valueName":"search_term_string"}}],"inLanguage":"de"},{"@type":"Organization","@id":"https:\/\/motoqube.com\/de\/#organization","name":"Reconditioned Auto parts Worldwide - Motoqube","url":"https:\/\/motoqube.com\/de\/","logo":{"@type":"ImageObject","inLanguage":"de","@id":"https:\/\/motoqube.com\/de\/#\/schema\/logo\/image\/","url":"https:\/\/motoqube.com\/wp-content\/uploads\/2025\/06\/MOTOQUBE-5-1.png","contentUrl":"https:\/\/motoqube.com\/wp-content\/uploads\/2025\/06\/MOTOQUBE-5-1.png","width":500,"height":500,"caption":"Reconditioned Auto parts Worldwide - Motoqube"},"image":{"@id":"https:\/\/motoqube.com\/de\/#\/schema\/logo\/image\/"}}]}},"_links":{"self":[{"href":"https:\/\/motoqube.com\/de\/wp-json\/wp\/v2\/product\/101276","targetHints":{"allow":["GET"]}}],"collection":[{"href":"https:\/\/motoqube.com\/de\/wp-json\/wp\/v2\/product"}],"about":[{"href":"https:\/\/motoqube.com\/de\/wp-json\/wp\/v2\/types\/product"}],"replies":[{"embeddable":true,"href":"https:\/\/motoqube.com\/de\/wp-json\/wp\/v2\/comments?post=101276"}],"wp:featuredmedia":[{"embeddable":true,"href":"https:\/\/motoqube.com\/de\/wp-json\/wp\/v2\/media\/100882"}],"wp:attachment":[{"href":"https:\/\/motoqube.com\/de\/wp-json\/wp\/v2\/media?parent=101276"}],"wp:term":[{"taxonomy":"product_brand","embeddable":true,"href":"https:\/\/motoqube.com\/de\/wp-json\/wp\/v2\/product_brand?post=101276"},{"taxonomy":"product_cat","embeddable":true,"href":"https:\/\/motoqube.com\/de\/wp-json\/wp\/v2\/product_cat?post=101276"},{"taxonomy":"product_tag","embeddable":true,"href":"https:\/\/motoqube.com\/de\/wp-json\/wp\/v2\/product_tag?post=101276"}],"curies":[{"name":"wp","href":"https:\/\/api.w.org\/{rel}","templated":true}]}}