{"id":101301,"date":"2021-07-06T05:51:07","date_gmt":"2021-07-06T03:51:07","guid":{"rendered":"https:\/\/motoqube.com\/product\/generalueberholte-hochdruck-kraftstoffpumpe-fuer-mercedes-1-8-cgi-oem-a2710702201\/"},"modified":"2025-06-26T14:01:11","modified_gmt":"2025-06-26T12:01:11","slug":"generalueberholte-hochdruck-kraftstoffpumpe-fuer-mercedes-1-8-cgi-oem-a2710702201","status":"publish","type":"product","link":"https:\/\/motoqube.com\/de\/product\/generalueberholte-hochdruck-kraftstoffpumpe-fuer-mercedes-1-8-cgi-oem-a2710702201\/","title":{"rendered":"General\u00fcberholte Hochdruck-Kraftstoffpumpe f\u00fcr Mercedes 1.8 CGI \u2013 OEM A2710702201"},"content":{"rendered":"<h1 data-start=\"177\" data-end=\"239\">\ud83d\udd27 General\u00fcberholte Hochdruck-Kraftstoffpumpe f\u00fcr Mercedes 1.8 CGI \u2013 OEM A2710702201<\/h1>\n<p data-start=\"1076\" data-end=\"1385\">Restaurieren Sie die Leistungsf\u00e4higkeit Ihres<strong data-start=\"1108\" data-end=\"1140\"> Mercedes 1.8 CGI <\/strong>mit dieser <strong data-start=\"1151\" data-end=\"1194\">professionell \u00fcberholten OEM-Kraftstoffpumpe<\/strong>. Fachm\u00e4nnisch instandgesetzt, bietet sie neuwertige Leistung \u2013 zu einem deutlichen Preisvorteil und mit geringerem \u00f6kologischen Fu\u00dfabdruck. <\/p>\n<p data-start=\"1387\" data-end=\"1538\">Jede Pumpe wird <strong data-start=\"1400\" data-end=\"1446\">vollst\u00e4ndig demontiert, gr\u00fcndlich gereinigt,<\/strong> mit hochwertigen Teilen neu aufgebaut und unter realen <strong data-start=\"1485\" data-end=\"1509\">Bedingungen getestet<\/strong> \u2013 f\u00fcr maximale Zuverl\u00e4ssigkeit.<\/p>\n<hr data-start=\"1540\" data-end=\"1543\">\n<h3 data-start=\"1545\" data-end=\"1592\">\u2705<strong data-start=\"1551\" data-end=\"1592\">Vorteile unserer \u00fcberholten Kraftstoffpumpe<\/strong><\/h3>\n<ul data-start=\"1594\" data-end=\"1946\">\n<li data-start=\"1594\" data-end=\"1652\">\n<p data-start=\"1596\" data-end=\"1652\">\ud83d\udee0\ufe0f <strong data-start=\"1600\" data-end=\"1621\">Originalteil<\/strong> \u2013 kein Nachbau<\/p>\n<\/li>\n<li data-start=\"1653\" data-end=\"1719\">\n<p data-start=\"1655\" data-end=\"1719\">\u267b\ufe0f <strong data-start=\"1658\" data-end=\"1682\">Nachhaltig<\/strong> \u2013 spart Ressourcen &amp; reduziert Abf\u00e4lle<\/p>\n<\/li>\n<li data-start=\"1720\" data-end=\"1770\">\n<p data-start=\"1722\" data-end=\"1770\">\u2699\ufe0f <strong data-start=\"1725\" data-end=\"1768\">Vollst\u00e4ndig gepr\u00fcft \u2013 OEM-Leistung garantiert<\/strong><\/p>\n<\/li>\n<li data-start=\"1771\" data-end=\"1838\">\n<p data-start=\"1773\" data-end=\"1838\">\ud83e\uddf0 <strong data-start=\"1776\" data-end=\"1808\">Neue Verschlei\u00dfteile<\/strong> \u2013 Dichtungen, Ventile, etc.<\/p>\n<\/li>\n<li data-start=\"1894\" data-end=\"1946\">\n<p data-start=\"1896\" data-end=\"1946\">\ud83d\udee1\ufe0f <strong data-start=\"1900\" data-end=\"1921\">12 Monate Garantie<\/strong> \u2013 Leistung abgesichert<\/p>\n<\/li>\n<\/ul>\n<hr data-start=\"1948\" data-end=\"1951\">\n<h3 data-start=\"1953\" data-end=\"2011\">\ud83d\udccc <strong data-start=\"1960\" data-end=\"2011\">Fahrzeug-Kompatibilit\u00e4t (1.8\u202fCGI Benziner)<\/strong><\/h3>\n<p data-start=\"2013\" data-end=\"2031\"><strong data-start=\"2013\" data-end=\"2031\">Mercedes-Benz:<\/strong><\/p>\n<ul data-start=\"2032\" data-end=\"2120\">\n<li data-start=\"2032\" data-end=\"2054\">\n<p data-start=\"2034\" data-end=\"2054\"><strong data-start=\"2034\" data-end=\"2052\">C-Class (W204)<\/strong><\/p>\n<\/li>\n<li data-start=\"2055\" data-end=\"2083\">\n<p data-start=\"2057\" data-end=\"2083\"><strong data-start=\"2057\" data-end=\"2081\">E-Class Sedan (W212)<\/strong><\/p>\n<\/li>\n<li data-start=\"2084\" data-end=\"2120\">\n<p data-start=\"2086\" data-end=\"2120\"><strong data-start=\"2086\" data-end=\"2120\">E-Class Coupe\/Cabriolet (W207)<\/strong><\/p>\n<\/li>\n<\/ul>\n<p data-start=\"2122\" data-end=\"2208\">\u2139\ufe0f Bitte pr\u00fcfen Sie vor Bestellung die OEM-Teilenummer oder lassen Sie dies in der Werkstatt best\u00e4tigen.<\/p>\n<hr data-start=\"2210\" data-end=\"2213\">\n<h3 data-start=\"2215\" data-end=\"2254\">\ud83d\udd0d<strong data-start=\"2222\" data-end=\"2254\"> OEM- &amp; Vergleichsnummern<\/strong><\/h3>\n<ul data-start=\"2256\" data-end=\"2383\">\n<li data-start=\"2256\" data-end=\"2289\">\n<p data-start=\"2258\" data-end=\"2289\"><strong data-start=\"2258\" data-end=\"2273\">A2710702201<\/strong> (Hauptnummer)<\/p>\n<\/li>\n<li data-start=\"2290\" data-end=\"2305\">\n<p data-start=\"2292\" data-end=\"2305\">A2710703701<\/p>\n<\/li>\n<li data-start=\"2306\" data-end=\"2321\">\n<p data-start=\"2308\" data-end=\"2321\">A2710703501<\/p>\n<\/li>\n<li data-start=\"2322\" data-end=\"2337\">\n<p data-start=\"2324\" data-end=\"2337\">A2710702001<\/p>\n<\/li>\n<li data-start=\"2338\" data-end=\"2353\">\n<p data-start=\"2340\" data-end=\"2353\">A2710701901<\/p>\n<\/li>\n<li data-start=\"2354\" data-end=\"2369\">\n<p data-start=\"2356\" data-end=\"2369\">A2710701701<\/p>\n<\/li>\n<li data-start=\"2370\" data-end=\"2383\">\n<p data-start=\"2372\" data-end=\"2383\">A2710701501<\/p>\n<\/li>\n<\/ul>\n<hr data-start=\"2385\" data-end=\"2388\">\n<h3 data-start=\"2390\" data-end=\"2431\">\ud83d\udcb6 <strong data-start=\"2397\" data-end=\"2431\">Pfandsystem \u2013 \u20ac150 R\u00fcckerstattung<\/strong><\/h3>\n<p data-start=\"2433\" data-end=\"2579\">Pfandsystem \u2013 <strong data-start=\"2457\" data-end=\"2489\">\u20ac150 R\u00fcckerstattung<\/strong>. Dieses Produkt wird im Tauschverfahren angeboten. Es wird ein Pfandbetrag von \u20ac150 erhoben, der nach R\u00fccksendung Ihrer alten, einbauf\u00e4higen Einheit erstattet wird. <\/p>\n<h4 data-start=\"2581\" data-end=\"2599\">So funktioniert es:<\/h4>\n<ol data-start=\"2600\" data-end=\"2874\">\n<li data-start=\"2600\" data-end=\"2703\">\n<p data-start=\"2603\" data-end=\"2703\">Kauf + <strong data-start=\"2656\" data-end=\"2672\">separate Pfandzahlung <\/strong>(PayPal\/Bank\u00fcberweisung)<\/p>\n<\/li>\n<li data-start=\"2704\" data-end=\"2743\">\n<p data-start=\"2707\" data-end=\"2743\">Versand der \u00fcberholten Einheit<\/p>\n<\/li>\n<li data-start=\"2744\" data-end=\"2807\">\n<p data-start=\"2747\" data-end=\"2807\">R\u00fccksendung der gebrauchten Pumpe<\/p>\n<\/li>\n<li data-start=\"2808\" data-end=\"2874\">\n<p data-start=\"2811\" data-end=\"2874\">Nach Pr\u00fcfung (vollst\u00e4ndig, kein Bruch, kompatibel) erfolgt R\u00fcckerstattung innerhalb von <strong data-start=\"2811\" data-end=\"2859\">3\u20135 Werktagen<\/strong><\/p>\n<\/li>\n<\/ol>\n<p data-start=\"2876\" data-end=\"2889\">\u2705 Bedingungen:<\/p>\n<ul data-start=\"2890\" data-end=\"3006\">\n<li data-start=\"2890\" data-end=\"2975\">\n<p data-start=\"2892\" data-end=\"2975\">Einheit muss komplett und intakt sein (keine Br\u00fcche, lose Anschl\u00fcsse, starke Korrosion)<\/p>\n<\/li>\n<li data-start=\"2976\" data-end=\"3006\">\n<p data-start=\"2978\" data-end=\"3006\">R\u00fcckversand auf K\u00e4uferkosten<\/p>\n<\/li>\n<\/ul>\n<hr data-start=\"3008\" data-end=\"3011\">\n<h3 data-start=\"3013\" data-end=\"3048\">\ud83d\udee0\ufe0f <strong data-start=\"3021\" data-end=\"3048\">Einbau &amp; Garantie<\/strong><\/h3>\n<ul data-start=\"3050\" data-end=\"3216\">\n<li data-start=\"3050\" data-end=\"3098\">\n<p data-start=\"3052\" data-end=\"3098\">\ud83d\udd27 <strong data-start=\"3055\" data-end=\"3096\">Empfohlene Installation durch Fachwerkstatt<\/strong><\/p>\n<\/li>\n<li data-start=\"3099\" data-end=\"3159\">\n<p data-start=\"3101\" data-end=\"3159\">\ud83d\udeab Falscher Einbau oder Verunreinigung f\u00fchrt zum Garantieverlust<\/p>\n<\/li>\n<li data-start=\"3160\" data-end=\"3216\">\n<p data-start=\"3162\" data-end=\"3216\">\ud83d\udee1\ufe0f Garantiezeitraum: 12 Monate \u2013 bei korrektem Einbau<\/p>\n<\/li>\n<\/ul>\n","protected":false},"excerpt":{"rendered":"<p><strong data-start=\"83\" data-end=\"175\">Hochwertig \u00fcberholte Hochdruck-Kraftstoffpumpe f\u00fcr Mercedes-Benz 1.8 CGI Motoren (W204, W207, W212).<\/strong> Original-Teilenummer: A2710702201. Komplett gereinigt, getestet und nach OEM-Vorgaben wieder aufgebaut \u2013 umweltfreundlich und sofort einbaufertig. <\/p>\n","protected":false},"featured_media":100871,"comment_status":"open","ping_status":"closed","template":"","meta":{"_et_pb_use_builder":"","_et_pb_old_content":"","_et_gb_content_width":""},"product_brand":[],"product_cat":[72],"product_tag":[],"class_list":{"0":"post-101301","1":"product","2":"type-product","3":"status-publish","4":"has-post-thumbnail","6":"product_cat-kraftstoffpumpen","8":"first","9":"instock","10":"taxable","11":"shipping-taxable","12":"purchasable","13":"product-type-simple"},"yoast_head":"<!-- This site is optimized with the Yoast SEO plugin v25.3 - https:\/\/yoast.com\/wordpress\/plugins\/seo\/ -->\n<title>Hochdruck-Kraftstoffpumpe Mercedes 1.8 CGI A2710702201 \u00fcberholt<\/title>\n<meta name=\"description\" content=\"General\u00fcberholte Hochdruckpumpe A2710702201 f\u00fcr Mercedes 1.8 CGI \u2013 gepr\u00fcft, einbaufertig, 12\u202fM Garantie, umweltfreundlich.\" \/>\n<meta name=\"robots\" content=\"index, follow, max-snippet:-1, max-image-preview:large, max-video-preview:-1\" \/>\n<link rel=\"canonical\" href=\"https:\/\/motoqube.com\/de\/product\/generalueberholte-hochdruck-kraftstoffpumpe-fuer-mercedes-1-8-cgi-oem-a2710702201\/\" \/>\n<meta property=\"og:locale\" content=\"de_DE\" \/>\n<meta property=\"og:type\" content=\"article\" \/>\n<meta property=\"og:title\" content=\"Hochdruck-Kraftstoffpumpe Mercedes 1.8 CGI A2710702201 \u00fcberholt\" \/>\n<meta property=\"og:description\" content=\"General\u00fcberholte Hochdruckpumpe A2710702201 f\u00fcr Mercedes 1.8 CGI \u2013 gepr\u00fcft, einbaufertig, 12\u202fM Garantie, umweltfreundlich.\" \/>\n<meta property=\"og:url\" content=\"https:\/\/motoqube.com\/de\/product\/generalueberholte-hochdruck-kraftstoffpumpe-fuer-mercedes-1-8-cgi-oem-a2710702201\/\" \/>\n<meta property=\"og:site_name\" content=\"Reconditioned Auto parts Worldwide - Motoqube\" \/>\n<meta property=\"article:modified_time\" content=\"2025-06-26T12:01:11+00:00\" \/>\n<meta property=\"og:image\" content=\"https:\/\/motoqube.com\/wp-content\/uploads\/2021\/07\/pp04a.png\" \/>\n\t<meta property=\"og:image:width\" content=\"2048\" \/>\n\t<meta property=\"og:image:height\" content=\"1765\" \/>\n\t<meta property=\"og:image:type\" content=\"image\/png\" \/>\n<meta name=\"twitter:card\" content=\"summary_large_image\" \/>\n<meta name=\"twitter:label1\" content=\"Gesch\u00e4tzte Lesezeit\" \/>\n\t<meta name=\"twitter:data1\" content=\"1\u00a0Minute\" \/>\n<script type=\"application\/ld+json\" class=\"yoast-schema-graph\">{\"@context\":\"https:\/\/schema.org\",\"@graph\":[{\"@type\":\"WebPage\",\"@id\":\"https:\/\/motoqube.com\/de\/product\/generalueberholte-hochdruck-kraftstoffpumpe-fuer-mercedes-1-8-cgi-oem-a2710702201\/\",\"url\":\"https:\/\/motoqube.com\/de\/product\/generalueberholte-hochdruck-kraftstoffpumpe-fuer-mercedes-1-8-cgi-oem-a2710702201\/\",\"name\":\"Hochdruck-Kraftstoffpumpe Mercedes 1.8 CGI A2710702201 \u00fcberholt\",\"isPartOf\":{\"@id\":\"https:\/\/motoqube.com\/de\/#website\"},\"primaryImageOfPage\":{\"@id\":\"https:\/\/motoqube.com\/de\/product\/generalueberholte-hochdruck-kraftstoffpumpe-fuer-mercedes-1-8-cgi-oem-a2710702201\/#primaryimage\"},\"image\":{\"@id\":\"https:\/\/motoqube.com\/de\/product\/generalueberholte-hochdruck-kraftstoffpumpe-fuer-mercedes-1-8-cgi-oem-a2710702201\/#primaryimage\"},\"thumbnailUrl\":\"https:\/\/motoqube.com\/wp-content\/uploads\/2021\/07\/pp04a.png\",\"datePublished\":\"2021-07-06T03:51:07+00:00\",\"dateModified\":\"2025-06-26T12:01:11+00:00\",\"description\":\"General\u00fcberholte Hochdruckpumpe A2710702201 f\u00fcr Mercedes 1.8 CGI \u2013 gepr\u00fcft, einbaufertig, 12\u202fM Garantie, umweltfreundlich.\",\"breadcrumb\":{\"@id\":\"https:\/\/motoqube.com\/de\/product\/generalueberholte-hochdruck-kraftstoffpumpe-fuer-mercedes-1-8-cgi-oem-a2710702201\/#breadcrumb\"},\"inLanguage\":\"de\",\"potentialAction\":[{\"@type\":\"ReadAction\",\"target\":[\"https:\/\/motoqube.com\/de\/product\/generalueberholte-hochdruck-kraftstoffpumpe-fuer-mercedes-1-8-cgi-oem-a2710702201\/\"]}]},{\"@type\":\"ImageObject\",\"inLanguage\":\"de\",\"@id\":\"https:\/\/motoqube.com\/de\/product\/generalueberholte-hochdruck-kraftstoffpumpe-fuer-mercedes-1-8-cgi-oem-a2710702201\/#primaryimage\",\"url\":\"https:\/\/motoqube.com\/wp-content\/uploads\/2021\/07\/pp04a.png\",\"contentUrl\":\"https:\/\/motoqube.com\/wp-content\/uploads\/2021\/07\/pp04a.png\",\"width\":2048,\"height\":1765,\"caption\":\"General\u00fcberholte Mercedes 1.8 CGI Hochdruckpumpe \u2013 Vorderansicht A2710702201\"},{\"@type\":\"BreadcrumbList\",\"@id\":\"https:\/\/motoqube.com\/de\/product\/generalueberholte-hochdruck-kraftstoffpumpe-fuer-mercedes-1-8-cgi-oem-a2710702201\/#breadcrumb\",\"itemListElement\":[{\"@type\":\"ListItem\",\"position\":1,\"name\":\"Home\",\"item\":\"https:\/\/motoqube.com\/de\/home\/\"},{\"@type\":\"ListItem\",\"position\":2,\"name\":\"Produkte\",\"item\":\"https:\/\/motoqube.com\/de\/shop\/\"},{\"@type\":\"ListItem\",\"position\":3,\"name\":\"General\u00fcberholte Hochdruck-Kraftstoffpumpe f\u00fcr Mercedes 1.8 CGI \u2013 OEM A2710702201\"}]},{\"@type\":\"WebSite\",\"@id\":\"https:\/\/motoqube.com\/de\/#website\",\"url\":\"https:\/\/motoqube.com\/de\/\",\"name\":\"Reconditioned Auto parts Worldwide - Motoqube\",\"description\":\"Connecting Automotive Businesses Across the Globe.\",\"publisher\":{\"@id\":\"https:\/\/motoqube.com\/de\/#organization\"},\"potentialAction\":[{\"@type\":\"SearchAction\",\"target\":{\"@type\":\"EntryPoint\",\"urlTemplate\":\"https:\/\/motoqube.com\/de\/?s={search_term_string}\"},\"query-input\":{\"@type\":\"PropertyValueSpecification\",\"valueRequired\":true,\"valueName\":\"search_term_string\"}}],\"inLanguage\":\"de\"},{\"@type\":\"Organization\",\"@id\":\"https:\/\/motoqube.com\/de\/#organization\",\"name\":\"Reconditioned Auto parts Worldwide - Motoqube\",\"url\":\"https:\/\/motoqube.com\/de\/\",\"logo\":{\"@type\":\"ImageObject\",\"inLanguage\":\"de\",\"@id\":\"https:\/\/motoqube.com\/de\/#\/schema\/logo\/image\/\",\"url\":\"https:\/\/motoqube.com\/wp-content\/uploads\/2025\/06\/MOTOQUBE-5-1.png\",\"contentUrl\":\"https:\/\/motoqube.com\/wp-content\/uploads\/2025\/06\/MOTOQUBE-5-1.png\",\"width\":500,\"height\":500,\"caption\":\"Reconditioned Auto parts Worldwide - Motoqube\"},\"image\":{\"@id\":\"https:\/\/motoqube.com\/de\/#\/schema\/logo\/image\/\"}}]}<\/script>\n<!-- \/ Yoast SEO plugin. -->","yoast_head_json":{"title":"Hochdruck-Kraftstoffpumpe Mercedes 1.8 CGI A2710702201 \u00fcberholt","description":"General\u00fcberholte Hochdruckpumpe A2710702201 f\u00fcr Mercedes 1.8 CGI \u2013 gepr\u00fcft, einbaufertig, 12\u202fM Garantie, umweltfreundlich.","robots":{"index":"index","follow":"follow","max-snippet":"max-snippet:-1","max-image-preview":"max-image-preview:large","max-video-preview":"max-video-preview:-1"},"canonical":"https:\/\/motoqube.com\/de\/product\/generalueberholte-hochdruck-kraftstoffpumpe-fuer-mercedes-1-8-cgi-oem-a2710702201\/","og_locale":"de_DE","og_type":"article","og_title":"Hochdruck-Kraftstoffpumpe Mercedes 1.8 CGI A2710702201 \u00fcberholt","og_description":"General\u00fcberholte Hochdruckpumpe A2710702201 f\u00fcr Mercedes 1.8 CGI \u2013 gepr\u00fcft, einbaufertig, 12\u202fM Garantie, umweltfreundlich.","og_url":"https:\/\/motoqube.com\/de\/product\/generalueberholte-hochdruck-kraftstoffpumpe-fuer-mercedes-1-8-cgi-oem-a2710702201\/","og_site_name":"Reconditioned Auto parts Worldwide - Motoqube","article_modified_time":"2025-06-26T12:01:11+00:00","og_image":[{"width":2048,"height":1765,"url":"https:\/\/motoqube.com\/wp-content\/uploads\/2021\/07\/pp04a.png","type":"image\/png"}],"twitter_card":"summary_large_image","twitter_misc":{"Gesch\u00e4tzte Lesezeit":"1\u00a0Minute"},"schema":{"@context":"https:\/\/schema.org","@graph":[{"@type":"WebPage","@id":"https:\/\/motoqube.com\/de\/product\/generalueberholte-hochdruck-kraftstoffpumpe-fuer-mercedes-1-8-cgi-oem-a2710702201\/","url":"https:\/\/motoqube.com\/de\/product\/generalueberholte-hochdruck-kraftstoffpumpe-fuer-mercedes-1-8-cgi-oem-a2710702201\/","name":"Hochdruck-Kraftstoffpumpe Mercedes 1.8 CGI A2710702201 \u00fcberholt","isPartOf":{"@id":"https:\/\/motoqube.com\/de\/#website"},"primaryImageOfPage":{"@id":"https:\/\/motoqube.com\/de\/product\/generalueberholte-hochdruck-kraftstoffpumpe-fuer-mercedes-1-8-cgi-oem-a2710702201\/#primaryimage"},"image":{"@id":"https:\/\/motoqube.com\/de\/product\/generalueberholte-hochdruck-kraftstoffpumpe-fuer-mercedes-1-8-cgi-oem-a2710702201\/#primaryimage"},"thumbnailUrl":"https:\/\/motoqube.com\/wp-content\/uploads\/2021\/07\/pp04a.png","datePublished":"2021-07-06T03:51:07+00:00","dateModified":"2025-06-26T12:01:11+00:00","description":"General\u00fcberholte Hochdruckpumpe A2710702201 f\u00fcr Mercedes 1.8 CGI \u2013 gepr\u00fcft, einbaufertig, 12\u202fM Garantie, umweltfreundlich.","breadcrumb":{"@id":"https:\/\/motoqube.com\/de\/product\/generalueberholte-hochdruck-kraftstoffpumpe-fuer-mercedes-1-8-cgi-oem-a2710702201\/#breadcrumb"},"inLanguage":"de","potentialAction":[{"@type":"ReadAction","target":["https:\/\/motoqube.com\/de\/product\/generalueberholte-hochdruck-kraftstoffpumpe-fuer-mercedes-1-8-cgi-oem-a2710702201\/"]}]},{"@type":"ImageObject","inLanguage":"de","@id":"https:\/\/motoqube.com\/de\/product\/generalueberholte-hochdruck-kraftstoffpumpe-fuer-mercedes-1-8-cgi-oem-a2710702201\/#primaryimage","url":"https:\/\/motoqube.com\/wp-content\/uploads\/2021\/07\/pp04a.png","contentUrl":"https:\/\/motoqube.com\/wp-content\/uploads\/2021\/07\/pp04a.png","width":2048,"height":1765,"caption":"General\u00fcberholte Mercedes 1.8 CGI Hochdruckpumpe \u2013 Vorderansicht A2710702201"},{"@type":"BreadcrumbList","@id":"https:\/\/motoqube.com\/de\/product\/generalueberholte-hochdruck-kraftstoffpumpe-fuer-mercedes-1-8-cgi-oem-a2710702201\/#breadcrumb","itemListElement":[{"@type":"ListItem","position":1,"name":"Home","item":"https:\/\/motoqube.com\/de\/home\/"},{"@type":"ListItem","position":2,"name":"Produkte","item":"https:\/\/motoqube.com\/de\/shop\/"},{"@type":"ListItem","position":3,"name":"General\u00fcberholte Hochdruck-Kraftstoffpumpe f\u00fcr Mercedes 1.8 CGI \u2013 OEM A2710702201"}]},{"@type":"WebSite","@id":"https:\/\/motoqube.com\/de\/#website","url":"https:\/\/motoqube.com\/de\/","name":"Reconditioned Auto parts Worldwide - Motoqube","description":"Connecting Automotive Businesses Across the Globe.","publisher":{"@id":"https:\/\/motoqube.com\/de\/#organization"},"potentialAction":[{"@type":"SearchAction","target":{"@type":"EntryPoint","urlTemplate":"https:\/\/motoqube.com\/de\/?s={search_term_string}"},"query-input":{"@type":"PropertyValueSpecification","valueRequired":true,"valueName":"search_term_string"}}],"inLanguage":"de"},{"@type":"Organization","@id":"https:\/\/motoqube.com\/de\/#organization","name":"Reconditioned Auto parts Worldwide - Motoqube","url":"https:\/\/motoqube.com\/de\/","logo":{"@type":"ImageObject","inLanguage":"de","@id":"https:\/\/motoqube.com\/de\/#\/schema\/logo\/image\/","url":"https:\/\/motoqube.com\/wp-content\/uploads\/2025\/06\/MOTOQUBE-5-1.png","contentUrl":"https:\/\/motoqube.com\/wp-content\/uploads\/2025\/06\/MOTOQUBE-5-1.png","width":500,"height":500,"caption":"Reconditioned Auto parts Worldwide - Motoqube"},"image":{"@id":"https:\/\/motoqube.com\/de\/#\/schema\/logo\/image\/"}}]}},"_links":{"self":[{"href":"https:\/\/motoqube.com\/de\/wp-json\/wp\/v2\/product\/101301","targetHints":{"allow":["GET"]}}],"collection":[{"href":"https:\/\/motoqube.com\/de\/wp-json\/wp\/v2\/product"}],"about":[{"href":"https:\/\/motoqube.com\/de\/wp-json\/wp\/v2\/types\/product"}],"replies":[{"embeddable":true,"href":"https:\/\/motoqube.com\/de\/wp-json\/wp\/v2\/comments?post=101301"}],"wp:featuredmedia":[{"embeddable":true,"href":"https:\/\/motoqube.com\/de\/wp-json\/wp\/v2\/media\/100871"}],"wp:attachment":[{"href":"https:\/\/motoqube.com\/de\/wp-json\/wp\/v2\/media?parent=101301"}],"wp:term":[{"taxonomy":"product_brand","embeddable":true,"href":"https:\/\/motoqube.com\/de\/wp-json\/wp\/v2\/product_brand?post=101301"},{"taxonomy":"product_cat","embeddable":true,"href":"https:\/\/motoqube.com\/de\/wp-json\/wp\/v2\/product_cat?post=101301"},{"taxonomy":"product_tag","embeddable":true,"href":"https:\/\/motoqube.com\/de\/wp-json\/wp\/v2\/product_tag?post=101301"}],"curies":[{"name":"wp","href":"https:\/\/api.w.org\/{rel}","templated":true}]}}