{"id":101368,"date":"2021-06-01T16:22:57","date_gmt":"2021-06-01T14:22:57","guid":{"rendered":"https:\/\/motoqube.com\/produits\/"},"modified":"2025-07-29T13:25:33","modified_gmt":"2025-07-29T11:25:33","slug":"produits","status":"publish","type":"page","link":"https:\/\/motoqube.com\/fr\/produits\/","title":{"rendered":"Produits"},"content":{"rendered":"<p>[et_pb_section fb_built=&#8221;1&#8243; custom_padding_last_edited=&#8221;on|phone&#8221; _builder_version=&#8221;4.27.4&#8243; _module_preset=&#8221;default&#8221; background_color=&#8221;#FF8057&#8243; background_enable_image=&#8221;off&#8221; background_size=&#8221;custom&#8221; background_image_width=&#8221;125%&#8221; background_position=&#8221;center_left&#8221; custom_padding=&#8221;5px||5px||true|false&#8221; custom_padding_tablet=&#8221;90px||90px||true|false&#8221; custom_padding_phone=&#8221;30px||30px||true|false&#8221; hover_enabled=&#8221;0&#8243; background_color_phone=&#8221;rgba(0,0,0,0.5)&#8221; background_last_edited=&#8221;off|desktop&#8221; background_enable_color_phone=&#8221;on&#8221; background_blend_phone=&#8221;overlay&#8221; global_colors_info=&#8221;{}&#8221; sticky_enabled=&#8221;0&#8243;][et_pb_row _builder_version=&#8221;4.16&#8243; _module_preset=&#8221;default&#8221; global_colors_info=&#8221;{}&#8221;][et_pb_column type=&#8221;4_4&#8243; _builder_version=&#8221;4.16&#8243; _module_preset=&#8221;default&#8221; global_colors_info=&#8221;{}&#8221;][et_pb_icon font_icon=&#8221;&#xf290;||fa||900&#8243; icon_color=&#8221;#FFFFFF&#8221; icon_width=&#8221;30px&#8221; align=&#8221;left&#8221; _builder_version=&#8221;4.27.0&#8243; _module_preset=&#8221;default&#8221; global_colors_info=&#8221;{}&#8221;][\/et_pb_icon][et_pb_text _builder_version=&#8221;4.27.0&#8243; _module_preset=&#8221;default&#8221; header_3_font=&#8221;|700|||||||&#8221; header_3_text_color=&#8221;#FFFFFF&#8221; header_3_font_size=&#8221;40px&#8221; custom_margin=&#8221;||5px||false|false&#8221; text_font_size_tablet=&#8221;&#8221; text_font_size_phone=&#8221;9px&#8221; text_font_size_last_edited=&#8221;on|phone&#8221; header_3_font_size_tablet=&#8221;40px&#8221; header_3_font_size_phone=&#8221;25px&#8221; header_3_font_size_last_edited=&#8221;on|desktop&#8221; global_colors_info=&#8221;{}&#8221;]<\/p>\n<h3>Parcourir nos produits<\/h3>\n<p>[\/et_pb_text][et_pb_text _builder_version=&#8221;4.27.4&#8243; _module_preset=&#8221;default&#8221; text_text_color=&#8221;rgba(255,255,255,0.79)&#8221; text_font_size=&#8221;18px&#8221; text_line_height=&#8221;1.8em&#8221; width=&#8221;45%&#8221; width_tablet=&#8221;70%&#8221; width_phone=&#8221;100%&#8221; width_last_edited=&#8221;on|phone&#8221; text_font_size_tablet=&#8221;15px&#8221; text_font_size_phone=&#8221;15px&#8221; text_font_size_last_edited=&#8221;on|desktop&#8221; text_line_height_tablet=&#8221;1.8em&#8221; text_line_height_phone=&#8221;1.6em&#8221; text_line_height_last_edited=&#8221;on|phone&#8221; global_colors_info=&#8221;{}&#8221;]<\/p>\n<p data-start=\"110\" data-end=\"184\"><strong data-start=\"110\" data-end=\"184\">Parcourez nos pi\u00e8ces auto ci-dessous \u2013 filtrez par cat\u00e9gorie, prix, marque et plus<\/strong><\/p>\n<p data-start=\"186\" data-end=\"371\">Trouvez des pi\u00e8ces automobiles reconditionn\u00e9es et d&#8217;origine de haute qualit\u00e9 pour votre v\u00e9hicule. Naviguez et filtrez facilement les pi\u00e8ces par cat\u00e9gorie, gamme de prix et mod\u00e8les de v\u00e9hicules sp\u00e9cifiques pour obtenir exactement ce dont vous avez besoin. <\/p>\n<p>[\/et_pb_text][\/et_pb_column][\/et_pb_row][\/et_pb_section][et_pb_section fb_built=&#8221;1&#8243; _builder_version=&#8221;4.16&#8243; _module_preset=&#8221;default&#8221; global_colors_info=&#8221;{}&#8221;][et_pb_row column_structure=&#8221;1_4,3_4&#8243; use_custom_gutter=&#8221;on&#8221; gutter_width=&#8221;2&#8243; _builder_version=&#8221;4.27.0&#8243; _module_preset=&#8221;default&#8221; background_enable_color=&#8221;off&#8221; width=&#8221;90%&#8221; max_width=&#8221;1400px&#8221; global_colors_info=&#8221;{}&#8221;][et_pb_column type=&#8221;1_4&#8243; _builder_version=&#8221;4.27.0&#8243; _module_preset=&#8221;default&#8221; custom_padding=&#8221;40px|25px|40px|25px|true|true&#8221; border_radii=&#8221;on|5px|5px|5px|5px&#8221; border_width_all=&#8221;1px&#8221; border_color_all=&#8221;#eeeeee&#8221; box_shadow_style=&#8221;preset1&#8243; box_shadow_vertical=&#8221;15px&#8221; box_shadow_blur=&#8221;55px&#8221; box_shadow_color=&#8221;rgba(0,0,0,0.1)&#8221; global_colors_info=&#8221;{}&#8221;][et_pb_text _builder_version=&#8221;4.27.0&#8243; _module_preset=&#8221;default&#8221; header_3_font=&#8221;|700|||||||&#8221; header_3_font_size=&#8221;20px&#8221; global_colors_info=&#8221;{}&#8221;]<\/p>\n<h3><span style=\"color: #ff8057;\">Filtrer<\/span> les produits<\/h3>\n<p>[\/et_pb_text][et_pb_divider color=&#8221;rgba(0,0,0,0.11)&#8221; _builder_version=&#8221;4.16&#8243; _module_preset=&#8221;default&#8221; custom_margin=&#8221;||-15px||false|false&#8221; global_colors_info=&#8221;{}&#8221;][\/et_pb_divider][et_pb_text _builder_version=&#8221;4.16&#8243; _module_preset=&#8221;default&#8221; global_colors_info=&#8221;{}&#8221;]        <form\n\t\t\tdata-post-id=\"101368\"\n\t\t\tdata-slug=\"wpf_60b708865fb71\"\n\t\t\taction=\"\"\n\t\t\tdata-shop=\"\"\n\t\t\tmethod=\"get\"\n\t\t\tclass=\"wpf_form wpf_form_wpf_60b708865fb71 wpf_submit_on_change\"\n\t\t\tstyle=\"visibility: hidden;\"\n\t\t\tdata-infinitybuffer=\"300\"\n\t\t>\n            <input type=\"hidden\" name=\"wpf\" value=\"wpf_60b708865fb71\" \/>\n\t\t\t<input type=\"hidden\" name=\"orderby\" value=\"\" \/>\n\t\t\t<input type=\"hidden\" name=\"wpf_cols\" value=\"\" \/>\n\t\t\t<input type=\"hidden\" name=\"wpf_page\" value=\"1\" \/>\n\t\t\t                        <div class=\"wpf_items_wrapper wpf_layout_vertical\">\n                                                                                                                <div class=\"wpf_item wpf_item_price\">\n                                                                    <div class=\"wpf_item_name\">Filter by Price<\/div>\n                                                                                                <div data-max=\"1080\" data-min=\"220\" data-step=\"1\" class=\"wpf_slider\"><\/div>\n\t\t\t\t\t<div class=\"wpf-slider-label\">\n\t\t\t\t\t\t<span class=\"woocommerce-Price-amount amount\"><bdi><span class=\"wpf-price-min\">220<\/span>&nbsp;<span class=\"woocommerce-Price-currencySymbol\">&euro;<\/span><\/bdi><\/span>\t\t\t\t\t\t-\n\t\t\t\t\t\t<span class=\"woocommerce-Price-amount amount\"><bdi><span class=\"wpf-price-max\">1080<\/span>&nbsp;<span class=\"woocommerce-Price-currencySymbol\">&euro;<\/span><\/bdi><\/span>\t\t\t\t\t<\/div>\n\t\t\t\t\t<input type=\"hidden\" name=\"wpf_filter-by-price-from\" value=\"\" class=\"wpf_price_from\" \/>\n\t\t\t\t\t<input type=\"hidden\" name=\"wpf_filter-by-price-to\" value=\"\" class=\"wpf_price_to\" \/>\t\t\t\t\t\t\t\t\t                                                            <\/div>\n                                                                                                                                                            <div class=\"wpf_item wpf_item_wpf_cat\">\n                                                                    <div class=\"wpf_item_name\">Filter by Category<\/div>\n                                                                                                <ul class=\"wpf_column_horizontal\">\n                                                                                        \n                    \n                            <li class=\"wpf_product_cat_77\">\n                                                                    <input  id=\"wpf_wpf_60b708865fb71_77\" type=\"checkbox\" name=\"wpf_filter-by-category[]\" value=\"boitier-de-direction\" \/>\n                        <label                                 for=\"wpf_wpf_60b708865fb71_77\">\n                            Bo\u00eetier de direction                                                    <\/label>\n                    \n                    <span class=\"wpf_item_count\">1<\/span>                                    <\/li>\n                                \n                            <li class=\"wpf_product_cat_82\">\n                                                                    <input  id=\"wpf_wpf_60b708865fb71_82\" type=\"checkbox\" name=\"wpf_filter-by-category[]\" value=\"pieces-de-suspension-abc\" \/>\n                        <label                                 for=\"wpf_wpf_60b708865fb71_82\">\n                            Pi\u00e8ces de suspension ABC                                                    <\/label>\n                    \n                    <span class=\"wpf_item_count\">8<\/span>                                    <\/li>\n                                \n                            <li class=\"wpf_product_cat_81\">\n                                                                    <input  id=\"wpf_wpf_60b708865fb71_81\" type=\"checkbox\" name=\"wpf_filter-by-category[]\" value=\"pompes-a-carburant\" \/>\n                        <label                                 for=\"wpf_wpf_60b708865fb71_81\">\n                            Pompes \u00e0 carburant                                                    <\/label>\n                    \n                    <span class=\"wpf_item_count\">5<\/span>                                    <\/li>\n                                \n                            <li class=\"wpf_product_cat_80\">\n                                                                    <input  id=\"wpf_wpf_60b708865fb71_80\" type=\"checkbox\" name=\"wpf_filter-by-category[]\" value=\"pompes-de-direction-assistee\" \/>\n                        <label                                 for=\"wpf_wpf_60b708865fb71_80\">\n                            Pompes de direction assist\u00e9e                                                    <\/label>\n                    \n                    <span class=\"wpf_item_count\">4<\/span>                                    <\/li>\n                                \n                            <li class=\"wpf_product_cat_78\">\n                                                                    <input  id=\"wpf_wpf_60b708865fb71_78\" type=\"checkbox\" name=\"wpf_filter-by-category[]\" value=\"unites-de-controle-de-transmission\" \/>\n                        <label                                 for=\"wpf_wpf_60b708865fb71_78\">\n                            Unit\u00e9s de contr\u00f4le de transmission                                                    <\/label>\n                    \n                    <span class=\"wpf_item_count\">1<\/span>                                    <\/li>\n                                \n                            <li class=\"wpf_product_cat_85\">\n                                                                    <input  id=\"wpf_wpf_60b708865fb71_85\" type=\"checkbox\" name=\"wpf_filter-by-category[]\" value=\"active-suspension\" \/>\n                        <label                                 for=\"wpf_wpf_60b708865fb71_85\">\n                            Active Suspension                                                    <\/label>\n                    \n                    <span class=\"wpf_item_count\">2<\/span>                                    <\/li>\n                                \n                            <li class=\"wpf_product_cat_84\">\n                                                                    <input  id=\"wpf_wpf_60b708865fb71_84\" type=\"checkbox\" name=\"wpf_filter-by-category[]\" value=\"air-suspension\" \/>\n                        <label                                 for=\"wpf_wpf_60b708865fb71_84\">\n                            Air Suspension                                                    <\/label>\n                    \n                    <span class=\"wpf_item_count\">1<\/span>                                    <\/li>\n                                                                                                            <\/ul>\t\t\t\t\t\t\t\t\t                                                            <\/div>\n                                                                                                                                                            <div class=\"wpf_item wpf_item_pa_color\">\n                                                                    <div class=\"wpf_item_name\">Filter by Color<\/div>\n                                                                                                <ul class=\"wpf_column_horizontal wpf_color_icons\">\n                                                                                        \n                    \n                            <li class=\"wpf_pa_color_40\">\n                                                                    <input  id=\"wpf_wpf_60b708865fb71_40\" type=\"radio\" name=\"wpf_filter-by-color[]\" value=\"blue\" \/>\n                        <label                                 for=\"wpf_wpf_60b708865fb71_40\">\n                            Blue                                                        <span class=\"wpf_tooltip\">Blue<\/span>\n                                                    <\/label>\n                    \n                    <span class=\"wpf_item_count\">3<\/span>                                    <\/li>\n                                \n                            <li class=\"wpf_pa_color_41\">\n                                                                    <input  id=\"wpf_wpf_60b708865fb71_41\" type=\"radio\" name=\"wpf_filter-by-color[]\" value=\"green\" \/>\n                        <label                                 style=\"\n                                                                        background-color:rgba(17, 125, 214, 1);                                      color:rgba(255, 255, 255, 1);\"\n                                                               for=\"wpf_wpf_60b708865fb71_41\">\n                            Green                                                        <span class=\"wpf_tooltip\">Green<\/span>\n                                                    <\/label>\n                    \n                    <span class=\"wpf_item_count\">3<\/span>                                    <\/li>\n                                \n                            <li class=\"wpf_pa_color_42\">\n                                                                    <input  id=\"wpf_wpf_60b708865fb71_42\" type=\"radio\" name=\"wpf_filter-by-color[]\" value=\"red\" \/>\n                        <label                                 style=\"\n                                                                        background-color:rgba(85, 186, 31, 1);                                      color:rgba(255, 255, 255, 1);\"\n                                                               for=\"wpf_wpf_60b708865fb71_42\">\n                            Red                                                        <span class=\"wpf_tooltip\">Red<\/span>\n                                                    <\/label>\n                    \n                    <span class=\"wpf_item_count\">3<\/span>                                    <\/li>\n                                                                                                            <\/ul>\t\t\t\t\t\t\t\t\t                                                            <\/div>\n                                                                        <\/div>\n                            <div class=\"wpf_reset_btn\"><input type=\"reset\" value=\"Clear\"\/><\/div>\n            \n\t\t\t<div class=\"wpf-no-products-found\" style=\"display: none;\">\n\t\t\t\t<p class=\"woocommerce-info\">No Poduct find matching your Selection, Please try a different Filter.<\/p>\n\t\t\t<\/div>\n        <\/form>\n        [\/et_pb_text][\/et_pb_column][et_pb_column type=&#8221;3_4&#8243; _builder_version=&#8221;4.16&#8243; _module_preset=&#8221;default&#8221; global_colors_info=&#8221;{}&#8221;][et_pb_shop show_pagination=&#8221;on&#8221; columns_number=&#8221;4&#8243; _builder_version=&#8221;4.27.0&#8243; _module_preset=&#8221;6e4f3fc6-300e-4bbd-ab6e-1ef8a4385138&#8243; title_line_height=&#8221;1.4em&#8221; global_colors_info=&#8221;{}&#8221;][\/et_pb_shop][\/et_pb_column][\/et_pb_row][\/et_pb_section]<\/p>\n","protected":false},"excerpt":{"rendered":"<p>Parcourir nos produitsParcourez nos pi\u00e8ces auto ci-dessous \u2013 filtrez par cat\u00e9gorie, prix, marque et plus Trouvez des pi\u00e8ces automobiles reconditionn\u00e9es et d&#8217;origine de haute qualit\u00e9 pour votre v\u00e9hicule. Naviguez et filtrez facilement les pi\u00e8ces par cat\u00e9gorie, gamme de prix et mod\u00e8les de v\u00e9hicules sp\u00e9cifiques pour obtenir exactement ce dont vous avez besoin. Filtrer les produits<\/p>\n","protected":false},"author":1,"featured_media":0,"parent":0,"menu_order":0,"comment_status":"closed","ping_status":"closed","template":"","meta":{"_et_pb_use_builder":"on","_et_pb_old_content":"","_et_gb_content_width":"","footnotes":""},"class_list":["post-101368","page","type-page","status-publish","hentry"],"yoast_head":"<!-- This site is optimized with the Yoast SEO plugin v25.3 - https:\/\/yoast.com\/wordpress\/plugins\/seo\/ -->\n<title>Produits - Reconditioned Auto parts Worldwide - Motoqube<\/title>\n<meta name=\"robots\" content=\"index, follow, max-snippet:-1, max-image-preview:large, max-video-preview:-1\" \/>\n<link rel=\"canonical\" href=\"https:\/\/motoqube.com\/fr\/produits\/\" \/>\n<meta property=\"og:locale\" content=\"fr_FR\" \/>\n<meta property=\"og:type\" content=\"article\" \/>\n<meta property=\"og:title\" content=\"Produits - Reconditioned Auto parts Worldwide - Motoqube\" \/>\n<meta property=\"og:description\" content=\"Parcourir nos produitsParcourez nos pi\u00e8ces auto ci-dessous \u2013 filtrez par cat\u00e9gorie, prix, marque et plus Trouvez des pi\u00e8ces automobiles reconditionn\u00e9es et d&#039;origine de haute qualit\u00e9 pour votre v\u00e9hicule. Naviguez et filtrez facilement les pi\u00e8ces par cat\u00e9gorie, gamme de prix et mod\u00e8les de v\u00e9hicules sp\u00e9cifiques pour obtenir exactement ce dont vous avez besoin. Filtrer les produits\" \/>\n<meta property=\"og:url\" content=\"https:\/\/motoqube.com\/fr\/produits\/\" \/>\n<meta property=\"og:site_name\" content=\"Reconditioned Auto parts Worldwide - Motoqube\" \/>\n<meta property=\"article:modified_time\" content=\"2025-07-29T11:25:33+00:00\" \/>\n<meta name=\"twitter:card\" content=\"summary_large_image\" \/>\n<meta name=\"twitter:label1\" content=\"Dur\u00e9e de lecture estim\u00e9e\" \/>\n\t<meta name=\"twitter:data1\" content=\"3 minutes\" \/>\n<script type=\"application\/ld+json\" class=\"yoast-schema-graph\">{\"@context\":\"https:\/\/schema.org\",\"@graph\":[{\"@type\":\"WebPage\",\"@id\":\"https:\/\/motoqube.com\/fr\/produits\/\",\"url\":\"https:\/\/motoqube.com\/fr\/produits\/\",\"name\":\"Produits - Reconditioned Auto parts Worldwide - Motoqube\",\"isPartOf\":{\"@id\":\"https:\/\/motoqube.com\/fr\/#website\"},\"datePublished\":\"2021-06-01T14:22:57+00:00\",\"dateModified\":\"2025-07-29T11:25:33+00:00\",\"breadcrumb\":{\"@id\":\"https:\/\/motoqube.com\/fr\/produits\/#breadcrumb\"},\"inLanguage\":\"fr-FR\",\"potentialAction\":[{\"@type\":\"ReadAction\",\"target\":[\"https:\/\/motoqube.com\/fr\/produits\/\"]}]},{\"@type\":\"BreadcrumbList\",\"@id\":\"https:\/\/motoqube.com\/fr\/produits\/#breadcrumb\",\"itemListElement\":[{\"@type\":\"ListItem\",\"position\":1,\"name\":\"Home\",\"item\":\"https:\/\/motoqube.com\/fr\/accueil\/\"},{\"@type\":\"ListItem\",\"position\":2,\"name\":\"Produits\"}]},{\"@type\":\"WebSite\",\"@id\":\"https:\/\/motoqube.com\/fr\/#website\",\"url\":\"https:\/\/motoqube.com\/fr\/\",\"name\":\"Reconditioned Auto parts Worldwide - Motoqube\",\"description\":\"Connecting Automotive Businesses Across the Globe.\",\"publisher\":{\"@id\":\"https:\/\/motoqube.com\/fr\/#organization\"},\"potentialAction\":[{\"@type\":\"SearchAction\",\"target\":{\"@type\":\"EntryPoint\",\"urlTemplate\":\"https:\/\/motoqube.com\/fr\/?s={search_term_string}\"},\"query-input\":{\"@type\":\"PropertyValueSpecification\",\"valueRequired\":true,\"valueName\":\"search_term_string\"}}],\"inLanguage\":\"fr-FR\"},{\"@type\":\"Organization\",\"@id\":\"https:\/\/motoqube.com\/fr\/#organization\",\"name\":\"Reconditioned Auto parts Worldwide - Motoqube\",\"url\":\"https:\/\/motoqube.com\/fr\/\",\"logo\":{\"@type\":\"ImageObject\",\"inLanguage\":\"fr-FR\",\"@id\":\"https:\/\/motoqube.com\/fr\/#\/schema\/logo\/image\/\",\"url\":\"https:\/\/motoqube.com\/wp-content\/uploads\/2025\/06\/MOTOQUBE-5-1.png\",\"contentUrl\":\"https:\/\/motoqube.com\/wp-content\/uploads\/2025\/06\/MOTOQUBE-5-1.png\",\"width\":500,\"height\":500,\"caption\":\"Reconditioned Auto parts Worldwide - Motoqube\"},\"image\":{\"@id\":\"https:\/\/motoqube.com\/fr\/#\/schema\/logo\/image\/\"}}]}<\/script>\n<!-- \/ Yoast SEO plugin. -->","yoast_head_json":{"title":"Produits - Reconditioned Auto parts Worldwide - Motoqube","robots":{"index":"index","follow":"follow","max-snippet":"max-snippet:-1","max-image-preview":"max-image-preview:large","max-video-preview":"max-video-preview:-1"},"canonical":"https:\/\/motoqube.com\/fr\/produits\/","og_locale":"fr_FR","og_type":"article","og_title":"Produits - Reconditioned Auto parts Worldwide - Motoqube","og_description":"Parcourir nos produitsParcourez nos pi\u00e8ces auto ci-dessous \u2013 filtrez par cat\u00e9gorie, prix, marque et plus Trouvez des pi\u00e8ces automobiles reconditionn\u00e9es et d'origine de haute qualit\u00e9 pour votre v\u00e9hicule. Naviguez et filtrez facilement les pi\u00e8ces par cat\u00e9gorie, gamme de prix et mod\u00e8les de v\u00e9hicules sp\u00e9cifiques pour obtenir exactement ce dont vous avez besoin. Filtrer les produits","og_url":"https:\/\/motoqube.com\/fr\/produits\/","og_site_name":"Reconditioned Auto parts Worldwide - Motoqube","article_modified_time":"2025-07-29T11:25:33+00:00","twitter_card":"summary_large_image","twitter_misc":{"Dur\u00e9e de lecture estim\u00e9e":"3 minutes"},"schema":{"@context":"https:\/\/schema.org","@graph":[{"@type":"WebPage","@id":"https:\/\/motoqube.com\/fr\/produits\/","url":"https:\/\/motoqube.com\/fr\/produits\/","name":"Produits - Reconditioned Auto parts Worldwide - Motoqube","isPartOf":{"@id":"https:\/\/motoqube.com\/fr\/#website"},"datePublished":"2021-06-01T14:22:57+00:00","dateModified":"2025-07-29T11:25:33+00:00","breadcrumb":{"@id":"https:\/\/motoqube.com\/fr\/produits\/#breadcrumb"},"inLanguage":"fr-FR","potentialAction":[{"@type":"ReadAction","target":["https:\/\/motoqube.com\/fr\/produits\/"]}]},{"@type":"BreadcrumbList","@id":"https:\/\/motoqube.com\/fr\/produits\/#breadcrumb","itemListElement":[{"@type":"ListItem","position":1,"name":"Home","item":"https:\/\/motoqube.com\/fr\/accueil\/"},{"@type":"ListItem","position":2,"name":"Produits"}]},{"@type":"WebSite","@id":"https:\/\/motoqube.com\/fr\/#website","url":"https:\/\/motoqube.com\/fr\/","name":"Reconditioned Auto parts Worldwide - Motoqube","description":"Connecting Automotive Businesses Across the Globe.","publisher":{"@id":"https:\/\/motoqube.com\/fr\/#organization"},"potentialAction":[{"@type":"SearchAction","target":{"@type":"EntryPoint","urlTemplate":"https:\/\/motoqube.com\/fr\/?s={search_term_string}"},"query-input":{"@type":"PropertyValueSpecification","valueRequired":true,"valueName":"search_term_string"}}],"inLanguage":"fr-FR"},{"@type":"Organization","@id":"https:\/\/motoqube.com\/fr\/#organization","name":"Reconditioned Auto parts Worldwide - Motoqube","url":"https:\/\/motoqube.com\/fr\/","logo":{"@type":"ImageObject","inLanguage":"fr-FR","@id":"https:\/\/motoqube.com\/fr\/#\/schema\/logo\/image\/","url":"https:\/\/motoqube.com\/wp-content\/uploads\/2025\/06\/MOTOQUBE-5-1.png","contentUrl":"https:\/\/motoqube.com\/wp-content\/uploads\/2025\/06\/MOTOQUBE-5-1.png","width":500,"height":500,"caption":"Reconditioned Auto parts Worldwide - Motoqube"},"image":{"@id":"https:\/\/motoqube.com\/fr\/#\/schema\/logo\/image\/"}}]}},"_links":{"self":[{"href":"https:\/\/motoqube.com\/fr\/wp-json\/wp\/v2\/pages\/101368","targetHints":{"allow":["GET"]}}],"collection":[{"href":"https:\/\/motoqube.com\/fr\/wp-json\/wp\/v2\/pages"}],"about":[{"href":"https:\/\/motoqube.com\/fr\/wp-json\/wp\/v2\/types\/page"}],"author":[{"embeddable":true,"href":"https:\/\/motoqube.com\/fr\/wp-json\/wp\/v2\/users\/1"}],"replies":[{"embeddable":true,"href":"https:\/\/motoqube.com\/fr\/wp-json\/wp\/v2\/comments?post=101368"}],"version-history":[{"count":0,"href":"https:\/\/motoqube.com\/fr\/wp-json\/wp\/v2\/pages\/101368\/revisions"}],"wp:attachment":[{"href":"https:\/\/motoqube.com\/fr\/wp-json\/wp\/v2\/media?parent=101368"}],"curies":[{"name":"wp","href":"https:\/\/api.w.org\/{rel}","templated":true}]}}