{"id":101374,"date":"2020-06-06T05:23:26","date_gmt":"2020-06-06T03:23:26","guid":{"rendered":"https:\/\/motoqube.com\/a-propos-de-nous\/"},"modified":"2025-07-29T13:36:07","modified_gmt":"2025-07-29T11:36:07","slug":"a-propos-de-nous","status":"publish","type":"page","link":"https:\/\/motoqube.com\/fr\/a-propos-de-nous\/","title":{"rendered":"\u00c0 propos de nous"},"content":{"rendered":"<p>[et_pb_section fb_built=&#8221;1&#8243; next_background_color=&#8221;#f7f9fe&#8221; admin_label=&#8221;Hero Section&#8221; _builder_version=&#8221;4.16&#8243; background_enable_color=&#8221;off&#8221; background_image=&#8221;https:\/\/motoqube.com\/wp-content\/uploads\/2025\/05\/Molti-Background.png&#8221; background_size=&#8221;initial&#8221; background_position=&#8221;bottom_left&#8221; custom_padding=&#8221;||80px||false|false&#8221; bottom_divider_style=&#8221;asymmetric2&#8243; bottom_divider_height_tablet=&#8221;40px&#8221; bottom_divider_height_phone=&#8221;25px&#8221; bottom_divider_height_last_edited=&#8221;on|tablet&#8221; locked=&#8221;off&#8221; global_colors_info=&#8221;{}&#8221;][et_pb_row column_structure=&#8221;1_2,1_2&#8243; make_equal=&#8221;on&#8221; module_class=&#8221;inline-buttons-row&#8221; _builder_version=&#8221;4.16&#8243; width=&#8221;90%&#8221; max_width=&#8221;90%&#8221; custom_css_main_element=&#8221;display:flex;||flex-wrap:wrap;&#8221; global_colors_info=&#8221;{}&#8221;][et_pb_column type=&#8221;1_2&#8243; _builder_version=&#8221;4.16&#8243; global_colors_info=&#8221;{}&#8221; custom_css_main_element_last_edited=&#8221;on|tablet&#8221; custom_css_main_element_tablet=&#8221;order:2;&#8221; custom_css_main_element_phone=&#8221;order:2;&#8221;][et_pb_text _builder_version=&#8221;4.27.4&#8243; header_font=&#8221;|800|||||||&#8221; header_font_size=&#8221;40px&#8221; header_line_height=&#8221;1.4em&#8221; header_5_font=&#8221;|700||on|||||&#8221; header_5_text_color=&#8221;#2558AB&#8221; header_5_font_size=&#8221;14px&#8221; width=&#8221;90%&#8221; custom_margin_tablet=&#8221;30px||||false|false&#8221; custom_margin_phone=&#8221;&#8221; custom_margin_last_edited=&#8221;on|tablet&#8221; header_font_size_tablet=&#8221;25px&#8221; header_font_size_phone=&#8221;&#8221; header_font_size_last_edited=&#8221;on|phone&#8221; global_colors_info=&#8221;{}&#8221;]<\/p>\n<h5 style=\"text-align: left;\">Qui sommes-nous ?<\/h5>\n<h1 class=\"hero-1-title mb-4 font-weight-normal line-height-1_4\"><span style=\"color: #ff6600;\">\u00c0 propos de motoqube<\/span> \u2013 solutions automobiles r\u00e9g\u00e9n\u00e9r\u00e9es pour les professionnels<\/h1>\n<div class=\"col-lg-6\">\n<div class=\"hero-title pr-lg-5\">\n<p class=\"text-muted mb-4 pb-2\">Chaque pi\u00e8ce a une histoire \u2014 et nous aussi.<br data-start=\"238\" data-end=\"241\">Faites d\u00e9filer pour d\u00e9couvrir comment nous sommes devenus un fournisseur de pi\u00e8ces automobiles r\u00e9g\u00e9n\u00e9r\u00e9es reconnu par les professionnels \u00e0 travers l&#8217;Europe.<\/p>\n<\/div>\n<\/div>\n<p>[\/et_pb_text][et_pb_button button_url=&#8221;#about&#8221; button_text=&#8221;D\u00e9couvrez notre histoire&#8221; _builder_version=&#8221;4.27.4&#8243; _module_preset=&#8221;1d9393ff-2d90-4c18-bac4-cc53f3441be0&#8243; global_colors_info=&#8221;{}&#8221; button_bg_color_gradient_start_position__hover=&#8221;0%&#8221; button_bg_color_gradient_stops__hover=&#8221;#2b87da 0%|#29c4a9 100%&#8221;][\/et_pb_button][\/et_pb_column][et_pb_column type=&#8221;1_2&#8243; _builder_version=&#8221;4.16&#8243; global_colors_info=&#8221;{}&#8221; custom_css_main_element_tablet=&#8221;order:1;&#8221; custom_css_main_element_last_edited=&#8221;on|tablet&#8221; custom_css_main_element_phone=&#8221;order:1;&#8221;][et_pb_image src=&#8221;https:\/\/motoqube.com\/wp-content\/uploads\/2025\/06\/about-us-Photoroom.jpg&#8221; title_text=&#8221;\u00e0 propos de nous-photoroom&#8221; _builder_version=&#8221;4.27.4&#8243; hover_enabled=&#8221;0&#8243; global_colors_info=&#8221;{}&#8221; disabled_on=&#8221;on|on|off&#8221; sticky_enabled=&#8221;0&#8243;][\/et_pb_image][\/et_pb_column][\/et_pb_row][\/et_pb_section][et_pb_section fb_built=&#8221;1&#8243; admin_label=&#8221;Abour Us Section&#8221; _builder_version=&#8221;4.27.4&#8243; background_color=&#8221;#f7f9fe&#8221; locked=&#8221;off&#8221; global_colors_info=&#8221;{}&#8221;][et_pb_row _builder_version=&#8221;4.16&#8243; locked=&#8221;off&#8221; global_colors_info=&#8221;{}&#8221;][et_pb_column type=&#8221;4_4&#8243; _builder_version=&#8221;4.16&#8243; global_colors_info=&#8221;{}&#8221;][et_pb_text _builder_version=&#8221;4.27.4&#8243; header_font=&#8221;|700|||||||&#8221; header_font_size=&#8221;45px&#8221; header_2_font=&#8221;|700|||||||&#8221; header_2_font_size=&#8221;40px&#8221; width=&#8221;50%&#8221; width_tablet=&#8221;100%&#8221; width_phone=&#8221;&#8221; width_last_edited=&#8221;on|tablet&#8221; module_alignment=&#8221;center&#8221; header_font_size_tablet=&#8221;&#8221; header_font_size_phone=&#8221;30px&#8221; header_font_size_last_edited=&#8221;on|phone&#8221; global_colors_info=&#8221;{}&#8221;]<\/p>\n<h2 style=\"text-align: center;\">\u00c0 propos de <span style=\"color: #ff8057;\">nous<\/span><\/h2>\n<div class=\"row justify-content-center\">\n<div class=\"col-lg-6 col-md-8\">\n<div class=\"title text-center mb-5\">\n<p data-start=\"157\" data-end=\"287\" style=\"text-align: center;\">fournir des solutions automobiles fiables et \u00e9cologiques adapt\u00e9es \u00e0 vos besoins qualit\u00e9 et confiance sur lesquelles vous pouvez compter.<\/p>\n<\/div>\n<\/div>\n<\/div>\n<div class=\"row\">\n<div class=\"col-lg-4 col-md-6\">\n<div class=\"service-box service-warning\">\n<div class=\"mb-5\"><\/div>\n<\/div>\n<\/div>\n<\/div>\n<p>[\/et_pb_text][\/et_pb_column][\/et_pb_row][et_pb_row column_structure=&#8221;1_3,1_3,1_3&#8243; _builder_version=&#8221;4.27.4&#8243; width=&#8221;90%&#8221; max_width=&#8221;90%&#8221; custom_padding=&#8221;|||3px||&#8221; custom_css_main_element=&#8221;display:flex;||flex-wrap:wrap;&#8221; global_colors_info=&#8221;{}&#8221;][et_pb_column type=&#8221;1_3&#8243; _builder_version=&#8221;4.16&#8243; border_width_right=&#8221;2px&#8221; border_color_right=&#8221;#eee&#8221; global_colors_info=&#8221;{}&#8221; custom_css_main_element_last_edited=&#8221;on|tablet&#8221; custom_css_main_element_tablet=&#8221;order:3;&#8221; custom_css_main_element_phone=&#8221;order:3;&#8221;][et_pb_text _builder_version=&#8221;4.27.4&#8243; header_font=&#8221;|700|||||||&#8221; header_font_size=&#8221;25px&#8221; header_line_height=&#8221;1.4em&#8221; header_2_font_size=&#8221;30px&#8221; custom_margin=&#8221;||21px|||&#8221; custom_margin_tablet=&#8221;30px||||false|false&#8221; custom_margin_phone=&#8221;&#8221; custom_margin_last_edited=&#8221;on|tablet&#8221; custom_padding=&#8221;|15px|||false|false&#8221; global_colors_info=&#8221;{}&#8221;]<\/p>\n<h2 class=\"font-weight-light line-height-1_6 text-dark mb-4\">Passionn\u00e9s par la fourniture de composants automobiles reconstruits professionnellement et \u00e9cologiques \u2013 disponibles quand vous en avez besoin.<\/h2>\n<p>Nous sommes sp\u00e9cialis\u00e9s dans les pompes de direction assist\u00e9e \u00e9lectrique, les barres stabilisatrices, les syst\u00e8mes de suspension ABC et plus encore &#8211; <a href=\"http:\/\/www.motoqube.com\/shop\">boutique<\/a> &#8211; soigneusement restaur\u00e9s, test\u00e9s et exp\u00e9di\u00e9s en toute confiance &#8211; <a href=\"http:\/\/www.motoqube.com\/services\">Page Service<\/a>.<\/p>\n<p><strong data-start=\"641\" data-end=\"659\">pourquoi nous choisir ?<\/strong><\/p>\n<p data-start=\"630\" data-end=\"812\">Parce que nous offrons plus que de simples pi\u00e8ces \u2014 nous offrons la certitude. Chaque pompe, unit\u00e9 de contr\u00f4le ou valve est manipul\u00e9e par des techniciens exp\u00e9riment\u00e9s et rigoureusement test\u00e9e avant de quitter nos mains. En tant que fournisseur de confiance de syst\u00e8mes automobiles reconditionn\u00e9s, nous travaillons de mani\u00e8re transparente, flexible et efficace \u2014 que vous g\u00e9riez un atelier, revendiez des pi\u00e8ces ou entreteniez votre propre v\u00e9hicule. Avec un large stock de pi\u00e8ces pr\u00eates \u00e0 l&#8217;exp\u00e9dition, nous maintenons votre activit\u00e9 en mouvement \u2014 sans d\u00e9lais, sans approximations, sans compromis.   <\/p>\n<p>[\/et_pb_text][\/et_pb_column][et_pb_column type=&#8221;1_3&#8243; _builder_version=&#8221;4.16&#8243; global_colors_info=&#8221;{}&#8221; custom_css_main_element_last_edited=&#8221;on|tablet&#8221; custom_css_main_element_tablet=&#8221;order:1;&#8221; custom_css_main_element_phone=&#8221;order:1;&#8221;][et_pb_blurb title=&#8221;Notre Mission&#8221; use_icon=&#8221;on&#8221; font_icon=&#8221;&#xf06c;||fa||900&#8243; icon_color=&#8221;#7CDA24&#8243; image_icon_width=&#8221;200%&#8221; icon_alignment=&#8221;left&#8221; content_max_width_tablet=&#8221;1100px&#8221; content_max_width_phone=&#8221;&#8221; content_max_width_last_edited=&#8221;on|tablet&#8221; module_id=&#8221;about&#8221; _builder_version=&#8221;4.27.4&#8243; header_font=&#8221;|700||on|||||&#8221; header_font_size=&#8221;19px&#8221; animation=&#8221;off&#8221; image_max_width=&#8221;20%&#8221; global_colors_info=&#8221;{}&#8221;]<\/p>\n<p>Fournir des pi\u00e8ces automobiles r\u00e9g\u00e9n\u00e9r\u00e9es de haute qualit\u00e9 et des services experts qui allient fiabilit\u00e9, durabilit\u00e9 et rentabilit\u00e9.<br data-start=\"1332\" data-end=\"1335\">Nous vous aidons \u00e0 obtenir une valeur \u00e0 long terme \u2013 sans compromettre la s\u00e9curit\u00e9 ou la performance. <\/p>\n<p>[\/et_pb_blurb][\/et_pb_column][et_pb_column type=&#8221;1_3&#8243; _builder_version=&#8221;4.16&#8243; global_colors_info=&#8221;{}&#8221; custom_css_main_element_last_edited=&#8221;on|tablet&#8221; custom_css_main_element_tablet=&#8221;order:2;&#8221; custom_css_main_element_phone=&#8221;order:2;&#8221;][et_pb_blurb title=&#8221;Notre vision&#8221; use_icon=&#8221;on&#8221; font_icon=&#8221;&#xf1b9;||fa||900&#8243; icon_color=&#8221;#7CDA24&#8243; image_icon_width=&#8221;200%&#8221; icon_alignment=&#8221;left&#8221; content_max_width_tablet=&#8221;1100px&#8221; content_max_width_phone=&#8221;&#8221; content_max_width_last_edited=&#8221;on|tablet&#8221; _builder_version=&#8221;4.27.4&#8243; header_font=&#8221;|700||on|||||&#8221; header_font_size=&#8221;19px&#8221; animation=&#8221;off&#8221; image_max_width=&#8221;20%&#8221; locked=&#8221;off&#8221; global_colors_info=&#8221;{}&#8221;]<\/p>\n<p>Nous envisageons un avenir o\u00f9 les solutions automobiles durables sont le premier choix \u2013 pas le dernier recours.<br data-start=\"1541\" data-end=\"1544\">En r\u00e9g\u00e9n\u00e9rant au lieu de remplacer, nous soutenons une approche plus intelligente et plus \u00e9cologique de l&#8217;entretien des v\u00e9hicules, reconnue par les ateliers et les professionnels \u00e0 travers l&#8217;Europe.<\/p>\n<p>[\/et_pb_blurb][\/et_pb_column][\/et_pb_row][\/et_pb_section]<\/p>\n","protected":false},"excerpt":{"rendered":"<p>Qui sommes-nous ? \u00c0 propos de motoqube \u2013 solutions automobiles r\u00e9g\u00e9n\u00e9r\u00e9es pour les professionnels Chaque pi\u00e8ce a une histoire \u2014 et nous aussi.Faites d\u00e9filer pour d\u00e9couvrir comment nous sommes devenus un fournisseur de pi\u00e8ces automobiles r\u00e9g\u00e9n\u00e9r\u00e9es reconnu par les professionnels \u00e0 travers l&#8217;Europe. \u00c0 propos de nous fournir des solutions automobiles fiables et \u00e9cologiques adapt\u00e9es [&hellip;]<\/p>\n","protected":false},"author":1,"featured_media":0,"parent":0,"menu_order":0,"comment_status":"closed","ping_status":"closed","template":"","meta":{"_et_pb_use_builder":"on","_et_pb_old_content":"","_et_gb_content_width":"","footnotes":""},"class_list":["post-101374","page","type-page","status-publish","hentry"],"yoast_head":"<!-- This site is optimized with the Yoast SEO plugin v25.3 - https:\/\/yoast.com\/wordpress\/plugins\/seo\/ -->\n<title>Partenaire de confiance pour les pi\u00e8ces auto r\u00e9g\u00e9n\u00e9r\u00e9es<\/title>\n<meta name=\"description\" content=\"Motoqube: fournisseur europ\u00e9en de pi\u00e8ces auto r\u00e9g\u00e9n\u00e9r\u00e9es. Qualit\u00e9 et expertise garanties.\" \/>\n<meta name=\"robots\" content=\"index, follow, max-snippet:-1, max-image-preview:large, max-video-preview:-1\" \/>\n<link rel=\"canonical\" href=\"https:\/\/motoqube.com\/fr\/a-propos-de-nous\/\" \/>\n<meta property=\"og:locale\" content=\"fr_FR\" \/>\n<meta property=\"og:type\" content=\"article\" \/>\n<meta property=\"og:title\" content=\"Partenaire de confiance pour les pi\u00e8ces auto r\u00e9g\u00e9n\u00e9r\u00e9es\" \/>\n<meta property=\"og:description\" content=\"Motoqube: fournisseur europ\u00e9en de pi\u00e8ces auto r\u00e9g\u00e9n\u00e9r\u00e9es. Qualit\u00e9 et expertise garanties.\" \/>\n<meta property=\"og:url\" content=\"https:\/\/motoqube.com\/fr\/a-propos-de-nous\/\" \/>\n<meta property=\"og:site_name\" content=\"Reconditioned Auto parts Worldwide - Motoqube\" \/>\n<meta property=\"article:modified_time\" content=\"2025-07-29T11:36:07+00:00\" \/>\n<meta name=\"twitter:card\" content=\"summary_large_image\" \/>\n<meta name=\"twitter:label1\" content=\"Dur\u00e9e de lecture estim\u00e9e\" \/>\n\t<meta name=\"twitter:data1\" content=\"5 minutes\" \/>\n<script type=\"application\/ld+json\" class=\"yoast-schema-graph\">{\"@context\":\"https:\/\/schema.org\",\"@graph\":[{\"@type\":\"WebPage\",\"@id\":\"https:\/\/motoqube.com\/fr\/a-propos-de-nous\/\",\"url\":\"https:\/\/motoqube.com\/fr\/a-propos-de-nous\/\",\"name\":\"Partenaire de confiance pour les pi\u00e8ces auto r\u00e9g\u00e9n\u00e9r\u00e9es\",\"isPartOf\":{\"@id\":\"https:\/\/motoqube.com\/fr\/#website\"},\"datePublished\":\"2020-06-06T03:23:26+00:00\",\"dateModified\":\"2025-07-29T11:36:07+00:00\",\"description\":\"Motoqube: fournisseur europ\u00e9en de pi\u00e8ces auto r\u00e9g\u00e9n\u00e9r\u00e9es. Qualit\u00e9 et expertise garanties.\",\"breadcrumb\":{\"@id\":\"https:\/\/motoqube.com\/fr\/a-propos-de-nous\/#breadcrumb\"},\"inLanguage\":\"fr-FR\",\"potentialAction\":[{\"@type\":\"ReadAction\",\"target\":[\"https:\/\/motoqube.com\/fr\/a-propos-de-nous\/\"]}]},{\"@type\":\"BreadcrumbList\",\"@id\":\"https:\/\/motoqube.com\/fr\/a-propos-de-nous\/#breadcrumb\",\"itemListElement\":[{\"@type\":\"ListItem\",\"position\":1,\"name\":\"Home\",\"item\":\"https:\/\/motoqube.com\/fr\/accueil\/\"},{\"@type\":\"ListItem\",\"position\":2,\"name\":\"\u00c0 propos de nous\"}]},{\"@type\":\"WebSite\",\"@id\":\"https:\/\/motoqube.com\/fr\/#website\",\"url\":\"https:\/\/motoqube.com\/fr\/\",\"name\":\"Reconditioned Auto parts Worldwide - Motoqube\",\"description\":\"Connecting Automotive Businesses Across the Globe.\",\"publisher\":{\"@id\":\"https:\/\/motoqube.com\/fr\/#organization\"},\"potentialAction\":[{\"@type\":\"SearchAction\",\"target\":{\"@type\":\"EntryPoint\",\"urlTemplate\":\"https:\/\/motoqube.com\/fr\/?s={search_term_string}\"},\"query-input\":{\"@type\":\"PropertyValueSpecification\",\"valueRequired\":true,\"valueName\":\"search_term_string\"}}],\"inLanguage\":\"fr-FR\"},{\"@type\":\"Organization\",\"@id\":\"https:\/\/motoqube.com\/fr\/#organization\",\"name\":\"Reconditioned Auto parts Worldwide - Motoqube\",\"url\":\"https:\/\/motoqube.com\/fr\/\",\"logo\":{\"@type\":\"ImageObject\",\"inLanguage\":\"fr-FR\",\"@id\":\"https:\/\/motoqube.com\/fr\/#\/schema\/logo\/image\/\",\"url\":\"https:\/\/motoqube.com\/wp-content\/uploads\/2025\/06\/MOTOQUBE-5-1.png\",\"contentUrl\":\"https:\/\/motoqube.com\/wp-content\/uploads\/2025\/06\/MOTOQUBE-5-1.png\",\"width\":500,\"height\":500,\"caption\":\"Reconditioned Auto parts Worldwide - Motoqube\"},\"image\":{\"@id\":\"https:\/\/motoqube.com\/fr\/#\/schema\/logo\/image\/\"}}]}<\/script>\n<!-- \/ Yoast SEO plugin. -->","yoast_head_json":{"title":"Partenaire de confiance pour les pi\u00e8ces auto r\u00e9g\u00e9n\u00e9r\u00e9es","description":"Motoqube: fournisseur europ\u00e9en de pi\u00e8ces auto r\u00e9g\u00e9n\u00e9r\u00e9es. Qualit\u00e9 et expertise garanties.","robots":{"index":"index","follow":"follow","max-snippet":"max-snippet:-1","max-image-preview":"max-image-preview:large","max-video-preview":"max-video-preview:-1"},"canonical":"https:\/\/motoqube.com\/fr\/a-propos-de-nous\/","og_locale":"fr_FR","og_type":"article","og_title":"Partenaire de confiance pour les pi\u00e8ces auto r\u00e9g\u00e9n\u00e9r\u00e9es","og_description":"Motoqube: fournisseur europ\u00e9en de pi\u00e8ces auto r\u00e9g\u00e9n\u00e9r\u00e9es. Qualit\u00e9 et expertise garanties.","og_url":"https:\/\/motoqube.com\/fr\/a-propos-de-nous\/","og_site_name":"Reconditioned Auto parts Worldwide - Motoqube","article_modified_time":"2025-07-29T11:36:07+00:00","twitter_card":"summary_large_image","twitter_misc":{"Dur\u00e9e de lecture estim\u00e9e":"5 minutes"},"schema":{"@context":"https:\/\/schema.org","@graph":[{"@type":"WebPage","@id":"https:\/\/motoqube.com\/fr\/a-propos-de-nous\/","url":"https:\/\/motoqube.com\/fr\/a-propos-de-nous\/","name":"Partenaire de confiance pour les pi\u00e8ces auto r\u00e9g\u00e9n\u00e9r\u00e9es","isPartOf":{"@id":"https:\/\/motoqube.com\/fr\/#website"},"datePublished":"2020-06-06T03:23:26+00:00","dateModified":"2025-07-29T11:36:07+00:00","description":"Motoqube: fournisseur europ\u00e9en de pi\u00e8ces auto r\u00e9g\u00e9n\u00e9r\u00e9es. Qualit\u00e9 et expertise garanties.","breadcrumb":{"@id":"https:\/\/motoqube.com\/fr\/a-propos-de-nous\/#breadcrumb"},"inLanguage":"fr-FR","potentialAction":[{"@type":"ReadAction","target":["https:\/\/motoqube.com\/fr\/a-propos-de-nous\/"]}]},{"@type":"BreadcrumbList","@id":"https:\/\/motoqube.com\/fr\/a-propos-de-nous\/#breadcrumb","itemListElement":[{"@type":"ListItem","position":1,"name":"Home","item":"https:\/\/motoqube.com\/fr\/accueil\/"},{"@type":"ListItem","position":2,"name":"\u00c0 propos de nous"}]},{"@type":"WebSite","@id":"https:\/\/motoqube.com\/fr\/#website","url":"https:\/\/motoqube.com\/fr\/","name":"Reconditioned Auto parts Worldwide - Motoqube","description":"Connecting Automotive Businesses Across the Globe.","publisher":{"@id":"https:\/\/motoqube.com\/fr\/#organization"},"potentialAction":[{"@type":"SearchAction","target":{"@type":"EntryPoint","urlTemplate":"https:\/\/motoqube.com\/fr\/?s={search_term_string}"},"query-input":{"@type":"PropertyValueSpecification","valueRequired":true,"valueName":"search_term_string"}}],"inLanguage":"fr-FR"},{"@type":"Organization","@id":"https:\/\/motoqube.com\/fr\/#organization","name":"Reconditioned Auto parts Worldwide - Motoqube","url":"https:\/\/motoqube.com\/fr\/","logo":{"@type":"ImageObject","inLanguage":"fr-FR","@id":"https:\/\/motoqube.com\/fr\/#\/schema\/logo\/image\/","url":"https:\/\/motoqube.com\/wp-content\/uploads\/2025\/06\/MOTOQUBE-5-1.png","contentUrl":"https:\/\/motoqube.com\/wp-content\/uploads\/2025\/06\/MOTOQUBE-5-1.png","width":500,"height":500,"caption":"Reconditioned Auto parts Worldwide - Motoqube"},"image":{"@id":"https:\/\/motoqube.com\/fr\/#\/schema\/logo\/image\/"}}]}},"_links":{"self":[{"href":"https:\/\/motoqube.com\/fr\/wp-json\/wp\/v2\/pages\/101374","targetHints":{"allow":["GET"]}}],"collection":[{"href":"https:\/\/motoqube.com\/fr\/wp-json\/wp\/v2\/pages"}],"about":[{"href":"https:\/\/motoqube.com\/fr\/wp-json\/wp\/v2\/types\/page"}],"author":[{"embeddable":true,"href":"https:\/\/motoqube.com\/fr\/wp-json\/wp\/v2\/users\/1"}],"replies":[{"embeddable":true,"href":"https:\/\/motoqube.com\/fr\/wp-json\/wp\/v2\/comments?post=101374"}],"version-history":[{"count":0,"href":"https:\/\/motoqube.com\/fr\/wp-json\/wp\/v2\/pages\/101374\/revisions"}],"wp:attachment":[{"href":"https:\/\/motoqube.com\/fr\/wp-json\/wp\/v2\/media?parent=101374"}],"curies":[{"name":"wp","href":"https:\/\/api.w.org\/{rel}","templated":true}]}}