{"id":101404,"date":"2025-05-23T14:08:16","date_gmt":"2025-05-23T12:08:16","guid":{"rendered":"https:\/\/motoqube.com\/product\/pompe-tandem-hydraulique-abc-reconditionnee-pour-mercedes-w220-c215-oem-a0024666001\/"},"modified":"2025-05-23T14:08:16","modified_gmt":"2025-05-23T12:08:16","slug":"pompe-tandem-hydraulique-abc-reconditionnee-pour-mercedes-w220-c215-oem-a0024666001","status":"publish","type":"product","link":"https:\/\/motoqube.com\/fr\/product\/pompe-tandem-hydraulique-abc-reconditionnee-pour-mercedes-w220-c215-oem-a0024666001\/","title":{"rendered":"Pompe tandem hydraulique ABC reconditionn\u00e9e pour Mercedes W220 \/ C215 \u2013 OEM A0024666001"},"content":{"rendered":"<h1 data-start=\"142\" data-end=\"207\">\ud83d\udd27 Pompe tandem hydraulique ABC reconditionn\u00e9e pour Mercedes W220 \/ C215 \u2013 OEM A0024666001<\/h1>\n<p data-start=\"1154\" data-end=\"1420\">Remettez votre Mercedes-Benz Classe S (W220) ou Classe CL (C215) en parfait \u00e9tat avec cette <strong data-start=\"1243\" data-end=\"1292\">pompe tandem ABC OEM reconditionn\u00e9e (A0024666001)<\/strong>. Con\u00e7ue pour le syst\u00e8me Active Body Control, c&#8217;est une solution \u00e9conomique et \u00e9cologique qui fonctionne comme neuve. <\/p>\n<hr data-start=\"1422\" data-end=\"1425\">\n<h3 data-start=\"1427\" data-end=\"1469\">\u2705 <strong data-start=\"1433\" data-end=\"1469\">Pourquoi choisir notre pompe reconditionn\u00e9e ?<\/strong><\/h3>\n<ul data-start=\"1471\" data-end=\"1829\">\n<li data-start=\"1471\" data-end=\"1548\">\n<p data-start=\"1473\" data-end=\"1548\">\u267b\ufe0f <strong data-start=\"1476\" data-end=\"1492\">\u00c9cologique<\/strong> \u2013 R\u00e9utilise les pi\u00e8ces d&#8217;origine, r\u00e9duisant les d\u00e9chets<\/p>\n<\/li>\n<li data-start=\"1549\" data-end=\"1617\">\n<p data-start=\"1551\" data-end=\"1617\">\u2699\ufe0f <strong data-start=\"1554\" data-end=\"1572\">Test\u00e9e en usine<\/strong> \u2013 R\u00e9pond aux sp\u00e9cifications OEM de pression et de performance<\/p>\n<\/li>\n<li data-start=\"1618\" data-end=\"1708\">\n<p data-start=\"1620\" data-end=\"1708\">\ud83e\uddf0 <strong data-start=\"1623\" data-end=\"1663\">Reconstruite avec des composants de haute qualit\u00e9<\/strong> \u2013 Inclut joints, roulements et pi\u00e8ces d&#8217;usure<\/p>\n<\/li>\n<li data-start=\"1709\" data-end=\"1779\">\n<p data-start=\"1711\" data-end=\"1779\">\ud83d\ude98 <strong data-start=\"1714\" data-end=\"1739\">Performance niveau OEM<\/strong> \u2013 Pour un fonctionnement optimal de la suspension ABC<\/p>\n<\/li>\n<li data-start=\"1780\" data-end=\"1829\">\n<p data-start=\"1782\" data-end=\"1829\">\ud83d\udee1\ufe0f <strong data-start=\"1786\" data-end=\"1807\">Garantie 12 mois<\/strong> \u2013 Tranquillit\u00e9 d&#8217;esprit totale<\/p>\n<\/li>\n<\/ul>\n<hr data-start=\"1831\" data-end=\"1834\">\n<h3 data-start=\"1836\" data-end=\"1868\">\ud83d\udccc <strong data-start=\"1843\" data-end=\"1868\">Compatibilit\u00e9 v\u00e9hicules<\/strong><\/h3>\n<p data-start=\"1870\" data-end=\"1934\"><strong data-start=\"1870\" data-end=\"1900\">Mercedes-Benz Classe S W220<\/strong> (1998\u20132005)<br data-start=\"1912\" data-end=\"1915\">Moteurs compatibles :<\/p>\n<ul data-start=\"1935\" data-end=\"2022\">\n<li data-start=\"1935\" data-end=\"2022\">\n<p data-start=\"1937\" data-end=\"2022\">S280, S280 Lang, S320, S350, S350 Lang, S430, S55 AMG, S55 AMG Kompressor, S500, S600<\/p>\n<\/li>\n<\/ul>\n<p data-start=\"2024\" data-end=\"2085\"><strong data-start=\"2024\" data-end=\"2063\">Mercedes-Benz Classe CL C215 (Coup\u00e9)<\/strong><br data-start=\"2063\" data-end=\"2066\">Moteurs compatibles :<\/p>\n<ul data-start=\"2086\" data-end=\"2172\">\n<li data-start=\"2086\" data-end=\"2172\">\n<p data-start=\"2088\" data-end=\"2172\">CL55 AMG, CL55 AMG Kompressor, CL500, CL600 <em data-start=\"2132\" data-end=\"2172\">(moteur M137 atmosph\u00e9rique uniquement)<\/em><\/p>\n<\/li>\n<\/ul>\n<hr data-start=\"2174\" data-end=\"2177\">\n<h3 data-start=\"2179\" data-end=\"2215\">\ud83d\udd0d <strong data-start=\"2186\" data-end=\"2215\">Remplace les r\u00e9f\u00e9rences OEM<\/strong><\/h3>\n<ul data-start=\"2217\" data-end=\"2296\">\n<li data-start=\"2217\" data-end=\"2254\">\n<p data-start=\"2219\" data-end=\"2254\">A0024666001 (R\u00e9f\u00e9rence principale)<\/p>\n<\/li>\n<li data-start=\"2255\" data-end=\"2270\">\n<p data-start=\"2257\" data-end=\"2270\">A0034662401<\/p>\n<\/li>\n<li data-start=\"2271\" data-end=\"2284\">\n<p data-start=\"2273\" data-end=\"2284\">LH2110092<\/p>\n<\/li>\n<li data-start=\"2285\" data-end=\"2296\">\n<p data-start=\"2287\" data-end=\"2296\">LH2110049<\/p>\n<\/li>\n<\/ul>\n<hr data-start=\"2298\" data-end=\"2301\">\n<h3 data-start=\"2303\" data-end=\"2344\">\ud83d\udcb6 <strong data-start=\"2310\" data-end=\"2344\">Consigne \u2013 250 \u20ac remboursables<\/strong><\/h3>\n<p data-start=\"2346\" data-end=\"2437\">Cette pompe n\u00e9cessite une <strong data-start=\"2367\" data-end=\"2399\">consigne remboursable de 250 \u20ac<\/strong> pour soutenir le reconditionnement durable.<\/p>\n<p data-start=\"2439\" data-end=\"2463\"><strong data-start=\"2439\" data-end=\"2463\">Processus de retour de l&#8217;ancienne pompe :<\/strong><\/p>\n<ol data-start=\"2464\" data-end=\"2676\">\n<li data-start=\"2464\" data-end=\"2486\">\n<p data-start=\"2467\" data-end=\"2486\">Achetez la pompe<\/p>\n<\/li>\n<li data-start=\"2487\" data-end=\"2559\">\n<p data-start=\"2490\" data-end=\"2559\">Recevez les instructions pour un d\u00e9p\u00f4t s\u00e9par\u00e9 par PayPal ou virement bancaire<\/p>\n<\/li>\n<li data-start=\"2560\" data-end=\"2614\">\n<p data-start=\"2563\" data-end=\"2614\">Retournez votre ancienne pompe (sans fissures ni dommages graves)<\/p>\n<\/li>\n<li data-start=\"2615\" data-end=\"2676\">\n<p data-start=\"2618\" data-end=\"2676\">Recevez le remboursement sous 3 \u00e0 5 jours ouvr\u00e9s apr\u00e8s inspection<\/p>\n<\/li>\n<\/ol>\n<p data-start=\"2678\" data-end=\"2758\">\ud83d\udeab Frais de retour \u00e0 la charge de l&#8217;acheteur<br data-start=\"2709\" data-end=\"2712\">\u2705 Remboursement complet si la pi\u00e8ce est compl\u00e8te et r\u00e9utilisable<\/p>\n<hr data-start=\"2760\" data-end=\"2763\">\n<h3 data-start=\"2765\" data-end=\"2806\">\ud83d\udee0\ufe0f <strong data-start=\"2773\" data-end=\"2806\">Notes d&#8217;installation  garantie<\/strong><\/h3>\n<ul data-start=\"2808\" data-end=\"2968\">\n<li data-start=\"2808\" data-end=\"2853\">\n<p data-start=\"2810\" data-end=\"2853\">\ud83d\udd27 <strong data-start=\"2813\" data-end=\"2851\">Installation professionnelle requise<\/strong><\/p>\n<\/li>\n<li data-start=\"2854\" data-end=\"2968\">\n<p data-start=\"2856\" data-end=\"2968\">\ud83e\uddfc <strong data-start=\"2859\" data-end=\"2888\">Rin\u00e7age du syst\u00e8me obligatoire<\/strong> : minimum <strong data-start=\"2899\" data-end=\"2912\">12 litres<\/strong> de nouveau fluide hydraulique (Pentosin CHF 11S ou \u00e9quivalent)<\/p>\n<\/li>\n<\/ul>\n<p data-start=\"2970\" data-end=\"3039\">\u2757 Le non-respect du rin\u00e7age du syst\u00e8me ou une installation incorrecte <strong data-start=\"3021\" data-end=\"3039\">annule la garantie<\/strong><\/p>\n<hr data-start=\"3041\" data-end=\"3044\">\n<h3 data-start=\"3046\" data-end=\"3078\">\u2705 <strong data-start=\"3052\" data-end=\"3078\">Le reconditionnement inclut<\/strong><\/h3>\n<ul data-start=\"3080\" data-end=\"3221\">\n<li data-start=\"3080\" data-end=\"3100\">\n<p data-start=\"3082\" data-end=\"3100\">D\u00e9montage complet<\/p>\n<\/li>\n<li data-start=\"3101\" data-end=\"3124\">\n<p data-start=\"3103\" data-end=\"3124\">Nettoyage par ultrasons<\/p>\n<\/li>\n<li data-start=\"3125\" data-end=\"3158\">\n<p data-start=\"3127\" data-end=\"3158\">Remplacement de toutes les pi\u00e8ces us\u00e9es<\/p>\n<\/li>\n<li data-start=\"3159\" data-end=\"3192\">\n<p data-start=\"3161\" data-end=\"3192\">Tests de pression et de fonctionnement<\/p>\n<\/li>\n<li data-start=\"3193\" data-end=\"3221\">\n<p data-start=\"3195\" data-end=\"3221\">Inspection qualit\u00e9<\/p>\n<\/li>\n<\/ul>\n<hr data-start=\"3223\" data-end=\"3226\">\n<h3 data-start=\"3228\" data-end=\"3254\">\ud83d\udee1\ufe0f <strong data-start=\"3236\" data-end=\"3254\">Conditions de garantie<\/strong><\/h3>\n<p data-start=\"3256\" data-end=\"3333\">Votre pompe reconditionn\u00e9e est prot\u00e9g\u00e9e par une <strong data-start=\"3296\" data-end=\"3317\">garantie de 12 mois<\/strong>, valable uniquement si :<\/p>\n<ul data-start=\"3335\" data-end=\"3427\">\n<li data-start=\"3335\" data-end=\"3376\">\n<p data-start=\"3337\" data-end=\"3376\">Install\u00e9e par un professionnel qualifi\u00e9<\/p>\n<\/li>\n<li data-start=\"3377\" data-end=\"3427\">\n<p data-start=\"3379\" data-end=\"3427\">Le syst\u00e8me ABC a \u00e9t\u00e9 rinc\u00e9 avant l&#8217;installation<\/p>\n<\/li>\n<\/ul>\n<hr data-start=\"3429\" data-end=\"3432\">\n<h3 data-start=\"3434\" data-end=\"3457\">\ud83d\udcde Besoin d&#8217;aide ?<\/h3>\n<p data-start=\"3459\" data-end=\"3580\">Vous avez des questions sur la compatibilit\u00e9, l&#8217;installation ou le processus de retour ? <strong data-start=\"3537\" data-end=\"3560\">Nous sommes l\u00e0 pour vous aider.<\/strong> Contactez-nous \u00e0 tout moment.<\/p>\n","protected":false},"excerpt":{"rendered":"<p><strong data-start=\"3443\" data-end=\"3552\">Pompe hydraulique ABC professionnellement reconditionn\u00e9e pour Mercedes-Benz Classe S (W220) et Classe CL Coup\u00e9 (C215).<\/strong><br data-start=\"3552\" data-end=\"3555\">OEM : A0024666001.<br data-start=\"3572\" data-end=\"3575\">Enti\u00e8rement d\u00e9mont\u00e9e, nettoy\u00e9e et reconstruite selon les normes OEM.<br data-start=\"3633\" data-end=\"3636\">\u00c9cologique, enti\u00e8rement test\u00e9e et pr\u00eate \u00e0 l&#8217;installation.<\/p>\n","protected":false},"featured_media":101409,"comment_status":"open","ping_status":"closed","template":"","meta":{"_et_pb_use_builder":"","_et_pb_old_content":"","_et_gb_content_width":""},"product_brand":[],"product_cat":[82],"product_tag":[],"class_list":{"0":"post-101404","1":"product","2":"type-product","3":"status-publish","4":"has-post-thumbnail","6":"product_cat-pieces-de-suspension-abc","8":"first","9":"instock","10":"taxable","11":"shipping-taxable","12":"purchasable","13":"product-type-simple"},"yoast_head":"<!-- This site is optimized with the Yoast SEO plugin v25.3 - https:\/\/yoast.com\/wordpress\/plugins\/seo\/ -->\n<title>Pompe ABC Mercedes W220 | reconditionn\u00e9e | OEM A0024666001<\/title>\n<meta name=\"description\" content=\"Pompe ABC reconditionn\u00e9e pour Mercedes W220 C215. OEM A0024666001. \u00c9cologique, test\u00e9e, garantie 12 mois. Exp\u00e9dition rapide dans l&#039;UE.\" \/>\n<meta name=\"robots\" content=\"index, follow, max-snippet:-1, max-image-preview:large, max-video-preview:-1\" \/>\n<link rel=\"canonical\" href=\"https:\/\/motoqube.com\/fr\/product\/pompe-tandem-hydraulique-abc-reconditionnee-pour-mercedes-w220-c215-oem-a0024666001\/\" \/>\n<meta property=\"og:locale\" content=\"fr_FR\" \/>\n<meta property=\"og:type\" content=\"article\" \/>\n<meta property=\"og:title\" content=\"Pompe ABC Mercedes W220 | reconditionn\u00e9e | OEM A0024666001\" \/>\n<meta property=\"og:description\" content=\"Pompe ABC reconditionn\u00e9e pour Mercedes W220 C215. OEM A0024666001. \u00c9cologique, test\u00e9e, garantie 12 mois. Exp\u00e9dition rapide dans l&#039;UE.\" \/>\n<meta property=\"og:url\" content=\"https:\/\/motoqube.com\/fr\/product\/pompe-tandem-hydraulique-abc-reconditionnee-pour-mercedes-w220-c215-oem-a0024666001\/\" \/>\n<meta property=\"og:site_name\" content=\"Reconditioned Auto parts Worldwide - Motoqube\" \/>\n<meta property=\"og:image\" content=\"https:\/\/motoqube.com\/wp-content\/uploads\/2025\/05\/abc1b.png\" \/>\n\t<meta property=\"og:image:width\" content=\"1700\" \/>\n\t<meta property=\"og:image:height\" content=\"1920\" \/>\n\t<meta property=\"og:image:type\" content=\"image\/png\" \/>\n<meta name=\"twitter:card\" content=\"summary_large_image\" \/>\n<meta name=\"twitter:label1\" content=\"Dur\u00e9e de lecture estim\u00e9e\" \/>\n\t<meta name=\"twitter:data1\" content=\"2 minutes\" \/>\n<script type=\"application\/ld+json\" class=\"yoast-schema-graph\">{\"@context\":\"https:\/\/schema.org\",\"@graph\":[{\"@type\":\"WebPage\",\"@id\":\"https:\/\/motoqube.com\/fr\/product\/pompe-tandem-hydraulique-abc-reconditionnee-pour-mercedes-w220-c215-oem-a0024666001\/\",\"url\":\"https:\/\/motoqube.com\/fr\/product\/pompe-tandem-hydraulique-abc-reconditionnee-pour-mercedes-w220-c215-oem-a0024666001\/\",\"name\":\"Pompe ABC Mercedes W220 | reconditionn\u00e9e | OEM A0024666001\",\"isPartOf\":{\"@id\":\"https:\/\/motoqube.com\/fr\/#website\"},\"primaryImageOfPage\":{\"@id\":\"https:\/\/motoqube.com\/fr\/product\/pompe-tandem-hydraulique-abc-reconditionnee-pour-mercedes-w220-c215-oem-a0024666001\/#primaryimage\"},\"image\":{\"@id\":\"https:\/\/motoqube.com\/fr\/product\/pompe-tandem-hydraulique-abc-reconditionnee-pour-mercedes-w220-c215-oem-a0024666001\/#primaryimage\"},\"thumbnailUrl\":\"https:\/\/motoqube.com\/wp-content\/uploads\/2025\/05\/abc1b.png\",\"datePublished\":\"2025-05-23T12:08:16+00:00\",\"description\":\"Pompe ABC reconditionn\u00e9e pour Mercedes W220 C215. OEM A0024666001. \u00c9cologique, test\u00e9e, garantie 12 mois. Exp\u00e9dition rapide dans l'UE.\",\"breadcrumb\":{\"@id\":\"https:\/\/motoqube.com\/fr\/product\/pompe-tandem-hydraulique-abc-reconditionnee-pour-mercedes-w220-c215-oem-a0024666001\/#breadcrumb\"},\"inLanguage\":\"fr-FR\",\"potentialAction\":[{\"@type\":\"ReadAction\",\"target\":[\"https:\/\/motoqube.com\/fr\/product\/pompe-tandem-hydraulique-abc-reconditionnee-pour-mercedes-w220-c215-oem-a0024666001\/\"]}]},{\"@type\":\"ImageObject\",\"inLanguage\":\"fr-FR\",\"@id\":\"https:\/\/motoqube.com\/fr\/product\/pompe-tandem-hydraulique-abc-reconditionnee-pour-mercedes-w220-c215-oem-a0024666001\/#primaryimage\",\"url\":\"https:\/\/motoqube.com\/wp-content\/uploads\/2025\/05\/abc1b.png\",\"contentUrl\":\"https:\/\/motoqube.com\/wp-content\/uploads\/2025\/05\/abc1b.png\",\"width\":1700,\"height\":1920,\"caption\":\"Refurbished ABC tandem hydraulic pump for Mercedes W220 \/ C215 \u2013 OEM A0024666001\"},{\"@type\":\"BreadcrumbList\",\"@id\":\"https:\/\/motoqube.com\/fr\/product\/pompe-tandem-hydraulique-abc-reconditionnee-pour-mercedes-w220-c215-oem-a0024666001\/#breadcrumb\",\"itemListElement\":[{\"@type\":\"ListItem\",\"position\":1,\"name\":\"Home\",\"item\":\"https:\/\/motoqube.com\/fr\/accueil\/\"},{\"@type\":\"ListItem\",\"position\":2,\"name\":\"Produits\",\"item\":\"https:\/\/motoqube.com\/fr\/shop\/\"},{\"@type\":\"ListItem\",\"position\":3,\"name\":\"Pompe tandem hydraulique ABC reconditionn\u00e9e pour Mercedes W220 \/ C215 \u2013 OEM A0024666001\"}]},{\"@type\":\"WebSite\",\"@id\":\"https:\/\/motoqube.com\/fr\/#website\",\"url\":\"https:\/\/motoqube.com\/fr\/\",\"name\":\"Reconditioned Auto parts Worldwide - Motoqube\",\"description\":\"Connecting Automotive Businesses Across the Globe.\",\"publisher\":{\"@id\":\"https:\/\/motoqube.com\/fr\/#organization\"},\"potentialAction\":[{\"@type\":\"SearchAction\",\"target\":{\"@type\":\"EntryPoint\",\"urlTemplate\":\"https:\/\/motoqube.com\/fr\/?s={search_term_string}\"},\"query-input\":{\"@type\":\"PropertyValueSpecification\",\"valueRequired\":true,\"valueName\":\"search_term_string\"}}],\"inLanguage\":\"fr-FR\"},{\"@type\":\"Organization\",\"@id\":\"https:\/\/motoqube.com\/fr\/#organization\",\"name\":\"Reconditioned Auto parts Worldwide - Motoqube\",\"url\":\"https:\/\/motoqube.com\/fr\/\",\"logo\":{\"@type\":\"ImageObject\",\"inLanguage\":\"fr-FR\",\"@id\":\"https:\/\/motoqube.com\/fr\/#\/schema\/logo\/image\/\",\"url\":\"https:\/\/motoqube.com\/wp-content\/uploads\/2025\/06\/MOTOQUBE-5-1.png\",\"contentUrl\":\"https:\/\/motoqube.com\/wp-content\/uploads\/2025\/06\/MOTOQUBE-5-1.png\",\"width\":500,\"height\":500,\"caption\":\"Reconditioned Auto parts Worldwide - Motoqube\"},\"image\":{\"@id\":\"https:\/\/motoqube.com\/fr\/#\/schema\/logo\/image\/\"}}]}<\/script>\n<!-- \/ Yoast SEO plugin. -->","yoast_head_json":{"title":"Pompe ABC Mercedes W220 | reconditionn\u00e9e | OEM A0024666001","description":"Pompe ABC reconditionn\u00e9e pour Mercedes W220 C215. OEM A0024666001. \u00c9cologique, test\u00e9e, garantie 12 mois. Exp\u00e9dition rapide dans l'UE.","robots":{"index":"index","follow":"follow","max-snippet":"max-snippet:-1","max-image-preview":"max-image-preview:large","max-video-preview":"max-video-preview:-1"},"canonical":"https:\/\/motoqube.com\/fr\/product\/pompe-tandem-hydraulique-abc-reconditionnee-pour-mercedes-w220-c215-oem-a0024666001\/","og_locale":"fr_FR","og_type":"article","og_title":"Pompe ABC Mercedes W220 | reconditionn\u00e9e | OEM A0024666001","og_description":"Pompe ABC reconditionn\u00e9e pour Mercedes W220 C215. OEM A0024666001. \u00c9cologique, test\u00e9e, garantie 12 mois. Exp\u00e9dition rapide dans l'UE.","og_url":"https:\/\/motoqube.com\/fr\/product\/pompe-tandem-hydraulique-abc-reconditionnee-pour-mercedes-w220-c215-oem-a0024666001\/","og_site_name":"Reconditioned Auto parts Worldwide - Motoqube","og_image":[{"width":1700,"height":1920,"url":"https:\/\/motoqube.com\/wp-content\/uploads\/2025\/05\/abc1b.png","type":"image\/png"}],"twitter_card":"summary_large_image","twitter_misc":{"Dur\u00e9e de lecture estim\u00e9e":"2 minutes"},"schema":{"@context":"https:\/\/schema.org","@graph":[{"@type":"WebPage","@id":"https:\/\/motoqube.com\/fr\/product\/pompe-tandem-hydraulique-abc-reconditionnee-pour-mercedes-w220-c215-oem-a0024666001\/","url":"https:\/\/motoqube.com\/fr\/product\/pompe-tandem-hydraulique-abc-reconditionnee-pour-mercedes-w220-c215-oem-a0024666001\/","name":"Pompe ABC Mercedes W220 | reconditionn\u00e9e | OEM A0024666001","isPartOf":{"@id":"https:\/\/motoqube.com\/fr\/#website"},"primaryImageOfPage":{"@id":"https:\/\/motoqube.com\/fr\/product\/pompe-tandem-hydraulique-abc-reconditionnee-pour-mercedes-w220-c215-oem-a0024666001\/#primaryimage"},"image":{"@id":"https:\/\/motoqube.com\/fr\/product\/pompe-tandem-hydraulique-abc-reconditionnee-pour-mercedes-w220-c215-oem-a0024666001\/#primaryimage"},"thumbnailUrl":"https:\/\/motoqube.com\/wp-content\/uploads\/2025\/05\/abc1b.png","datePublished":"2025-05-23T12:08:16+00:00","description":"Pompe ABC reconditionn\u00e9e pour Mercedes W220 C215. OEM A0024666001. \u00c9cologique, test\u00e9e, garantie 12 mois. Exp\u00e9dition rapide dans l'UE.","breadcrumb":{"@id":"https:\/\/motoqube.com\/fr\/product\/pompe-tandem-hydraulique-abc-reconditionnee-pour-mercedes-w220-c215-oem-a0024666001\/#breadcrumb"},"inLanguage":"fr-FR","potentialAction":[{"@type":"ReadAction","target":["https:\/\/motoqube.com\/fr\/product\/pompe-tandem-hydraulique-abc-reconditionnee-pour-mercedes-w220-c215-oem-a0024666001\/"]}]},{"@type":"ImageObject","inLanguage":"fr-FR","@id":"https:\/\/motoqube.com\/fr\/product\/pompe-tandem-hydraulique-abc-reconditionnee-pour-mercedes-w220-c215-oem-a0024666001\/#primaryimage","url":"https:\/\/motoqube.com\/wp-content\/uploads\/2025\/05\/abc1b.png","contentUrl":"https:\/\/motoqube.com\/wp-content\/uploads\/2025\/05\/abc1b.png","width":1700,"height":1920,"caption":"Refurbished ABC tandem hydraulic pump for Mercedes W220 \/ C215 \u2013 OEM A0024666001"},{"@type":"BreadcrumbList","@id":"https:\/\/motoqube.com\/fr\/product\/pompe-tandem-hydraulique-abc-reconditionnee-pour-mercedes-w220-c215-oem-a0024666001\/#breadcrumb","itemListElement":[{"@type":"ListItem","position":1,"name":"Home","item":"https:\/\/motoqube.com\/fr\/accueil\/"},{"@type":"ListItem","position":2,"name":"Produits","item":"https:\/\/motoqube.com\/fr\/shop\/"},{"@type":"ListItem","position":3,"name":"Pompe tandem hydraulique ABC reconditionn\u00e9e pour Mercedes W220 \/ C215 \u2013 OEM A0024666001"}]},{"@type":"WebSite","@id":"https:\/\/motoqube.com\/fr\/#website","url":"https:\/\/motoqube.com\/fr\/","name":"Reconditioned Auto parts Worldwide - Motoqube","description":"Connecting Automotive Businesses Across the Globe.","publisher":{"@id":"https:\/\/motoqube.com\/fr\/#organization"},"potentialAction":[{"@type":"SearchAction","target":{"@type":"EntryPoint","urlTemplate":"https:\/\/motoqube.com\/fr\/?s={search_term_string}"},"query-input":{"@type":"PropertyValueSpecification","valueRequired":true,"valueName":"search_term_string"}}],"inLanguage":"fr-FR"},{"@type":"Organization","@id":"https:\/\/motoqube.com\/fr\/#organization","name":"Reconditioned Auto parts Worldwide - Motoqube","url":"https:\/\/motoqube.com\/fr\/","logo":{"@type":"ImageObject","inLanguage":"fr-FR","@id":"https:\/\/motoqube.com\/fr\/#\/schema\/logo\/image\/","url":"https:\/\/motoqube.com\/wp-content\/uploads\/2025\/06\/MOTOQUBE-5-1.png","contentUrl":"https:\/\/motoqube.com\/wp-content\/uploads\/2025\/06\/MOTOQUBE-5-1.png","width":500,"height":500,"caption":"Reconditioned Auto parts Worldwide - Motoqube"},"image":{"@id":"https:\/\/motoqube.com\/fr\/#\/schema\/logo\/image\/"}}]}},"_links":{"self":[{"href":"https:\/\/motoqube.com\/fr\/wp-json\/wp\/v2\/product\/101404","targetHints":{"allow":["GET"]}}],"collection":[{"href":"https:\/\/motoqube.com\/fr\/wp-json\/wp\/v2\/product"}],"about":[{"href":"https:\/\/motoqube.com\/fr\/wp-json\/wp\/v2\/types\/product"}],"replies":[{"embeddable":true,"href":"https:\/\/motoqube.com\/fr\/wp-json\/wp\/v2\/comments?post=101404"}],"wp:featuredmedia":[{"embeddable":true,"href":"https:\/\/motoqube.com\/fr\/wp-json\/wp\/v2\/media\/101409"}],"wp:attachment":[{"href":"https:\/\/motoqube.com\/fr\/wp-json\/wp\/v2\/media?parent=101404"}],"wp:term":[{"taxonomy":"product_brand","embeddable":true,"href":"https:\/\/motoqube.com\/fr\/wp-json\/wp\/v2\/product_brand?post=101404"},{"taxonomy":"product_cat","embeddable":true,"href":"https:\/\/motoqube.com\/fr\/wp-json\/wp\/v2\/product_cat?post=101404"},{"taxonomy":"product_tag","embeddable":true,"href":"https:\/\/motoqube.com\/fr\/wp-json\/wp\/v2\/product_tag?post=101404"}],"curies":[{"name":"wp","href":"https:\/\/api.w.org\/{rel}","templated":true}]}}