{"id":101460,"date":"2021-07-06T05:51:07","date_gmt":"2021-07-06T03:51:07","guid":{"rendered":"https:\/\/motoqube.com\/product\/pompe-a-carburant-haute-pression-reconditionnee-pour-mercedes-1-8-cgi-oem-a2710702201\/"},"modified":"2021-07-06T05:51:07","modified_gmt":"2021-07-06T03:51:07","slug":"pompe-a-carburant-haute-pression-reconditionnee-pour-mercedes-1-8-cgi-oem-a2710702201","status":"publish","type":"product","link":"https:\/\/motoqube.com\/fr\/product\/pompe-a-carburant-haute-pression-reconditionnee-pour-mercedes-1-8-cgi-oem-a2710702201\/","title":{"rendered":"Pompe \u00e0 carburant haute pression reconditionn\u00e9e pour Mercedes 1.8 CGI \u2013 OEM A2710702201"},"content":{"rendered":"<h1 data-start=\"177\" data-end=\"239\">\ud83d\udd27 Pompe \u00e0 carburant haute pression reconditionn\u00e9e pour Mercedes 1.8 CGI \u2013 OEM A2710702201<\/h1>\n<p data-start=\"1076\" data-end=\"1385\">Restaurez les performances de votre <strong data-start=\"1108\" data-end=\"1140\">moteur Mercedes-Benz 1.8 CGI<\/strong> avec cette <strong data-start=\"1151\" data-end=\"1194\">pompe \u00e0 carburant haute pression OEM reconditionn\u00e9e<\/strong>. Enti\u00e8rement test\u00e9e et reconstruite par un technicien qualifi\u00e9, cette unit\u00e9 offre des performances \u00e9quivalentes \u00e0 une pi\u00e8ce neuve \u2014 \u00e0 un co\u00fbt nettement inf\u00e9rieur et avec une empreinte environnementale r\u00e9duite. <\/p>\n<p data-start=\"1387\" data-end=\"1538\">Chaque pompe est <strong data-start=\"1400\" data-end=\"1446\">d\u00e9mont\u00e9e, nettoy\u00e9e, reconstruite et test\u00e9e<\/strong> avec des composants de haute qualit\u00e9 pour garantir une <strong data-start=\"1485\" data-end=\"1509\">fiabilit\u00e9 aux normes OEM<\/strong> et des performances optimales du syst\u00e8me d&#8217;alimentation.<\/p>\n<hr data-start=\"1540\" data-end=\"1543\">\n<h3 data-start=\"1545\" data-end=\"1592\">\u2705 <strong data-start=\"1551\" data-end=\"1592\">pourquoi choisir notre pompe \u00e0 carburant reconditionn\u00e9e ?<\/strong><\/h3>\n<ul data-start=\"1594\" data-end=\"1946\">\n<li data-start=\"1594\" data-end=\"1652\">\n<p data-start=\"1596\" data-end=\"1652\">\ud83d\udee0\ufe0f <strong data-start=\"1600\" data-end=\"1621\">Pi\u00e8ce OEM d&#8217;origine<\/strong> \u2013 pas une r\u00e9plique apr\u00e8s-vente<\/p>\n<\/li>\n<li data-start=\"1653\" data-end=\"1719\">\n<p data-start=\"1655\" data-end=\"1719\">\u267b\ufe0f <strong data-start=\"1658\" data-end=\"1682\">Solution durable<\/strong> \u2013 r\u00e9duit les d\u00e9chets et l&#8217;utilisation de mat\u00e9riaux<\/p>\n<\/li>\n<li data-start=\"1720\" data-end=\"1770\">\n<p data-start=\"1722\" data-end=\"1770\">\u2699\ufe0f <strong data-start=\"1725\" data-end=\"1768\">Enti\u00e8rement test\u00e9e en conditions r\u00e9elles<\/strong><\/p>\n<\/li>\n<li data-start=\"1771\" data-end=\"1838\">\n<p data-start=\"1773\" data-end=\"1838\">\ud83e\uddf0 <strong data-start=\"1776\" data-end=\"1808\">Composants critiques remplac\u00e9s<\/strong> \u2013 joints, soupapes, pi\u00e8ces d&#8217;usure<\/p>\n<\/li>\n<li data-start=\"1894\" data-end=\"1946\">\n<p data-start=\"1896\" data-end=\"1946\">\ud83d\udee1\ufe0f <strong data-start=\"1900\" data-end=\"1921\">Garantie 12 mois<\/strong> \u2013 performances garanties<\/p>\n<\/li>\n<\/ul>\n<hr data-start=\"1948\" data-end=\"1951\">\n<h3 data-start=\"1953\" data-end=\"2011\">\ud83d\udccc <strong data-start=\"1960\" data-end=\"2011\">compatibilit\u00e9 v\u00e9hicules (Mercedes 1.8 CGI essence)<\/strong><\/h3>\n<p data-start=\"2013\" data-end=\"2031\"><strong data-start=\"2013\" data-end=\"2031\">Mercedes-benz :<\/strong><\/p>\n<ul data-start=\"2032\" data-end=\"2120\">\n<li data-start=\"2032\" data-end=\"2054\">\n<p data-start=\"2034\" data-end=\"2054\"><strong data-start=\"2034\" data-end=\"2052\">Classe C (W204)<\/strong><\/p>\n<\/li>\n<li data-start=\"2055\" data-end=\"2083\">\n<p data-start=\"2057\" data-end=\"2083\"><strong data-start=\"2057\" data-end=\"2081\">Classe E Berline (W212)<\/strong><\/p>\n<\/li>\n<li data-start=\"2084\" data-end=\"2120\">\n<p data-start=\"2086\" data-end=\"2120\"><strong data-start=\"2086\" data-end=\"2120\">Classe E Coup\u00e9\/Cabriolet (W207)<\/strong><\/p>\n<\/li>\n<\/ul>\n<p data-start=\"2122\" data-end=\"2208\">\u2139\ufe0f Veuillez v\u00e9rifier la compatibilit\u00e9 via le num\u00e9ro OEM ou contactez votre m\u00e9canicien avant de commander.<\/p>\n<hr data-start=\"2210\" data-end=\"2213\">\n<h3 data-start=\"2215\" data-end=\"2254\">\ud83d\udd0d <strong data-start=\"2222\" data-end=\"2254\">Num\u00e9ros de pi\u00e8ces OEM (r\u00e9f\u00e9rence)<\/strong><\/h3>\n<ul data-start=\"2256\" data-end=\"2383\">\n<li data-start=\"2256\" data-end=\"2289\">\n<p data-start=\"2258\" data-end=\"2289\"><strong data-start=\"2258\" data-end=\"2273\">A2710702201<\/strong> (OEM Principal)<\/p>\n<\/li>\n<li data-start=\"2290\" data-end=\"2305\">\n<p data-start=\"2292\" data-end=\"2305\">A2710703701<\/p>\n<\/li>\n<li data-start=\"2306\" data-end=\"2321\">\n<p data-start=\"2308\" data-end=\"2321\">A2710703501<\/p>\n<\/li>\n<li data-start=\"2322\" data-end=\"2337\">\n<p data-start=\"2324\" data-end=\"2337\">A2710702001<\/p>\n<\/li>\n<li data-start=\"2338\" data-end=\"2353\">\n<p data-start=\"2340\" data-end=\"2353\">A2710701901<\/p>\n<\/li>\n<li data-start=\"2354\" data-end=\"2369\">\n<p data-start=\"2356\" data-end=\"2369\">A2710701701<\/p>\n<\/li>\n<li data-start=\"2370\" data-end=\"2383\">\n<p data-start=\"2372\" data-end=\"2383\">A2710701501<\/p>\n<\/li>\n<\/ul>\n<hr data-start=\"2385\" data-end=\"2388\">\n<h3 data-start=\"2390\" data-end=\"2431\">\ud83d\udcb6 <strong data-start=\"2397\" data-end=\"2431\">consigne \u2013 150 \u20ac remboursables<\/strong><\/h3>\n<p data-start=\"2433\" data-end=\"2579\">Ce produit n\u00e9cessite une <strong data-start=\"2457\" data-end=\"2489\">consigne remboursable de 150 \u20ac<\/strong>. Cela aide \u00e0 promouvoir la durabilit\u00e9 en maintenant les pi\u00e8ces d&#8217;origine de haute qualit\u00e9 en circulation. <\/p>\n<h4 data-start=\"2581\" data-end=\"2599\">Comment \u00e7a fonctionne :<\/h4>\n<ol data-start=\"2600\" data-end=\"2874\">\n<li data-start=\"2600\" data-end=\"2703\">\n<p data-start=\"2603\" data-end=\"2703\">Apr\u00e8s votre achat, nous envoyons les instructions pour payer la <strong data-start=\"2656\" data-end=\"2672\">consigne de 150 \u20ac<\/strong> via PayPal ou virement bancaire.<\/p>\n<\/li>\n<li data-start=\"2704\" data-end=\"2743\">\n<p data-start=\"2707\" data-end=\"2743\">Nous exp\u00e9dions la pompe \u00e0 carburant reconditionn\u00e9e.<\/p>\n<\/li>\n<li data-start=\"2744\" data-end=\"2807\">\n<p data-start=\"2747\" data-end=\"2807\">Vous retournez votre ancienne unit\u00e9 (doit \u00eatre compl\u00e8te et non endommag\u00e9e).<\/p>\n<\/li>\n<li data-start=\"2808\" data-end=\"2874\">\n<p data-start=\"2811\" data-end=\"2874\"><strong data-start=\"2811\" data-end=\"2859\">Le remboursement est trait\u00e9 sous 3 \u00e0 5 jours ouvrables<\/strong> apr\u00e8s inspection.<\/p>\n<\/li>\n<\/ol>\n<p data-start=\"2876\" data-end=\"2889\">\u2705 Conditions :<\/p>\n<ul data-start=\"2890\" data-end=\"3006\">\n<li data-start=\"2890\" data-end=\"2975\">\n<p data-start=\"2892\" data-end=\"2975\">L&#8217;unit\u00e9 doit \u00eatre compl\u00e8te et exempte de fissures, de connecteurs cass\u00e9s ou de forte corrosion<\/p>\n<\/li>\n<li data-start=\"2976\" data-end=\"3006\">\n<p data-start=\"2978\" data-end=\"3006\">L&#8217;acheteur prend en charge les frais de retour<\/p>\n<\/li>\n<\/ul>\n<hr data-start=\"3008\" data-end=\"3011\">\n<h3 data-start=\"3013\" data-end=\"3048\">\ud83d\udee0\ufe0f <strong data-start=\"3021\" data-end=\"3048\">installation et garantie<\/strong><\/h3>\n<ul data-start=\"3050\" data-end=\"3216\">\n<li data-start=\"3050\" data-end=\"3098\">\n<p data-start=\"3052\" data-end=\"3098\">\ud83d\udd27 <strong data-start=\"3055\" data-end=\"3096\">Installation professionnelle recommand\u00e9e<\/strong><\/p>\n<\/li>\n<li data-start=\"3099\" data-end=\"3159\">\n<p data-start=\"3101\" data-end=\"3159\">\ud83d\udeab Une installation incorrecte ou une contamination annule la garantie<\/p>\n<\/li>\n<li data-start=\"3160\" data-end=\"3216\">\n<p data-start=\"3162\" data-end=\"3216\">\ud83d\udee1\ufe0f Garantie de 12 mois valable uniquement si correctement install\u00e9e<\/p>\n<\/li>\n<\/ul>\n","protected":false},"excerpt":{"rendered":"<p><strong data-start=\"83\" data-end=\"175\">Pompe \u00e0 carburant reconditionn\u00e9e de haute qualit\u00e9 pour moteurs Mercedes-Benz 1.8 CGI (W204, W207, W212).<\/strong><br data-start=\"175\" data-end=\"178\">R\u00e9f\u00e9rence d&#8217;origine : A2710702201.<br data-start=\"212\" data-end=\"215\" data-is-only-node=\"\">Enti\u00e8rement nettoy\u00e9e, test\u00e9e et restaur\u00e9e selon les sp\u00e9cifications OEM. \u00c9cologique et pr\u00eate \u00e0 l&#8217;installation. <\/p>\n","protected":false},"featured_media":101461,"comment_status":"open","ping_status":"closed","template":"","meta":{"_et_pb_use_builder":"","_et_pb_old_content":"","_et_gb_content_width":""},"product_brand":[],"product_cat":[81],"product_tag":[],"class_list":{"0":"post-101460","1":"product","2":"type-product","3":"status-publish","4":"has-post-thumbnail","6":"product_cat-pompes-a-carburant","8":"first","9":"instock","10":"taxable","11":"shipping-taxable","12":"purchasable","13":"product-type-simple"},"yoast_head":"<!-- This site is optimized with the Yoast SEO plugin v25.3 - https:\/\/yoast.com\/wordpress\/plugins\/seo\/ -->\n<title>Pompe carburant Mercedes A2710702201 reconditionn\u00e9e<\/title>\n<meta name=\"description\" content=\"Pompe Mercedes A2710702201 reconditionn\u00e9e pour 1.8 CGI. Garantie 12 mois\" \/>\n<meta name=\"robots\" content=\"index, follow, max-snippet:-1, max-image-preview:large, max-video-preview:-1\" \/>\n<link rel=\"canonical\" href=\"https:\/\/motoqube.com\/fr\/product\/pompe-a-carburant-haute-pression-reconditionnee-pour-mercedes-1-8-cgi-oem-a2710702201\/\" \/>\n<meta property=\"og:locale\" content=\"fr_FR\" \/>\n<meta property=\"og:type\" content=\"article\" \/>\n<meta property=\"og:title\" content=\"Pompe carburant Mercedes A2710702201 reconditionn\u00e9e\" \/>\n<meta property=\"og:description\" content=\"Pompe Mercedes A2710702201 reconditionn\u00e9e pour 1.8 CGI. Garantie 12 mois\" \/>\n<meta property=\"og:url\" content=\"https:\/\/motoqube.com\/fr\/product\/pompe-a-carburant-haute-pression-reconditionnee-pour-mercedes-1-8-cgi-oem-a2710702201\/\" \/>\n<meta property=\"og:site_name\" content=\"Reconditioned Auto parts Worldwide - Motoqube\" \/>\n<meta property=\"og:image\" content=\"https:\/\/motoqube.com\/wp-content\/uploads\/2021\/07\/pp04a.png\" \/>\n\t<meta property=\"og:image:width\" content=\"1920\" \/>\n\t<meta property=\"og:image:height\" content=\"1655\" \/>\n\t<meta property=\"og:image:type\" content=\"image\/png\" \/>\n<meta name=\"twitter:card\" content=\"summary_large_image\" \/>\n<meta name=\"twitter:label1\" content=\"Dur\u00e9e de lecture estim\u00e9e\" \/>\n\t<meta name=\"twitter:data1\" content=\"2 minutes\" \/>\n<script type=\"application\/ld+json\" class=\"yoast-schema-graph\">{\"@context\":\"https:\/\/schema.org\",\"@graph\":[{\"@type\":\"WebPage\",\"@id\":\"https:\/\/motoqube.com\/fr\/product\/pompe-a-carburant-haute-pression-reconditionnee-pour-mercedes-1-8-cgi-oem-a2710702201\/\",\"url\":\"https:\/\/motoqube.com\/fr\/product\/pompe-a-carburant-haute-pression-reconditionnee-pour-mercedes-1-8-cgi-oem-a2710702201\/\",\"name\":\"Pompe carburant Mercedes A2710702201 reconditionn\u00e9e\",\"isPartOf\":{\"@id\":\"https:\/\/motoqube.com\/fr\/#website\"},\"primaryImageOfPage\":{\"@id\":\"https:\/\/motoqube.com\/fr\/product\/pompe-a-carburant-haute-pression-reconditionnee-pour-mercedes-1-8-cgi-oem-a2710702201\/#primaryimage\"},\"image\":{\"@id\":\"https:\/\/motoqube.com\/fr\/product\/pompe-a-carburant-haute-pression-reconditionnee-pour-mercedes-1-8-cgi-oem-a2710702201\/#primaryimage\"},\"thumbnailUrl\":\"https:\/\/motoqube.com\/wp-content\/uploads\/2021\/07\/pp04a.png\",\"datePublished\":\"2021-07-06T03:51:07+00:00\",\"description\":\"Pompe Mercedes A2710702201 reconditionn\u00e9e pour 1.8 CGI. Garantie 12 mois\",\"breadcrumb\":{\"@id\":\"https:\/\/motoqube.com\/fr\/product\/pompe-a-carburant-haute-pression-reconditionnee-pour-mercedes-1-8-cgi-oem-a2710702201\/#breadcrumb\"},\"inLanguage\":\"fr-FR\",\"potentialAction\":[{\"@type\":\"ReadAction\",\"target\":[\"https:\/\/motoqube.com\/fr\/product\/pompe-a-carburant-haute-pression-reconditionnee-pour-mercedes-1-8-cgi-oem-a2710702201\/\"]}]},{\"@type\":\"ImageObject\",\"inLanguage\":\"fr-FR\",\"@id\":\"https:\/\/motoqube.com\/fr\/product\/pompe-a-carburant-haute-pression-reconditionnee-pour-mercedes-1-8-cgi-oem-a2710702201\/#primaryimage\",\"url\":\"https:\/\/motoqube.com\/wp-content\/uploads\/2021\/07\/pp04a.png\",\"contentUrl\":\"https:\/\/motoqube.com\/wp-content\/uploads\/2021\/07\/pp04a.png\",\"width\":1920,\"height\":1655,\"caption\":\"Refurbished Mercedes fuel pump A2710702201 for 1.8 CGI engines\"},{\"@type\":\"BreadcrumbList\",\"@id\":\"https:\/\/motoqube.com\/fr\/product\/pompe-a-carburant-haute-pression-reconditionnee-pour-mercedes-1-8-cgi-oem-a2710702201\/#breadcrumb\",\"itemListElement\":[{\"@type\":\"ListItem\",\"position\":1,\"name\":\"Home\",\"item\":\"https:\/\/motoqube.com\/fr\/accueil\/\"},{\"@type\":\"ListItem\",\"position\":2,\"name\":\"Produits\",\"item\":\"https:\/\/motoqube.com\/fr\/shop\/\"},{\"@type\":\"ListItem\",\"position\":3,\"name\":\"Pompe \u00e0 carburant haute pression reconditionn\u00e9e pour Mercedes 1.8 CGI \u2013 OEM A2710702201\"}]},{\"@type\":\"WebSite\",\"@id\":\"https:\/\/motoqube.com\/fr\/#website\",\"url\":\"https:\/\/motoqube.com\/fr\/\",\"name\":\"Reconditioned Auto parts Worldwide - Motoqube\",\"description\":\"Connecting Automotive Businesses Across the Globe.\",\"publisher\":{\"@id\":\"https:\/\/motoqube.com\/fr\/#organization\"},\"potentialAction\":[{\"@type\":\"SearchAction\",\"target\":{\"@type\":\"EntryPoint\",\"urlTemplate\":\"https:\/\/motoqube.com\/fr\/?s={search_term_string}\"},\"query-input\":{\"@type\":\"PropertyValueSpecification\",\"valueRequired\":true,\"valueName\":\"search_term_string\"}}],\"inLanguage\":\"fr-FR\"},{\"@type\":\"Organization\",\"@id\":\"https:\/\/motoqube.com\/fr\/#organization\",\"name\":\"Reconditioned Auto parts Worldwide - Motoqube\",\"url\":\"https:\/\/motoqube.com\/fr\/\",\"logo\":{\"@type\":\"ImageObject\",\"inLanguage\":\"fr-FR\",\"@id\":\"https:\/\/motoqube.com\/fr\/#\/schema\/logo\/image\/\",\"url\":\"https:\/\/motoqube.com\/wp-content\/uploads\/2025\/06\/MOTOQUBE-5-1.png\",\"contentUrl\":\"https:\/\/motoqube.com\/wp-content\/uploads\/2025\/06\/MOTOQUBE-5-1.png\",\"width\":500,\"height\":500,\"caption\":\"Reconditioned Auto parts Worldwide - Motoqube\"},\"image\":{\"@id\":\"https:\/\/motoqube.com\/fr\/#\/schema\/logo\/image\/\"}}]}<\/script>\n<!-- \/ Yoast SEO plugin. -->","yoast_head_json":{"title":"Pompe carburant Mercedes A2710702201 reconditionn\u00e9e","description":"Pompe Mercedes A2710702201 reconditionn\u00e9e pour 1.8 CGI. Garantie 12 mois","robots":{"index":"index","follow":"follow","max-snippet":"max-snippet:-1","max-image-preview":"max-image-preview:large","max-video-preview":"max-video-preview:-1"},"canonical":"https:\/\/motoqube.com\/fr\/product\/pompe-a-carburant-haute-pression-reconditionnee-pour-mercedes-1-8-cgi-oem-a2710702201\/","og_locale":"fr_FR","og_type":"article","og_title":"Pompe carburant Mercedes A2710702201 reconditionn\u00e9e","og_description":"Pompe Mercedes A2710702201 reconditionn\u00e9e pour 1.8 CGI. Garantie 12 mois","og_url":"https:\/\/motoqube.com\/fr\/product\/pompe-a-carburant-haute-pression-reconditionnee-pour-mercedes-1-8-cgi-oem-a2710702201\/","og_site_name":"Reconditioned Auto parts Worldwide - Motoqube","og_image":[{"width":1920,"height":1655,"url":"https:\/\/motoqube.com\/wp-content\/uploads\/2021\/07\/pp04a.png","type":"image\/png"}],"twitter_card":"summary_large_image","twitter_misc":{"Dur\u00e9e de lecture estim\u00e9e":"2 minutes"},"schema":{"@context":"https:\/\/schema.org","@graph":[{"@type":"WebPage","@id":"https:\/\/motoqube.com\/fr\/product\/pompe-a-carburant-haute-pression-reconditionnee-pour-mercedes-1-8-cgi-oem-a2710702201\/","url":"https:\/\/motoqube.com\/fr\/product\/pompe-a-carburant-haute-pression-reconditionnee-pour-mercedes-1-8-cgi-oem-a2710702201\/","name":"Pompe carburant Mercedes A2710702201 reconditionn\u00e9e","isPartOf":{"@id":"https:\/\/motoqube.com\/fr\/#website"},"primaryImageOfPage":{"@id":"https:\/\/motoqube.com\/fr\/product\/pompe-a-carburant-haute-pression-reconditionnee-pour-mercedes-1-8-cgi-oem-a2710702201\/#primaryimage"},"image":{"@id":"https:\/\/motoqube.com\/fr\/product\/pompe-a-carburant-haute-pression-reconditionnee-pour-mercedes-1-8-cgi-oem-a2710702201\/#primaryimage"},"thumbnailUrl":"https:\/\/motoqube.com\/wp-content\/uploads\/2021\/07\/pp04a.png","datePublished":"2021-07-06T03:51:07+00:00","description":"Pompe Mercedes A2710702201 reconditionn\u00e9e pour 1.8 CGI. Garantie 12 mois","breadcrumb":{"@id":"https:\/\/motoqube.com\/fr\/product\/pompe-a-carburant-haute-pression-reconditionnee-pour-mercedes-1-8-cgi-oem-a2710702201\/#breadcrumb"},"inLanguage":"fr-FR","potentialAction":[{"@type":"ReadAction","target":["https:\/\/motoqube.com\/fr\/product\/pompe-a-carburant-haute-pression-reconditionnee-pour-mercedes-1-8-cgi-oem-a2710702201\/"]}]},{"@type":"ImageObject","inLanguage":"fr-FR","@id":"https:\/\/motoqube.com\/fr\/product\/pompe-a-carburant-haute-pression-reconditionnee-pour-mercedes-1-8-cgi-oem-a2710702201\/#primaryimage","url":"https:\/\/motoqube.com\/wp-content\/uploads\/2021\/07\/pp04a.png","contentUrl":"https:\/\/motoqube.com\/wp-content\/uploads\/2021\/07\/pp04a.png","width":1920,"height":1655,"caption":"Refurbished Mercedes fuel pump A2710702201 for 1.8 CGI engines"},{"@type":"BreadcrumbList","@id":"https:\/\/motoqube.com\/fr\/product\/pompe-a-carburant-haute-pression-reconditionnee-pour-mercedes-1-8-cgi-oem-a2710702201\/#breadcrumb","itemListElement":[{"@type":"ListItem","position":1,"name":"Home","item":"https:\/\/motoqube.com\/fr\/accueil\/"},{"@type":"ListItem","position":2,"name":"Produits","item":"https:\/\/motoqube.com\/fr\/shop\/"},{"@type":"ListItem","position":3,"name":"Pompe \u00e0 carburant haute pression reconditionn\u00e9e pour Mercedes 1.8 CGI \u2013 OEM A2710702201"}]},{"@type":"WebSite","@id":"https:\/\/motoqube.com\/fr\/#website","url":"https:\/\/motoqube.com\/fr\/","name":"Reconditioned Auto parts Worldwide - Motoqube","description":"Connecting Automotive Businesses Across the Globe.","publisher":{"@id":"https:\/\/motoqube.com\/fr\/#organization"},"potentialAction":[{"@type":"SearchAction","target":{"@type":"EntryPoint","urlTemplate":"https:\/\/motoqube.com\/fr\/?s={search_term_string}"},"query-input":{"@type":"PropertyValueSpecification","valueRequired":true,"valueName":"search_term_string"}}],"inLanguage":"fr-FR"},{"@type":"Organization","@id":"https:\/\/motoqube.com\/fr\/#organization","name":"Reconditioned Auto parts Worldwide - Motoqube","url":"https:\/\/motoqube.com\/fr\/","logo":{"@type":"ImageObject","inLanguage":"fr-FR","@id":"https:\/\/motoqube.com\/fr\/#\/schema\/logo\/image\/","url":"https:\/\/motoqube.com\/wp-content\/uploads\/2025\/06\/MOTOQUBE-5-1.png","contentUrl":"https:\/\/motoqube.com\/wp-content\/uploads\/2025\/06\/MOTOQUBE-5-1.png","width":500,"height":500,"caption":"Reconditioned Auto parts Worldwide - Motoqube"},"image":{"@id":"https:\/\/motoqube.com\/fr\/#\/schema\/logo\/image\/"}}]}},"_links":{"self":[{"href":"https:\/\/motoqube.com\/fr\/wp-json\/wp\/v2\/product\/101460","targetHints":{"allow":["GET"]}}],"collection":[{"href":"https:\/\/motoqube.com\/fr\/wp-json\/wp\/v2\/product"}],"about":[{"href":"https:\/\/motoqube.com\/fr\/wp-json\/wp\/v2\/types\/product"}],"replies":[{"embeddable":true,"href":"https:\/\/motoqube.com\/fr\/wp-json\/wp\/v2\/comments?post=101460"}],"wp:featuredmedia":[{"embeddable":true,"href":"https:\/\/motoqube.com\/fr\/wp-json\/wp\/v2\/media\/101461"}],"wp:attachment":[{"href":"https:\/\/motoqube.com\/fr\/wp-json\/wp\/v2\/media?parent=101460"}],"wp:term":[{"taxonomy":"product_brand","embeddable":true,"href":"https:\/\/motoqube.com\/fr\/wp-json\/wp\/v2\/product_brand?post=101460"},{"taxonomy":"product_cat","embeddable":true,"href":"https:\/\/motoqube.com\/fr\/wp-json\/wp\/v2\/product_cat?post=101460"},{"taxonomy":"product_tag","embeddable":true,"href":"https:\/\/motoqube.com\/fr\/wp-json\/wp\/v2\/product_tag?post=101460"}],"curies":[{"name":"wp","href":"https:\/\/api.w.org\/{rel}","templated":true}]}}